{"id":767794,"date":"2025-08-28T12:59:34","date_gmt":"2025-08-28T09:59:34","guid":{"rendered":"https:\/\/roveyayinevi.com.tr\/index.php\/urun\/arkadasim-dinozor\/"},"modified":"2026-04-15T03:33:32","modified_gmt":"2026-04-15T00:33:32","slug":"arkadasim-dinozor","status":"publish","type":"product","link":"https:\/\/roveyayinevi.com.tr\/index.php\/urun\/arkadasim-dinozor\/","title":{"rendered":"Arkada\u015f\u0131m Dinozor"},"content":{"rendered":"<p>Luna\u2019n\u0131n can\u0131 \u00e7ok s\u0131k\u0131l\u0131yor. Zaman bir t\u00fcrl\u00fc ge\u00e7mek bilmiyor. Off, beklemek ger\u00e7ekten \u00e7ok zor. Peki Luna neyi bekliyor? Tabii ki e\u011flenceli bir \u015feyler olmas\u0131n\u0131\u2026 Ke\u015fke Luna&#8217;n\u0131n e\u011flenceli oyunlar oynayabilece\u011fi bir arkada\u015f\u0131 olsayd\u0131. Hatta ke\u015fke \u00e7ok sevdi\u011fi dinozorlar h\u00e2l\u00e2 d\u00fcnyada olsayd\u0131lar, kim bilir birlikte ne maceralar ya\u015farlard\u0131. Heeey! Bir dakika! Yoksa\u2026 Belki de Luna bu soruna bir \u00e7\u00f6z\u00fcm bulmu\u015ftur, ne dersin? Haydi Luna\u2019n\u0131n maceras\u0131na kat\u0131l ve sor bakal\u0131m kendine, Luna\u2019n\u0131n yerinde olsayd\u0131n sen ne yapard\u0131n? <\/p>\n","protected":false},"excerpt":{"rendered":"<p>Luna\u2019n\u0131n can\u0131 \u00e7ok s\u0131k\u0131l\u0131yor. Zaman bir t\u00fcrl\u00fc ge\u00e7mek bilmiyor. Off, beklemek ger\u00e7ekten \u00e7ok zor. Peki Luna neyi bekliyor? Tabii ki e\u011flenceli bir \u015feyler olmas\u0131n\u0131\u2026 Ke\u015fke Luna&#8217;n\u0131n<span class=\"excerpt-hellip\"> [\u2026]<\/span><\/p>\n","protected":false},"featured_media":0,"template":"","meta":{"_monsterinsights_skip_tracking":false,"_monsterinsights_sitenote_active":false,"_monsterinsights_sitenote_note":"","_monsterinsights_sitenote_category":0},"product_brand":[],"product_cat":[12274,12284],"product_tag":[],"class_list":{"0":"post-767794","1":"product","2":"type-product","3":"status-publish","5":"product_cat-cocuk-ve-genclik-kitaplari","6":"product_cat-hikayeler","7":"pa_cilt-ciltsiz","8":"pa_tur-kitap","9":"pa_yayinevi-dogan-cocuk","10":"pa_yazar-goktug-canbaba","12":"first","13":"instock","14":"sale","15":"shipping-taxable","16":"purchasable","17":"product-type-simple"},"_links":{"self":[{"href":"https:\/\/roveyayinevi.com.tr\/index.php\/wp-json\/wp\/v2\/product\/767794","targetHints":{"allow":["GET"]}}],"collection":[{"href":"https:\/\/roveyayinevi.com.tr\/index.php\/wp-json\/wp\/v2\/product"}],"about":[{"href":"https:\/\/roveyayinevi.com.tr\/index.php\/wp-json\/wp\/v2\/types\/product"}],"wp:attachment":[{"href":"https:\/\/roveyayinevi.com.tr\/index.php\/wp-json\/wp\/v2\/media?parent=767794"}],"wp:term":[{"taxonomy":"product_brand","embeddable":true,"href":"https:\/\/roveyayinevi.com.tr\/index.php\/wp-json\/wp\/v2\/product_brand?post=767794"},{"taxonomy":"product_cat","embeddable":true,"href":"https:\/\/roveyayinevi.com.tr\/index.php\/wp-json\/wp\/v2\/product_cat?post=767794"},{"taxonomy":"product_tag","embeddable":true,"href":"https:\/\/roveyayinevi.com.tr\/index.php\/wp-json\/wp\/v2\/product_tag?post=767794"}],"curies":[{"name":"wp","href":"https:\/\/api.w.org\/{rel}","templated":true}]}}