{"id":767793,"date":"2025-08-28T12:59:32","date_gmt":"2025-08-28T09:59:32","guid":{"rendered":"https:\/\/roveyayinevi.com.tr\/index.php\/urun\/jane-austen\/"},"modified":"2026-04-15T03:33:32","modified_gmt":"2026-04-15T00:33:32","slug":"jane-austen","status":"publish","type":"product","link":"https:\/\/roveyayinevi.com.tr\/index.php\/urun\/jane-austen\/","title":{"rendered":"Jane Austen"},"content":{"rendered":"<p>\u00dcnl\u00fc \u0130ngiliz yazar Jane Austen (1775-1817), babas\u0131n\u0131n papazl\u0131k g\u00f6revi nedeniyle bulundu\u011fu bir \u0130ngiliz ta\u015fra kasabas\u0131nda, m\u00fctevaz\u0131 ve kalabal\u0131k bir evde b\u00fcy\u00fcd\u00fc. Babas\u0131yla annesinin kitaplara, \u015fiire ve edebiyata d\u00fc\u015fk\u00fcnl\u00fc\u011f\u00fc, ailenin hemen t\u00fcm bireylerine etki edecek, kom\u015fu ve akrabalar\u0131 toplay\u0131p kendi yazd\u0131klar\u0131 k\u00fc\u00e7\u00fck tiyatro temsillerini sunanlar, hep Austen karde\u015fler aras\u0131ndan \u00e7\u0131kacakt\u0131. Ancak ailenin as\u0131l yazar\u0131n\u0131n temsiller kaleme alan, \u015fiirler yazan, \u00fcniversitede okuyan a\u011fabeyleri de\u011fil, k\u00fc\u00e7\u00fck karde\u015f Jane oldu\u011fu gen\u00e7lik y\u0131llar\u0131nda anla\u015f\u0131lacakt\u0131. Ba\u015f\u0131ndan birka\u00e7 g\u00f6n\u00fcl maceras\u0131 ge\u00e7en Jane Austen, o \u00e7a\u011f\u0131n kad\u0131nlar\u0131n\u0131n \u00f6m\u00fcrlerini gen\u00e7 ya\u015fta t\u00fcketen sekiz-on \u00e7ocuk do\u011furaca\u011f\u0131 bir evlilik yapsayd\u0131 b\u00fcy\u00fck ihtimalle yetene\u011fini ka\u011f\u0131da d\u00f6kecek vakti ve enerjiyi bulamayacakt\u0131. Kendi evini, kasabas\u0131n\u0131, evlilikler yoluyla bir ucu toplumun \u00fcst kesimlerine kadar uzanan kalabal\u0131k akrabalar\u0131n\u0131, kom\u015fular\u0131n\u0131, arkada\u015flar\u0131n\u0131, yani \u00f6mr\u00fcn\u00fc ge\u00e7irdi\u011fi \u00e7evreyi, \u00f6zellikle de o \u00e7evrenin kad\u0131nlar\u0131n\u0131 ve onlar\u0131n bak\u0131\u015f a\u00e7\u0131s\u0131n\u0131 romanlar\u0131na yans\u0131tarak i\u00e7inde bulundu\u011fu bu dar d\u00fcnyan\u0131n s\u0131n\u0131rlar\u0131n\u0131 a\u015fabildi. Yine \u00e7ok gen\u00e7 ya\u015f\u0131nda \u00f6ld\u00fc ama arkas\u0131nda Ak\u0131l ve Tutku, Gurur ve \u00d6nyarg\u0131, Mansfield Park, Emma gibi d\u00fcnyan\u0131n en \u00e7ok okunan kitaplar\u0131 aras\u0131nda yer alan ve kendisine b\u00fcy\u00fck \u015f\u00f6hret kazand\u0131ran romantik edebiyat \u015faheserleri b\u0131rakarak\u2026 Elinizdeki kitab\u0131n yazar\u0131 Claire Tomalin, ba\u015fta 18. ve 19. y\u00fczy\u0131l \u0130ngiliz kad\u0131n yazarlar olmak \u00fczere kaleme ald\u0131\u011f\u0131 edebiyat\u00e7\u0131 biyografileriyle edebiyat d\u00fcnyas\u0131nda hakl\u0131 bir \u015f\u00f6hret edinmi\u015f ve \u00e7e\u015fitli \u00f6d\u00fcller kazanm\u0131\u015ft\u0131r. Kendi ailesini kurmayan, k\u0131sa \u00f6mr\u00fcn\u00fc \u0130ngiliz ta\u015fras\u0131nda karde\u015f, akraba ve kom\u015fular\u0131n olu\u015fturdu\u011fu bir \u00e7evre i\u00e7inde ge\u00e7iren Austen\u2019\u0131n bu biyografisinin \u00f6zellikle kalabal\u0131k aile hayat\u0131n\u0131 anlatan k\u0131s\u0131mlar\u0131, kendisi de be\u015f \u00e7ocuk annesi olan yazar taraf\u0131ndan i\u00e7ten bir ya\u015fanm\u0131\u015fl\u0131k duygusuyla ve edebi bir lezzetle kaleme al\u0131nm\u0131\u015ft\u0131r. <\/p>\n","protected":false},"excerpt":{"rendered":"<p>\u00dcnl\u00fc \u0130ngiliz yazar Jane Austen (1775-1817), babas\u0131n\u0131n papazl\u0131k g\u00f6revi nedeniyle bulundu\u011fu bir \u0130ngiliz ta\u015fra kasabas\u0131nda, m\u00fctevaz\u0131 ve kalabal\u0131k bir evde b\u00fcy\u00fcd\u00fc. Babas\u0131yla annesinin kitaplara, \u015fiire ve<span class=\"excerpt-hellip\"> [\u2026]<\/span><\/p>\n","protected":false},"featured_media":0,"template":"","meta":{"_monsterinsights_skip_tracking":false,"_monsterinsights_sitenote_active":false,"_monsterinsights_sitenote_note":"","_monsterinsights_sitenote_category":0},"product_brand":[],"product_cat":[14009,12291],"product_tag":[],"class_list":{"0":"post-767793","1":"product","2":"type-product","3":"status-publish","5":"product_cat-biyografi-otobiyografi-edebiyat","6":"product_cat-edebiyat","7":"pa_cilt-ciltsiz","8":"pa_tur-kitap","9":"pa_yayinevi-is-bankasi-kultur-yayinlari","10":"pa_yazar-claire-tomalin","12":"first","13":"instock","14":"sale","15":"shipping-taxable","16":"purchasable","17":"product-type-simple"},"_links":{"self":[{"href":"https:\/\/roveyayinevi.com.tr\/index.php\/wp-json\/wp\/v2\/product\/767793","targetHints":{"allow":["GET"]}}],"collection":[{"href":"https:\/\/roveyayinevi.com.tr\/index.php\/wp-json\/wp\/v2\/product"}],"about":[{"href":"https:\/\/roveyayinevi.com.tr\/index.php\/wp-json\/wp\/v2\/types\/product"}],"wp:attachment":[{"href":"https:\/\/roveyayinevi.com.tr\/index.php\/wp-json\/wp\/v2\/media?parent=767793"}],"wp:term":[{"taxonomy":"product_brand","embeddable":true,"href":"https:\/\/roveyayinevi.com.tr\/index.php\/wp-json\/wp\/v2\/product_brand?post=767793"},{"taxonomy":"product_cat","embeddable":true,"href":"https:\/\/roveyayinevi.com.tr\/index.php\/wp-json\/wp\/v2\/product_cat?post=767793"},{"taxonomy":"product_tag","embeddable":true,"href":"https:\/\/roveyayinevi.com.tr\/index.php\/wp-json\/wp\/v2\/product_tag?post=767793"}],"curies":[{"name":"wp","href":"https:\/\/api.w.org\/{rel}","templated":true}]}}