{"id":767790,"date":"2025-08-28T12:59:25","date_gmt":"2025-08-28T09:59:25","guid":{"rendered":"https:\/\/roveyayinevi.com.tr\/index.php\/urun\/muhalif-2\/"},"modified":"2026-04-15T03:33:32","modified_gmt":"2026-04-15T00:33:32","slug":"muhalif-2","status":"publish","type":"product","link":"https:\/\/roveyayinevi.com.tr\/index.php\/urun\/muhalif-2\/","title":{"rendered":"Muhalif"},"content":{"rendered":"<p>D\u00fcnyan\u0131n d\u00f6rt bir yan\u0131nda milyonlarca hayran\u0131 olan b\u00fcy\u00fck yazar Brandon Sanderson\u2019dan y\u0131ld\u0131zlar\u0131n \u00f6tesine uzanan destans\u0131 bir serinin nefes kesici finali.   Spensa, karanl\u0131k bilinmezlikten geri d\u00f6nd\u00fc ancak y\u0131ld\u0131zlar aras\u0131ndaki bo\u015flukta g\u00f6rd\u00fckleri onu sonsuza dek de\u011fi\u015ftirdi. Kaz\u0131c\u0131larla y\u00fczle\u015fti ve uzun s\u00fcredir kafas\u0131n\u0131 kurcalayan, garip cytonic yeteneklerine dair sorular\u0131na sonunda cevap buldu. Fakat Spensa uzaklardayken, galaksinin \u00fcst\u00fcnl\u00fc\u011f\u00fc i\u00e7in sava\u015fan \u00dcstyap\u0131 durmad\u0131. Skyward ekibi, Winzik\u2019i durdurmay\u0131 ba\u015fard\u0131 ve m\u00fccadeleye destek olacak m\u00fcttefikleri toplad\u0131 ancak insanl\u0131\u011f\u0131n \u2013ve galaksinin geri kalan\u0131n\u0131n\u2013 d\u00fc\u015f\u00fc\u015f\u00fc an meselesi.   Onlar\u0131 yenmek i\u00e7in Spensa\u2019n\u0131n yokyerde edindi\u011fi t\u00fcm bilgileri kullanmas\u0131 gerekli. Ancak cytonic olmak, d\u00fc\u015f\u00fcnd\u00fc\u011f\u00fcnden \u00e7ok daha karma\u015f\u0131k. \u015eimdi Spensa\u2019n\u0131n kendine sormas\u0131 gereken zor bir soru var: Zafer i\u00e7in neleri feda edebilir? E\u011fer bu, kendini ve dostlar\u0131n\u0131 kaybetmek anlam\u0131na geliyorsa, buna de\u011fer mi?   Skyward serisinin finali, ya insanl\u0131\u011f\u0131 \u00f6zg\u00fcrl\u00fc\u011fe kavu\u015fturacak ya da sonsuza dek yok edecek.   \u201cSanderson yine ba\u015fard\u0131!\u201d Nerd Daily   \u201cSinematik bir macera.\u201d SLJ   \u201c\u00c7\u0131lg\u0131n bir yolculuk!\u201d Tor.com   \u201cSayfalar\u0131 yeterince h\u0131zl\u0131 \u00e7evirmek imk\u00e2ns\u0131z.\u201d Booklist <\/p>\n","protected":false},"excerpt":{"rendered":"<p>D\u00fcnyan\u0131n d\u00f6rt bir yan\u0131nda milyonlarca hayran\u0131 olan b\u00fcy\u00fck yazar Brandon Sanderson\u2019dan y\u0131ld\u0131zlar\u0131n \u00f6tesine uzanan destans\u0131 bir serinin nefes kesici finali. Spensa, karanl\u0131k bilinmezlikten geri d\u00f6nd\u00fc ancak<span class=\"excerpt-hellip\"> [\u2026]<\/span><\/p>\n","protected":false},"featured_media":0,"template":"","meta":{"_monsterinsights_skip_tracking":false,"_monsterinsights_sitenote_active":false,"_monsterinsights_sitenote_note":"","_monsterinsights_sitenote_category":0},"product_brand":[],"product_cat":[12540,12291],"product_tag":[],"class_list":{"0":"post-767790","1":"product","2":"type-product","3":"status-publish","5":"product_cat-bilim-kurgu","6":"product_cat-edebiyat","7":"pa_cilt-ciltsiz","8":"pa_tur-kitap","9":"pa_yayinevi-dex-yayinevi","10":"pa_yazar-brandon-sanderson","12":"first","13":"instock","14":"sale","15":"shipping-taxable","16":"purchasable","17":"product-type-simple"},"_links":{"self":[{"href":"https:\/\/roveyayinevi.com.tr\/index.php\/wp-json\/wp\/v2\/product\/767790","targetHints":{"allow":["GET"]}}],"collection":[{"href":"https:\/\/roveyayinevi.com.tr\/index.php\/wp-json\/wp\/v2\/product"}],"about":[{"href":"https:\/\/roveyayinevi.com.tr\/index.php\/wp-json\/wp\/v2\/types\/product"}],"wp:attachment":[{"href":"https:\/\/roveyayinevi.com.tr\/index.php\/wp-json\/wp\/v2\/media?parent=767790"}],"wp:term":[{"taxonomy":"product_brand","embeddable":true,"href":"https:\/\/roveyayinevi.com.tr\/index.php\/wp-json\/wp\/v2\/product_brand?post=767790"},{"taxonomy":"product_cat","embeddable":true,"href":"https:\/\/roveyayinevi.com.tr\/index.php\/wp-json\/wp\/v2\/product_cat?post=767790"},{"taxonomy":"product_tag","embeddable":true,"href":"https:\/\/roveyayinevi.com.tr\/index.php\/wp-json\/wp\/v2\/product_tag?post=767790"}],"curies":[{"name":"wp","href":"https:\/\/api.w.org\/{rel}","templated":true}]}}