{"id":767789,"date":"2025-08-28T12:59:23","date_gmt":"2025-08-28T09:59:23","guid":{"rendered":"https:\/\/roveyayinevi.com.tr\/index.php\/urun\/soylemenin-vakti-var-bir-yirminci-yuzyil-bilgesi-refik\/"},"modified":"2026-04-15T03:33:32","modified_gmt":"2026-04-15T00:33:32","slug":"soylemenin-vakti-var-bir-yirminci-yuzyil-bilgesi-refik","status":"publish","type":"product","link":"https:\/\/roveyayinevi.com.tr\/index.php\/urun\/soylemenin-vakti-var-bir-yirminci-yuzyil-bilgesi-refik\/","title":{"rendered":"S\u00f6ylemenin Vakti Var &#8211; Bir Yirminci Y\u00fczy\u0131l Bilgesi Refik"},"content":{"rendered":"<p>Hayat\u0131 yazarak anlatanlar vard\u0131r, bir de s\u00f6zle anlatanlar. Gazeteci, radyocu, tiyatro ele\u015ftirmeni ve tarih\u00e7isi, roman, \u00f6yk\u00fc ve deneme yazar\u0131 Refik Ahmet Sevengil g\u00fczel yazan, g\u00fczel anlatan kimselerdendi. \u0130nsan\u0131n cismini, ruhunu, huyunu, sevdas\u0131n\u0131, \u00f6l\u00fcm\u00fcn\u00fc, do\u011fumunu anlatan bir yirminci y\u00fczy\u0131l bilgesiydi. Yazd\u0131klar\u0131yla, s\u00f6yledikleriyle d\u00fcnyalar kurdu. Refik Ahmet Sevengil ilgi alanlar\u0131, yapt\u0131klar\u0131, s\u00f6yledikleri, eserleri ve d\u00fcnya g\u00f6r\u00fc\u015f\u00fcyle Tanzimat\u2019tan beri devam eden s\u00fcreci yans\u0131tan g\u00fczel bir kayna\u015fmad\u0131r; onu ve eserlerini cazip k\u0131lan da budur. Ondaki Do\u011fu-Bat\u0131 sentezi, b\u00f6yle bir bile\u015fimi dile getirenlerin \u00f6zledi\u011fi t\u00fcrdendir. Cemal \u00dcnl\u00fc, S\u00f6ylemenin Vakti Var-Bir Yirminci Y\u00fczy\u0131l Bilgesi Refik Ahmet Sevengil\u2019de, yirminci y\u00fczy\u0131l\u0131n bir d\u00f6neminde k\u00fclt\u00fcr ve sanat ya\u015fam\u0131m\u0131za damgas\u0131n\u0131 vurmu\u015f bu de\u011ferli ayd\u0131n\u0131m\u0131z\u0131 eserleri, fikirleri, entelekt\u00fcel miras\u0131yla ele al\u0131rken bu bile\u015fimi de g\u00fcn\u00fcm\u00fcz okuruna aktar\u0131yor. Tiyatro tarihimizi ara\u015ft\u0131rmak isteyenlerin vazge\u00e7emedi\u011fi kaynak eserler yazm\u0131\u015f Sevengil\u2019in k\u00fct\u00fcphanesinden ve belgeli\u011finden de yararlanan Cemal \u00dcnl\u00fc, g\u00f6rsel a\u00e7\u0131dan da son derece zengin bir malzemeyi okurla bulu\u015fturuyor. <\/p>\n","protected":false},"excerpt":{"rendered":"<p>Hayat\u0131 yazarak anlatanlar vard\u0131r, bir de s\u00f6zle anlatanlar. Gazeteci, radyocu, tiyatro ele\u015ftirmeni ve tarih\u00e7isi, roman, \u00f6yk\u00fc ve deneme yazar\u0131 Refik Ahmet Sevengil g\u00fczel yazan, g\u00fczel anlatan<span class=\"excerpt-hellip\"> [\u2026]<\/span><\/p>\n","protected":false},"featured_media":0,"template":"","meta":{"_monsterinsights_skip_tracking":false,"_monsterinsights_sitenote_active":false,"_monsterinsights_sitenote_note":"","_monsterinsights_sitenote_category":0},"product_brand":[],"product_cat":[13072,12291],"product_tag":[],"class_list":{"0":"post-767789","1":"product","2":"type-product","3":"status-publish","5":"product_cat-arastirma-inceleme-referans","6":"product_cat-edebiyat","7":"pa_cilt-ciltsiz","8":"pa_tur-kitap","9":"pa_yayinevi-is-bankasi-kultur-yayinlari","10":"pa_yazar-cemal-unlu","12":"first","13":"instock","14":"sale","15":"shipping-taxable","16":"purchasable","17":"product-type-simple"},"_links":{"self":[{"href":"https:\/\/roveyayinevi.com.tr\/index.php\/wp-json\/wp\/v2\/product\/767789","targetHints":{"allow":["GET"]}}],"collection":[{"href":"https:\/\/roveyayinevi.com.tr\/index.php\/wp-json\/wp\/v2\/product"}],"about":[{"href":"https:\/\/roveyayinevi.com.tr\/index.php\/wp-json\/wp\/v2\/types\/product"}],"wp:attachment":[{"href":"https:\/\/roveyayinevi.com.tr\/index.php\/wp-json\/wp\/v2\/media?parent=767789"}],"wp:term":[{"taxonomy":"product_brand","embeddable":true,"href":"https:\/\/roveyayinevi.com.tr\/index.php\/wp-json\/wp\/v2\/product_brand?post=767789"},{"taxonomy":"product_cat","embeddable":true,"href":"https:\/\/roveyayinevi.com.tr\/index.php\/wp-json\/wp\/v2\/product_cat?post=767789"},{"taxonomy":"product_tag","embeddable":true,"href":"https:\/\/roveyayinevi.com.tr\/index.php\/wp-json\/wp\/v2\/product_tag?post=767789"}],"curies":[{"name":"wp","href":"https:\/\/api.w.org\/{rel}","templated":true}]}}