{"id":767785,"date":"2025-08-28T12:59:15","date_gmt":"2025-08-28T09:59:15","guid":{"rendered":"https:\/\/roveyayinevi.com.tr\/index.php\/urun\/cografya\/"},"modified":"2026-04-15T03:33:32","modified_gmt":"2026-04-15T00:33:32","slug":"cografya","status":"publish","type":"product","link":"https:\/\/roveyayinevi.com.tr\/index.php\/urun\/cografya\/","title":{"rendered":"Co\u011frafya"},"content":{"rendered":"<p>Co\u011frafya, ba\u015flang\u0131c\u0131ndan bu yana bir bilim dal\u0131 olarak \u00e7ok yol katetti. Ke\u015ffedilen \u201cuzak diyarlar\u201d\u0131n adland\u0131r\u0131l\u0131p haritaya d\u00f6k\u00fclmesiyle ba\u015flayan bu bilgi alan\u0131, g\u00fcn\u00fcm\u00fczde \u00e7a\u011fda\u015f ya\u015fam\u0131n ayr\u0131lmaz bir par\u00e7as\u0131na d\u00f6n\u00fc\u015ferek do\u011fa ile toplum aras\u0131nda, fen bilimleri ile be\u015feri bilimler aras\u0131nda bir k\u00f6pr\u00fc i\u015flevi g\u00f6r\u00fcr hale geldi. Co\u011frafya, co\u011frafyac\u0131lar\u0131n kulland\u0131\u011f\u0131 en ileri teknolojileri aktararak bu bilim dal\u0131n\u0131n bug\u00fcn kar\u015f\u0131 kar\u015f\u0131ya kald\u0131\u011f\u0131m\u0131z yak\u0131c\u0131 \u00e7evresel ve toplumsal meselelerin \u00e7\u00f6z\u00fcm\u00fcne nas\u0131l yard\u0131mc\u0131 olabilece\u011fine dikkat \u00e7ekiyor. Onun esas konusunu, belli ba\u015fl\u0131 kavram ve y\u00f6ntemlerini, g\u00fc\u00e7l\u00fc yanlar\u0131n\u0131 ve tart\u0131\u015fmal\u0131 y\u00f6nlerini meslekten olmayan okurun da takip edebilece\u011fi \u015fekilde a\u00e7\u0131klay\u0131p tart\u0131\u015fmakla kalm\u0131yor, co\u011frafyan\u0131n gelece\u011fine y\u00f6nelik bir manifesto da sunuyor.<\/p>\n","protected":false},"excerpt":{"rendered":"<p>Co\u011frafya, ba\u015flang\u0131c\u0131ndan bu yana bir bilim dal\u0131 olarak \u00e7ok yol katetti. Ke\u015ffedilen \u201cuzak diyarlar\u201d\u0131n adland\u0131r\u0131l\u0131p haritaya d\u00f6k\u00fclmesiyle ba\u015flayan bu bilgi alan\u0131, g\u00fcn\u00fcm\u00fczde \u00e7a\u011fda\u015f ya\u015fam\u0131n ayr\u0131lmaz bir<span class=\"excerpt-hellip\"> [\u2026]<\/span><\/p>\n","protected":false},"featured_media":0,"template":"","meta":{"_monsterinsights_skip_tracking":false,"_monsterinsights_sitenote_active":false,"_monsterinsights_sitenote_note":"","_monsterinsights_sitenote_category":0},"product_brand":[],"product_cat":[74169],"product_tag":[],"class_list":{"0":"post-767785","1":"product","2":"type-product","3":"status-publish","5":"product_cat-cografya","6":"pa_cilt-ciltsiz","7":"pa_tur-kitap","8":"pa_yayinevi-is-bankasi-kultur-yayinlari","9":"pa_yazar-john-a-matthews-david-t-herbert","11":"first","12":"instock","13":"sale","14":"shipping-taxable","15":"purchasable","16":"product-type-simple"},"_links":{"self":[{"href":"https:\/\/roveyayinevi.com.tr\/index.php\/wp-json\/wp\/v2\/product\/767785","targetHints":{"allow":["GET"]}}],"collection":[{"href":"https:\/\/roveyayinevi.com.tr\/index.php\/wp-json\/wp\/v2\/product"}],"about":[{"href":"https:\/\/roveyayinevi.com.tr\/index.php\/wp-json\/wp\/v2\/types\/product"}],"wp:attachment":[{"href":"https:\/\/roveyayinevi.com.tr\/index.php\/wp-json\/wp\/v2\/media?parent=767785"}],"wp:term":[{"taxonomy":"product_brand","embeddable":true,"href":"https:\/\/roveyayinevi.com.tr\/index.php\/wp-json\/wp\/v2\/product_brand?post=767785"},{"taxonomy":"product_cat","embeddable":true,"href":"https:\/\/roveyayinevi.com.tr\/index.php\/wp-json\/wp\/v2\/product_cat?post=767785"},{"taxonomy":"product_tag","embeddable":true,"href":"https:\/\/roveyayinevi.com.tr\/index.php\/wp-json\/wp\/v2\/product_tag?post=767785"}],"curies":[{"name":"wp","href":"https:\/\/api.w.org\/{rel}","templated":true}]}}