{"id":767784,"date":"2025-08-28T12:59:13","date_gmt":"2025-08-28T09:59:13","guid":{"rendered":"https:\/\/roveyayinevi.com.tr\/index.php\/urun\/cuce\/"},"modified":"2026-04-03T03:24:32","modified_gmt":"2026-04-03T00:24:32","slug":"cuce","status":"publish","type":"product","link":"https:\/\/roveyayinevi.com.tr\/index.php\/urun\/cuce\/","title":{"rendered":"C\u00fcce"},"content":{"rendered":"<p>Zen\u00eeme\u2019ydi ad\u0131. Zaman zaman kederli, derin yeislere kap\u0131lm\u0131\u015f bulurdum onu, zaman zaman ne\u015feyle ta\u015fm\u0131\u015f k\u0131r\u0131p ge\u00e7irirdi g\u00fclmekten insan\u0131. G\u00fczelli\u011fi silinmemi\u015fti b\u00fcsb\u00fct\u00fcn. Lokma g\u00f6zl\u00fc, uzun boylu, incecik, d\u00fczg\u00fcn v\u00fccutluydu; kad\u0131ns\u0131 \u00e7izgileri yerindeydi h\u00e2l\u00e2. Tuhaf kost\u00fcmlerle dola\u015f\u0131rd\u0131 evin i\u00e7inde. Hayat\u0131n\u0131n herkese kapad\u0131\u011f\u0131 bir noktas\u0131 bir gizi, ger\u00e7ek bir ac\u0131s\u0131 olmal\u0131yd\u0131 bence, ama yine de dolu dolu ya\u015fam\u0131\u015f, d\u00fcnyan\u0131n her bir yerinde sevgilileri olmu\u015f; g\u00f6z\u00fc arkada kalmam\u0131\u015f, g\u00fc\u00e7l\u00fc bir kad\u0131na benziyordu. Zen\u00eeme Han\u0131m\u2019\u0131n oturma odas\u0131 ya da salonu sanki orta yerde ulu bir \u00e7\u0131nar varm\u0131\u015f da onun t\u00fcm yapraklar\u0131 sonbahar\u0131n geli\u015fiyle kuruyup d\u00f6k\u00fclm\u00fc\u015f gibi yerlere serilmi\u015f yaz\u0131l\u0131 yapraklarla doluydu. K\u00e2\u011f\u0131tlar da kim bilir ne uzun s\u00fcre orada \u00f6ylece kalm\u0131\u015fsa onlar da sararm\u0131\u015f solmu\u015ftular. Bir g\u00fcn \u201cAl g\u00f6t\u00fcr onlar\u0131 art\u0131k g\u00f6z\u00fcm g\u00f6rmesin!\u201d dedi, ikramda bulunurcas\u0131na bana! Zen\u00eeme Han\u0131m, ad falan koymam\u0131\u015ft\u0131 kitab\u0131na. C\u00fcce ad\u0131n\u0131 ben koydum.                                             Yazar\u0131n Notu\u2019dan <\/p>\n","protected":false},"excerpt":{"rendered":"<p>Zen\u00eeme\u2019ydi ad\u0131. Zaman zaman kederli, derin yeislere kap\u0131lm\u0131\u015f bulurdum onu, zaman zaman ne\u015feyle ta\u015fm\u0131\u015f k\u0131r\u0131p ge\u00e7irirdi g\u00fclmekten insan\u0131. G\u00fczelli\u011fi silinmemi\u015fti b\u00fcsb\u00fct\u00fcn. Lokma g\u00f6zl\u00fc, uzun boylu, incecik,<span class=\"excerpt-hellip\"> [\u2026]<\/span><\/p>\n","protected":false},"featured_media":0,"template":"","meta":{"_monsterinsights_skip_tracking":false,"_monsterinsights_sitenote_active":false,"_monsterinsights_sitenote_note":"","_monsterinsights_sitenote_category":0},"product_brand":[],"product_cat":[12291,12711],"product_tag":[],"class_list":{"0":"post-767784","1":"product","2":"type-product","3":"status-publish","5":"product_cat-edebiyat","6":"product_cat-roman-oyku","7":"pa_cilt-ciltsiz","8":"pa_tur-kitap","9":"pa_yayinevi-is-bankasi-kultur-yayinlari","10":"pa_yazar-leyla-erbil","12":"first","13":"instock","14":"sale","15":"shipping-taxable","16":"purchasable","17":"product-type-simple"},"_links":{"self":[{"href":"https:\/\/roveyayinevi.com.tr\/index.php\/wp-json\/wp\/v2\/product\/767784","targetHints":{"allow":["GET"]}}],"collection":[{"href":"https:\/\/roveyayinevi.com.tr\/index.php\/wp-json\/wp\/v2\/product"}],"about":[{"href":"https:\/\/roveyayinevi.com.tr\/index.php\/wp-json\/wp\/v2\/types\/product"}],"wp:attachment":[{"href":"https:\/\/roveyayinevi.com.tr\/index.php\/wp-json\/wp\/v2\/media?parent=767784"}],"wp:term":[{"taxonomy":"product_brand","embeddable":true,"href":"https:\/\/roveyayinevi.com.tr\/index.php\/wp-json\/wp\/v2\/product_brand?post=767784"},{"taxonomy":"product_cat","embeddable":true,"href":"https:\/\/roveyayinevi.com.tr\/index.php\/wp-json\/wp\/v2\/product_cat?post=767784"},{"taxonomy":"product_tag","embeddable":true,"href":"https:\/\/roveyayinevi.com.tr\/index.php\/wp-json\/wp\/v2\/product_tag?post=767784"}],"curies":[{"name":"wp","href":"https:\/\/api.w.org\/{rel}","templated":true}]}}