{"id":767780,"date":"2025-08-28T12:59:04","date_gmt":"2025-08-28T09:59:04","guid":{"rendered":"https:\/\/roveyayinevi.com.tr\/index.php\/urun\/kavusmak-hayal-oldu\/"},"modified":"2026-04-15T03:33:32","modified_gmt":"2026-04-15T00:33:32","slug":"kavusmak-hayal-oldu","status":"publish","type":"product","link":"https:\/\/roveyayinevi.com.tr\/index.php\/urun\/kavusmak-hayal-oldu\/","title":{"rendered":"Kavu\u015fmak Hayal Oldu"},"content":{"rendered":"<p>Darbeler, s\u00fcrg\u00fcnler, \u00f6len arkada\u015flar, gurbetteki o\u011flu i\u00e7in her Allah\u2019\u0131n g\u00fcn\u00fc Bab\u0131\u00e2li Yoku\u015fu\u2019nu t\u0131rmanan bir anne, yazar olma ser\u00fcveninin her an\u0131n\u0131 annesiyle payla\u015fan o\u011ful, ikisini birle\u015ftiren ve ay\u0131ran \u015fehirler, y\u00fcn \u00f6rg\u00fcs\u00fc kazaklarla paketlenen dergiler, kitaplar, Bab\u0131\u00e2li dedikodular\u0131, Paris\u2019in s\u00f6k\u00fclen kald\u0131r\u0131mlar\u0131, grevler, s\u0131k\u0131lan yumruklar ve a\u015fklar\u2026   Nedim G\u00fcrsel\u2019in annesine yazd\u0131\u011f\u0131 mektuplarda, yaln\u0131zca bir yazar\u0131n yeti\u015fme s\u00fcrecine de\u011fil, 1960\u2019lardan 80\u2019lerin ortalar\u0131na kadar T\u00fcrkiye\u2019nin toplumsal tarihine de tan\u0131kl\u0131k edeceksiniz.   Bu mektuplar posta kutunuza gelmi\u015f\u00e7esine \u201csizin\u201d olan mektuplar&#8230;   \u201cSevgili anneci\u011fim, Birden sizlere yazmak istedim. Odamda sabaha kar\u015f\u0131 yaln\u0131z\u0131m. \u00c7al\u0131\u015f\u0131yorum. \u0130stanbul\u2019da, kitaplar, izmaritler, yaz\u0131lmam\u0131\u015f beyaz k\u00e2\u011f\u0131tlar, m\u00fcsveddelerle dolu odamdayken, d\u0131\u015far\u0131da sabah olurdu. Bu \u015fehirde ya\u015fad\u0131\u011f\u0131m s\u0131cak bir ge\u00e7mi\u015fi yeniden kurmak gittik\u00e7e g\u00fc\u00e7le\u015fiyor. T\u00fcrkiye\u2019de 1971 y\u0131l\u0131nda gen\u00e7 olmam\u0131n sorumlulu\u011funu devrimci dostlar\u0131mla payla\u015famad\u0131m. \u00d6yk\u00fcler yaz\u0131yordum, belki iyi, de\u011fi\u015fik bir ba\u015flang\u0131\u00e7 yapm\u0131\u015ft\u0131m ama yazarl\u0131k ser\u00fcvenim de yar\u0131m kald\u0131. Sanki y\u0131llard\u0131r burada, Paris\u2019teki odam\u0131n, \u00fcst\u00fcme y\u0131k\u0131lacakm\u0131\u015f gibi duran renksiz duvarlar\u0131 aras\u0131nda yaln\u0131z ya\u015f\u0131yorum. Arada bir i\u00e7imden anlat\u0131lmas\u0131 g\u00fc\u00e7, g\u00fczel bir co\u015fku ge\u00e7iyor. Uzun, yeni bir \u00f6yk\u00fcye ba\u015flad\u0131\u011f\u0131m\u0131 d\u00fc\u015f\u00fcn\u00fcyorum.\u201d <\/p>\n","protected":false},"excerpt":{"rendered":"<p>Darbeler, s\u00fcrg\u00fcnler, \u00f6len arkada\u015flar, gurbetteki o\u011flu i\u00e7in her Allah\u2019\u0131n g\u00fcn\u00fc Bab\u0131\u00e2li Yoku\u015fu\u2019nu t\u0131rmanan bir anne, yazar olma ser\u00fcveninin her an\u0131n\u0131 annesiyle payla\u015fan o\u011ful, ikisini birle\u015ftiren ve<span class=\"excerpt-hellip\"> [\u2026]<\/span><\/p>\n","protected":false},"featured_media":0,"template":"","meta":{"_monsterinsights_skip_tracking":false,"_monsterinsights_sitenote_active":false,"_monsterinsights_sitenote_note":"","_monsterinsights_sitenote_category":0},"product_brand":[],"product_cat":[12777,12291],"product_tag":[],"class_list":{"0":"post-767780","1":"product","2":"type-product","3":"status-publish","5":"product_cat-deneme","6":"product_cat-edebiyat","7":"pa_cilt-ciltsiz","8":"pa_tur-kitap","9":"pa_yayinevi-dogan-kitap","10":"pa_yazar-nedim-gursel","12":"first","13":"instock","14":"sale","15":"shipping-taxable","16":"purchasable","17":"product-type-simple"},"_links":{"self":[{"href":"https:\/\/roveyayinevi.com.tr\/index.php\/wp-json\/wp\/v2\/product\/767780","targetHints":{"allow":["GET"]}}],"collection":[{"href":"https:\/\/roveyayinevi.com.tr\/index.php\/wp-json\/wp\/v2\/product"}],"about":[{"href":"https:\/\/roveyayinevi.com.tr\/index.php\/wp-json\/wp\/v2\/types\/product"}],"wp:attachment":[{"href":"https:\/\/roveyayinevi.com.tr\/index.php\/wp-json\/wp\/v2\/media?parent=767780"}],"wp:term":[{"taxonomy":"product_brand","embeddable":true,"href":"https:\/\/roveyayinevi.com.tr\/index.php\/wp-json\/wp\/v2\/product_brand?post=767780"},{"taxonomy":"product_cat","embeddable":true,"href":"https:\/\/roveyayinevi.com.tr\/index.php\/wp-json\/wp\/v2\/product_cat?post=767780"},{"taxonomy":"product_tag","embeddable":true,"href":"https:\/\/roveyayinevi.com.tr\/index.php\/wp-json\/wp\/v2\/product_tag?post=767780"}],"curies":[{"name":"wp","href":"https:\/\/api.w.org\/{rel}","templated":true}]}}