{"id":767779,"date":"2025-08-28T12:59:01","date_gmt":"2025-08-28T09:59:01","guid":{"rendered":"https:\/\/roveyayinevi.com.tr\/index.php\/urun\/alemdagda-var-bir-yilan-4\/"},"modified":"2026-04-15T03:33:32","modified_gmt":"2026-04-15T00:33:32","slug":"alemdagda-var-bir-yilan-4","status":"publish","type":"product","link":"https:\/\/roveyayinevi.com.tr\/index.php\/urun\/alemdagda-var-bir-yilan-4\/","title":{"rendered":"Alemda\u011f\u2019da Var Bir Y\u0131lan"},"content":{"rendered":"<p>Yaln\u0131zl\u0131k d\u00fcnyay\u0131 doldurmu\u015f. Sevmek, bir insan\u0131 sevmekle ba\u015flar her \u015fey. Burada her \u015fey bir insan\u0131 sevmekle bitiyor.   Denizi, vapuru, adas\u0131, mahalle kahveleri, sala\u015f meyhaneleri, bohem pasajlar\u0131, Ermeni bal\u0131k\u00e7\u0131s\u0131, topal mart\u0131s\u0131, L\u00fczumsuz Adam\u2019\u0131, sokak k\u00f6pekleri, bin bir h\u00fczn\u00fcn oyna\u015ft\u0131\u011f\u0131 g\u00fcnbat\u0131mlar\u0131, g\u00fcn do\u011fmadan sokaklar\u0131 dolduran ameleleri, paydos saatlerinin umutsuz memurlar\u0131, rak\u0131 \u015fi\u015fesinde bal\u0131k olan \u015fairleri, ne\u015feli kumpanyalar\u0131, sokaklar\u0131 utanga\u00e7\u00e7a ad\u0131mlayan yoksul \u00e7ocuklar\u0131, gayrim\u00fcslimleri, yaln\u0131zl\u0131\u011f\u0131na ortak etti\u011fi k\u00fc\u00e7\u00fck insanlar\u0131yla \u0130stanbul\u2019u yazd\u0131 Sait Faik, \u0130stanbul oldu. <\/p>\n","protected":false},"excerpt":{"rendered":"<p>Yaln\u0131zl\u0131k d\u00fcnyay\u0131 doldurmu\u015f. Sevmek, bir insan\u0131 sevmekle ba\u015flar her \u015fey. Burada her \u015fey bir insan\u0131 sevmekle bitiyor. Denizi, vapuru, adas\u0131, mahalle kahveleri, sala\u015f meyhaneleri, bohem pasajlar\u0131,<span class=\"excerpt-hellip\"> [\u2026]<\/span><\/p>\n","protected":false},"featured_media":0,"template":"","meta":{"_monsterinsights_skip_tracking":false,"_monsterinsights_sitenote_active":false,"_monsterinsights_sitenote_note":"","_monsterinsights_sitenote_category":0},"product_brand":[],"product_cat":[12291,12292],"product_tag":[],"class_list":{"0":"post-767779","1":"product","2":"type-product","3":"status-publish","5":"product_cat-edebiyat","6":"product_cat-turk-edebiyati","7":"pa_cilt-ciltsiz","8":"pa_tur-kitap","9":"pa_yayinevi-dogan-kitap","10":"pa_yazar-sait-faik-abasiyanik","12":"first","13":"instock","14":"sale","15":"shipping-taxable","16":"purchasable","17":"product-type-simple"},"_links":{"self":[{"href":"https:\/\/roveyayinevi.com.tr\/index.php\/wp-json\/wp\/v2\/product\/767779","targetHints":{"allow":["GET"]}}],"collection":[{"href":"https:\/\/roveyayinevi.com.tr\/index.php\/wp-json\/wp\/v2\/product"}],"about":[{"href":"https:\/\/roveyayinevi.com.tr\/index.php\/wp-json\/wp\/v2\/types\/product"}],"wp:attachment":[{"href":"https:\/\/roveyayinevi.com.tr\/index.php\/wp-json\/wp\/v2\/media?parent=767779"}],"wp:term":[{"taxonomy":"product_brand","embeddable":true,"href":"https:\/\/roveyayinevi.com.tr\/index.php\/wp-json\/wp\/v2\/product_brand?post=767779"},{"taxonomy":"product_cat","embeddable":true,"href":"https:\/\/roveyayinevi.com.tr\/index.php\/wp-json\/wp\/v2\/product_cat?post=767779"},{"taxonomy":"product_tag","embeddable":true,"href":"https:\/\/roveyayinevi.com.tr\/index.php\/wp-json\/wp\/v2\/product_tag?post=767779"}],"curies":[{"name":"wp","href":"https:\/\/api.w.org\/{rel}","templated":true}]}}