{"id":767774,"date":"2025-08-28T12:58:50","date_gmt":"2025-08-28T09:58:50","guid":{"rendered":"https:\/\/roveyayinevi.com.tr\/index.php\/urun\/oyku-yazmak-hikaye-anlatmak\/"},"modified":"2026-04-15T03:33:32","modified_gmt":"2026-04-15T00:33:32","slug":"oyku-yazmak-hikaye-anlatmak","status":"publish","type":"product","link":"https:\/\/roveyayinevi.com.tr\/index.php\/urun\/oyku-yazmak-hikaye-anlatmak\/","title":{"rendered":"\u00d6yk\u00fc Yazmak Hikaye Anlatmak"},"content":{"rendered":"<p>G\u00fcn\u00fcm\u00fcz okurunun yazma iste\u011fini kar\u015f\u0131layan, yaz\u0131da yol alabilmesine esin veren, yol\/y\u00f6n g\u00f6steren bir kitap \u00d6yk\u00fc Yazmak, Hik\u00e2ye Anlatmak. Ama yaz\u0131 re\u00e7eteleri sunan bir \u201cel kitab\u0131\u201d de\u011fil. Sizdeki edebiyat duygusuna kap\u0131 aralayan, yazarken okurken size e\u015flik eden bir \u201cyol arkada\u015f\u0131\u201d\u2026 \u00d6yle ki yaz\u0131lan her anlat\u0131n\u0131n \u00e7\u0131k\u0131\u015f yolunun hayat oldu\u011funu, bir o kadar da ba\u015fka yazarlar\u0131n yazd\u0131klar\u0131n\u0131n neler i\u00e7erdi\u011fini bilmek i\u00e7in bir yol haritas\u0131 \u00e7izmenize yard\u0131mc\u0131 olabilece\u011fini s\u00f6yleyebiliriz\u2026 Feridun Anda\u00e7, yaz\u0131nsal birikimini okurla payla\u015ft\u0131\u011f\u0131 \u00d6yk\u00fc Yazmak, Hik\u00e2ye Anlatmak ayn\u0131 zamanda t\u00fcrler aras\u0131 yolculuk i\u00e7in de bir okuma kitab\u0131. Yazarken, ya\u015farken, gezindi\u011finiz yerlere bakma\/ g\u00f6rme bi\u00e7iminize dair yeni \u015feyler s\u00f6yleyen bir anlat\u0131 kitab\u0131 demek daha yerinde. Yazmak duygusunun okuma tutkusuyla olu\u015fup geli\u015febilece\u011fine dair yeni s\u00f6zler s\u00f6yleyen bir ba\u015fucu kitab\u0131. \u2022 Hik\u00e2ye Anlat\u0131c\u0131s\u0131 \u2022 \u00d6yk\u00fc Yazmak \u2022 Bir Hik\u00e2yeniz Olmal\u0131 \u2022 Yazma Y\u00f6ntemi, Yazmak, Anlatmak Yolculu\u011fu \u2022 Kurmaca Ger\u00e7eklik <\/p>\n","protected":false},"excerpt":{"rendered":"<p>G\u00fcn\u00fcm\u00fcz okurunun yazma iste\u011fini kar\u015f\u0131layan, yaz\u0131da yol alabilmesine esin veren, yol\/y\u00f6n g\u00f6steren bir kitap \u00d6yk\u00fc Yazmak, Hik\u00e2ye Anlatmak. Ama yaz\u0131 re\u00e7eteleri sunan bir \u201cel kitab\u0131\u201d de\u011fil.<span class=\"excerpt-hellip\"> [\u2026]<\/span><\/p>\n","protected":false},"featured_media":0,"template":"","meta":{"_monsterinsights_skip_tracking":false,"_monsterinsights_sitenote_active":false,"_monsterinsights_sitenote_note":"","_monsterinsights_sitenote_category":0},"product_brand":[],"product_cat":[13072,12291],"product_tag":[],"class_list":{"0":"post-767774","1":"product","2":"type-product","3":"status-publish","5":"product_cat-arastirma-inceleme-referans","6":"product_cat-edebiyat","7":"pa_cilt-ciltsiz","8":"pa_tur-kitap","9":"pa_yayinevi-eksik-parca-yayinlari","10":"pa_yazar-feridun-andac","12":"first","13":"instock","14":"sale","15":"shipping-taxable","16":"purchasable","17":"product-type-simple"},"_links":{"self":[{"href":"https:\/\/roveyayinevi.com.tr\/index.php\/wp-json\/wp\/v2\/product\/767774","targetHints":{"allow":["GET"]}}],"collection":[{"href":"https:\/\/roveyayinevi.com.tr\/index.php\/wp-json\/wp\/v2\/product"}],"about":[{"href":"https:\/\/roveyayinevi.com.tr\/index.php\/wp-json\/wp\/v2\/types\/product"}],"wp:attachment":[{"href":"https:\/\/roveyayinevi.com.tr\/index.php\/wp-json\/wp\/v2\/media?parent=767774"}],"wp:term":[{"taxonomy":"product_brand","embeddable":true,"href":"https:\/\/roveyayinevi.com.tr\/index.php\/wp-json\/wp\/v2\/product_brand?post=767774"},{"taxonomy":"product_cat","embeddable":true,"href":"https:\/\/roveyayinevi.com.tr\/index.php\/wp-json\/wp\/v2\/product_cat?post=767774"},{"taxonomy":"product_tag","embeddable":true,"href":"https:\/\/roveyayinevi.com.tr\/index.php\/wp-json\/wp\/v2\/product_tag?post=767774"}],"curies":[{"name":"wp","href":"https:\/\/api.w.org\/{rel}","templated":true}]}}