{"id":767773,"date":"2025-08-28T12:58:49","date_gmt":"2025-08-28T09:58:49","guid":{"rendered":"https:\/\/roveyayinevi.com.tr\/index.php\/urun\/ingilizce-sozluk-3\/"},"modified":"2026-04-15T03:33:32","modified_gmt":"2026-04-15T00:33:32","slug":"ingilizce-sozluk-3","status":"publish","type":"product","link":"https:\/\/roveyayinevi.com.tr\/index.php\/urun\/ingilizce-sozluk-3\/","title":{"rendered":"\u0130ngilizce S\u00f6zl\u00fck"},"content":{"rendered":"<p>\u0130ngilizce S\u00f6zl\u00fck\u0130ngilizce-T\u00fcrk\u00e7e T\u00fcrk\u00e7e-\u0130ngilizce <\/p>\n","protected":false},"excerpt":{"rendered":"<p>\u0130ngilizce S\u00f6zl\u00fck\u0130ngilizce-T\u00fcrk\u00e7e T\u00fcrk\u00e7e-\u0130ngilizce<\/p>\n","protected":false},"featured_media":0,"template":"","meta":{"_monsterinsights_skip_tracking":false,"_monsterinsights_sitenote_active":false,"_monsterinsights_sitenote_note":"","_monsterinsights_sitenote_category":0},"product_brand":[],"product_cat":[12566,13611],"product_tag":[],"class_list":{"0":"post-767773","1":"product","2":"type-product","3":"status-publish","5":"product_cat-egitim","6":"product_cat-sozlukler-ve-konusma-kilavuzlari","7":"pa_cilt-ciltsiz","8":"pa_tur-kitap","9":"pa_yayinevi-ema-kitap","10":"pa_yazar-kolektif","12":"first","13":"instock","14":"sale","15":"shipping-taxable","16":"purchasable","17":"product-type-simple"},"_links":{"self":[{"href":"https:\/\/roveyayinevi.com.tr\/index.php\/wp-json\/wp\/v2\/product\/767773","targetHints":{"allow":["GET"]}}],"collection":[{"href":"https:\/\/roveyayinevi.com.tr\/index.php\/wp-json\/wp\/v2\/product"}],"about":[{"href":"https:\/\/roveyayinevi.com.tr\/index.php\/wp-json\/wp\/v2\/types\/product"}],"wp:attachment":[{"href":"https:\/\/roveyayinevi.com.tr\/index.php\/wp-json\/wp\/v2\/media?parent=767773"}],"wp:term":[{"taxonomy":"product_brand","embeddable":true,"href":"https:\/\/roveyayinevi.com.tr\/index.php\/wp-json\/wp\/v2\/product_brand?post=767773"},{"taxonomy":"product_cat","embeddable":true,"href":"https:\/\/roveyayinevi.com.tr\/index.php\/wp-json\/wp\/v2\/product_cat?post=767773"},{"taxonomy":"product_tag","embeddable":true,"href":"https:\/\/roveyayinevi.com.tr\/index.php\/wp-json\/wp\/v2\/product_tag?post=767773"}],"curies":[{"name":"wp","href":"https:\/\/api.w.org\/{rel}","templated":true}]}}