{"id":767769,"date":"2025-08-28T12:58:40","date_gmt":"2025-08-28T09:58:40","guid":{"rendered":"https:\/\/roveyayinevi.com.tr\/index.php\/urun\/kul-ve-gece-mavisi\/"},"modified":"2026-04-15T03:33:32","modified_gmt":"2026-04-15T00:33:32","slug":"kul-ve-gece-mavisi","status":"publish","type":"product","link":"https:\/\/roveyayinevi.com.tr\/index.php\/urun\/kul-ve-gece-mavisi\/","title":{"rendered":"K\u00fcl ve Gece Mavisi"},"content":{"rendered":"<p>Oysaki zaman \u00f6rtmez hi\u00e7bir yar\u0131m kalm\u0131\u015fl\u0131\u011f\u0131n \u00fczerini. \u0130yile\u015fti\u011fini sand\u0131\u011f\u0131m\u0131z yanlar\u0131m\u0131z, sadece bedenimizde ba\u011f\u0131\u015f\u0131kl\u0131k kazand\u0131r\u0131rken, bir de bunun \u00fcst\u00fcne yenileri eklenir; sanki k\u0131s\u0131r bir d\u00f6ng\u00fc gibi, ard\u0131 arkas\u0131 kesilmeyen ve birbirinin etraf\u0131nda d\u00f6n\u00fcp duran. Bu sefer de insan\u0131 en b\u00fcy\u00fck \u015fekilde y\u00fczle\u015ftirir: eksik do\u011fup eksik yaz\u0131lm\u0131\u015ft\u0131 kaderim, hem de sonsuz yar\u0131m kalm\u0131\u015fl\u0131klarla. Odam\u0131n sessizli\u011fi i\u00e7ime i\u015flerken, hafif\u00e7e g\u0131c\u0131rdayan sandalyemde oturuyordum. Ya\u011fmurun ritmik sesi, kirli pencerenin ard\u0131ndan s\u00fcz\u00fclen damlalar\u0131n \u00e7izdi\u011fi yolu izliyordum. Her bir damla, sanki i\u00e7imde bir yerlerde yank\u0131lan\u0131yor, ge\u00e7mi\u015fin derinliklerinden gelen yank\u0131larla bulu\u015fuyordu. Kendimi bu tuhaf, h\u00fcz\u00fcnl\u00fc hipnozun i\u00e7inde kaybederken, kap\u0131dan gelen hafif ayak sesleri beni d\u00fc\u015f\u00fcncelerimden kopard\u0131. Omzuma konan ba\u015f\u0131n s\u0131cakl\u0131\u011f\u0131n\u0131 hissetti\u011fimde, Lavin\u2019in bana nas\u0131l yakla\u015ft\u0131\u011f\u0131n\u0131 fark etmemi\u015ftim bile.&#8221;\u00dczg\u00fcn\u00fcm, korkuttum mu?&#8221; dedi, sesi nazik ve mahcuptu. <\/p>\n","protected":false},"excerpt":{"rendered":"<p>Oysaki zaman \u00f6rtmez hi\u00e7bir yar\u0131m kalm\u0131\u015fl\u0131\u011f\u0131n \u00fczerini. \u0130yile\u015fti\u011fini sand\u0131\u011f\u0131m\u0131z yanlar\u0131m\u0131z, sadece bedenimizde ba\u011f\u0131\u015f\u0131kl\u0131k kazand\u0131r\u0131rken, bir de bunun \u00fcst\u00fcne yenileri eklenir; sanki k\u0131s\u0131r bir d\u00f6ng\u00fc gibi, ard\u0131<span class=\"excerpt-hellip\"> [\u2026]<\/span><\/p>\n","protected":false},"featured_media":0,"template":"","meta":{"_monsterinsights_skip_tracking":false,"_monsterinsights_sitenote_active":false,"_monsterinsights_sitenote_note":"","_monsterinsights_sitenote_category":0},"product_brand":[],"product_cat":[12291,12711],"product_tag":[],"class_list":{"0":"post-767769","1":"product","2":"type-product","3":"status-publish","5":"product_cat-edebiyat","6":"product_cat-roman-oyku","7":"pa_cilt-ciltsiz","8":"pa_tur-kitap","9":"pa_yayinevi-kitap-muptelasi-yayinlari","10":"pa_yazar-zubeyde-ozdemir","12":"first","13":"instock","14":"sale","15":"shipping-taxable","16":"purchasable","17":"product-type-simple"},"_links":{"self":[{"href":"https:\/\/roveyayinevi.com.tr\/index.php\/wp-json\/wp\/v2\/product\/767769","targetHints":{"allow":["GET"]}}],"collection":[{"href":"https:\/\/roveyayinevi.com.tr\/index.php\/wp-json\/wp\/v2\/product"}],"about":[{"href":"https:\/\/roveyayinevi.com.tr\/index.php\/wp-json\/wp\/v2\/types\/product"}],"wp:attachment":[{"href":"https:\/\/roveyayinevi.com.tr\/index.php\/wp-json\/wp\/v2\/media?parent=767769"}],"wp:term":[{"taxonomy":"product_brand","embeddable":true,"href":"https:\/\/roveyayinevi.com.tr\/index.php\/wp-json\/wp\/v2\/product_brand?post=767769"},{"taxonomy":"product_cat","embeddable":true,"href":"https:\/\/roveyayinevi.com.tr\/index.php\/wp-json\/wp\/v2\/product_cat?post=767769"},{"taxonomy":"product_tag","embeddable":true,"href":"https:\/\/roveyayinevi.com.tr\/index.php\/wp-json\/wp\/v2\/product_tag?post=767769"}],"curies":[{"name":"wp","href":"https:\/\/api.w.org\/{rel}","templated":true}]}}