{"id":767766,"date":"2025-08-28T12:58:34","date_gmt":"2025-08-28T09:58:34","guid":{"rendered":"https:\/\/roveyayinevi.com.tr\/index.php\/urun\/dilbaz\/"},"modified":"2026-04-08T03:30:10","modified_gmt":"2026-04-08T00:30:10","slug":"dilbaz","status":"publish","type":"product","link":"https:\/\/roveyayinevi.com.tr\/index.php\/urun\/dilbaz\/","title":{"rendered":"Dilbaz"},"content":{"rendered":"<p>Dertten y\u00fcre\u011fi dolup kabaran insan y\u00fcre\u011fi gibi bulutlar  damlac\u0131klar\u0131yla dolu dolu. Karadenizin de\u011fi\u015fmez sisli havas\u0131. Ya\u011fmurdan sonra suya doyan topraklar ve a\u011fa\u00e7lar. Hani olur ya: Ya\u011fmur ya\u011fd\u0131ktan sonra bulutlar\u0131n aras\u0131ndan g\u00fcne\u015f \u0131\u015f\u0131nlar\u0131 g\u00f6r\u00fcn\u00fcr. I\u015f\u0131k huzmeleri aras\u0131n da yolda y\u00fcr\u00fcmek, i\u00e7iniz de o en sevdi\u011finiz \u015fark\u0131n\u0131n ezgisi, gelece\u011fe dair umutlar. Ya\u011fmur \u00e7ok ya\u011farsa biryere insan mecburen daha \u00e7ok seviyor. Hele da\u011flar ba\u015flar\u0131 hep dumanl\u0131&#8230; <\/p>\n","protected":false},"excerpt":{"rendered":"<p>Dertten y\u00fcre\u011fi dolup kabaran insan y\u00fcre\u011fi gibi bulutlar damlac\u0131klar\u0131yla dolu dolu. Karadenizin de\u011fi\u015fmez sisli havas\u0131. Ya\u011fmurdan sonra suya doyan topraklar ve a\u011fa\u00e7lar. Hani olur ya: Ya\u011fmur<span class=\"excerpt-hellip\"> [\u2026]<\/span><\/p>\n","protected":false},"featured_media":0,"template":"","meta":{"_monsterinsights_skip_tracking":false,"_monsterinsights_sitenote_active":false,"_monsterinsights_sitenote_note":"","_monsterinsights_sitenote_category":0},"product_brand":[],"product_cat":[12291,12711],"product_tag":[],"class_list":{"0":"post-767766","1":"product","2":"type-product","3":"status-publish","5":"product_cat-edebiyat","6":"product_cat-roman-oyku","7":"pa_cilt-ciltsiz","8":"pa_tur-kitap","9":"pa_yayinevi-kmd-yayinlari","10":"pa_yazar-aysegul-arslan","12":"first","13":"instock","14":"sale","15":"shipping-taxable","16":"purchasable","17":"product-type-simple"},"_links":{"self":[{"href":"https:\/\/roveyayinevi.com.tr\/index.php\/wp-json\/wp\/v2\/product\/767766","targetHints":{"allow":["GET"]}}],"collection":[{"href":"https:\/\/roveyayinevi.com.tr\/index.php\/wp-json\/wp\/v2\/product"}],"about":[{"href":"https:\/\/roveyayinevi.com.tr\/index.php\/wp-json\/wp\/v2\/types\/product"}],"wp:attachment":[{"href":"https:\/\/roveyayinevi.com.tr\/index.php\/wp-json\/wp\/v2\/media?parent=767766"}],"wp:term":[{"taxonomy":"product_brand","embeddable":true,"href":"https:\/\/roveyayinevi.com.tr\/index.php\/wp-json\/wp\/v2\/product_brand?post=767766"},{"taxonomy":"product_cat","embeddable":true,"href":"https:\/\/roveyayinevi.com.tr\/index.php\/wp-json\/wp\/v2\/product_cat?post=767766"},{"taxonomy":"product_tag","embeddable":true,"href":"https:\/\/roveyayinevi.com.tr\/index.php\/wp-json\/wp\/v2\/product_tag?post=767766"}],"curies":[{"name":"wp","href":"https:\/\/api.w.org\/{rel}","templated":true}]}}