{"id":767764,"date":"2025-08-28T12:58:29","date_gmt":"2025-08-28T09:58:29","guid":{"rendered":"https:\/\/roveyayinevi.com.tr\/index.php\/urun\/kewa-mi\/"},"modified":"2026-04-15T03:33:32","modified_gmt":"2026-04-15T00:33:32","slug":"kewa-mi","status":"publish","type":"product","link":"https:\/\/roveyayinevi.com.tr\/index.php\/urun\/kewa-mi\/","title":{"rendered":"Kewa M\u0131"},"content":{"rendered":"<p>Axx ke t\u0131 Vano ma ax ke t\u0131 Ere ma eke t\u0131 nebiyene \u00c7\u0131 alo ver\u00ea m\u0131no ka\u011f\u0131to qeleme bi Gureti m\u0131ra day nivisnayine No jan\u00ea zerri sebtan\u00ea tora Van ma sayke t\u0131 nezana Ere hela t\u0131 defe be qayt\u00ea c\u0131 be Hama heni \u00e2 roca ke Ne \u00e7\u0131m\u00ea m\u0131 gunay tora To j\u00fc \u00e7ik nar\u00ea n\u00ea cigeran\u00ea m\u0131ra Pel\u015fawati kerdi zerro pi\u015fike m\u0131 Gureti helesnay ra sebetan\u00ea xora Hona \u00e2 roca na roca Ez \u015fewo roc nivisneno seba tora Vano wa pe \u015fope \u015for\u00ea heun ra No jan\u00ea zerro cigera Ez ke niya zaf hes keno Kewa xora.. <\/p>\n","protected":false},"excerpt":{"rendered":"<p>Axx ke t\u0131 Vano ma ax ke t\u0131 Ere ma eke t\u0131 nebiyene \u00c7\u0131 alo ver\u00ea m\u0131no ka\u011f\u0131to qeleme bi Gureti m\u0131ra day nivisnayine No jan\u00ea<span class=\"excerpt-hellip\"> [\u2026]<\/span><\/p>\n","protected":false},"featured_media":0,"template":"","meta":{"_monsterinsights_skip_tracking":false,"_monsterinsights_sitenote_active":false,"_monsterinsights_sitenote_note":"","_monsterinsights_sitenote_category":0},"product_brand":[],"product_cat":[12291,12509],"product_tag":[],"class_list":{"0":"post-767764","1":"product","2":"type-product","3":"status-publish","5":"product_cat-edebiyat","6":"product_cat-siir","7":"pa_cilt-ciltsiz","8":"pa_tur-kitap","9":"pa_yayinevi-imla-yayinevi","10":"pa_yazar-gursel-sarikas","12":"first","13":"instock","14":"sale","15":"shipping-taxable","16":"purchasable","17":"product-type-simple"},"_links":{"self":[{"href":"https:\/\/roveyayinevi.com.tr\/index.php\/wp-json\/wp\/v2\/product\/767764","targetHints":{"allow":["GET"]}}],"collection":[{"href":"https:\/\/roveyayinevi.com.tr\/index.php\/wp-json\/wp\/v2\/product"}],"about":[{"href":"https:\/\/roveyayinevi.com.tr\/index.php\/wp-json\/wp\/v2\/types\/product"}],"wp:attachment":[{"href":"https:\/\/roveyayinevi.com.tr\/index.php\/wp-json\/wp\/v2\/media?parent=767764"}],"wp:term":[{"taxonomy":"product_brand","embeddable":true,"href":"https:\/\/roveyayinevi.com.tr\/index.php\/wp-json\/wp\/v2\/product_brand?post=767764"},{"taxonomy":"product_cat","embeddable":true,"href":"https:\/\/roveyayinevi.com.tr\/index.php\/wp-json\/wp\/v2\/product_cat?post=767764"},{"taxonomy":"product_tag","embeddable":true,"href":"https:\/\/roveyayinevi.com.tr\/index.php\/wp-json\/wp\/v2\/product_tag?post=767764"}],"curies":[{"name":"wp","href":"https:\/\/api.w.org\/{rel}","templated":true}]}}