{"id":767763,"date":"2025-08-28T12:58:27","date_gmt":"2025-08-28T09:58:27","guid":{"rendered":"https:\/\/roveyayinevi.com.tr\/index.php\/urun\/karsi-odada-cinayet\/"},"modified":"2026-04-15T03:33:32","modified_gmt":"2026-04-15T00:33:32","slug":"karsi-odada-cinayet","status":"publish","type":"product","link":"https:\/\/roveyayinevi.com.tr\/index.php\/urun\/karsi-odada-cinayet\/","title":{"rendered":"Kar\u015f\u0131 Odada Cinayet"},"content":{"rendered":"<p>19. y\u00fczy\u0131l Osmanl\u0131 topraklar\u0131nda meydana gelen beklenmedik bir cinayet, Hafiye E\u015frefzade \u0130dris Bey\u2019i ger\u00e7eklerin pe\u015finde gizemli bir yolculu\u011fa \u00e7\u0131kar\u0131r. Polisiye kurmacan\u0131n \u00e7arp\u0131c\u0131 \u00f6rneklerinden biri olan bu roman, yaln\u0131zca olaylar\u0131n \u00e7\u00f6z\u00fcm\u00fcne odaklanmaz; ayn\u0131 zamanda, karakterlerin i\u00e7 d\u00fcnyalar\u0131n\u0131 ve d\u00f6nemin ruhunu ustal\u0131kla anlat\u0131r. E\u015frefzade \u0130dris Bey\u2019in adalet aray\u0131\u015f\u0131, ok-uru, entrikalar\u0131n i\u00e7ine \u00e7ekerken ayn\u0131 zamanda insan do\u011fas\u0131n\u0131n karanl\u0131k k\u00f6\u015felerine do\u011fru bir ke\u015ffe de davet eder. Ayfer Kafkas, Kar\u015f\u0131 Odada Cinayet roman\u0131 ile bir kez daha okurun kar\u015f\u0131s\u0131na \u00e7\u0131k\u0131yor ve okuru her sayfada beklenmedik olaylar ve sars\u0131c\u0131 ger\u00e7eklerle kar\u015f\u0131 kar\u015f\u0131ya b\u0131rak\u0131yor. Gerilim dolu anlat\u0131m\u0131, kusursuz kurgusu ve edebi derinli\u011fi ile Kar\u015f\u0131 Odada Cinayet, sadece bir polisiye roman de\u011fil, yazar\u0131n di\u011fer romanlar\u0131 gibi, ayn\u0131 zamanda edebiyat d\u00fcnyas\u0131nda iz b\u0131rakacak bir eser&#8230; Gizemlerin \u00f6tesine ge\u00e7mek ve tarihin dolamba\u00e7l\u0131 sokaklar\u0131nda kaybolmak isteyen okurlar i\u00e7in unutulmaz bir yolculuk\u2026 <\/p>\n","protected":false},"excerpt":{"rendered":"<p>19. y\u00fczy\u0131l Osmanl\u0131 topraklar\u0131nda meydana gelen beklenmedik bir cinayet, Hafiye E\u015frefzade \u0130dris Bey\u2019i ger\u00e7eklerin pe\u015finde gizemli bir yolculu\u011fa \u00e7\u0131kar\u0131r. Polisiye kurmacan\u0131n \u00e7arp\u0131c\u0131 \u00f6rneklerinden biri olan bu<span class=\"excerpt-hellip\"> [\u2026]<\/span><\/p>\n","protected":false},"featured_media":0,"template":"","meta":{"_monsterinsights_skip_tracking":false,"_monsterinsights_sitenote_active":false,"_monsterinsights_sitenote_note":"","_monsterinsights_sitenote_category":0},"product_brand":[],"product_cat":[12291,12711],"product_tag":[],"class_list":{"0":"post-767763","1":"product","2":"type-product","3":"status-publish","5":"product_cat-edebiyat","6":"product_cat-roman-oyku","7":"pa_cilt-ciltsiz","8":"pa_tur-kitap","9":"pa_yayinevi-gutenberg","10":"pa_yazar-ayfer-kafkas","12":"first","13":"instock","14":"sale","15":"shipping-taxable","16":"purchasable","17":"product-type-simple"},"_links":{"self":[{"href":"https:\/\/roveyayinevi.com.tr\/index.php\/wp-json\/wp\/v2\/product\/767763","targetHints":{"allow":["GET"]}}],"collection":[{"href":"https:\/\/roveyayinevi.com.tr\/index.php\/wp-json\/wp\/v2\/product"}],"about":[{"href":"https:\/\/roveyayinevi.com.tr\/index.php\/wp-json\/wp\/v2\/types\/product"}],"wp:attachment":[{"href":"https:\/\/roveyayinevi.com.tr\/index.php\/wp-json\/wp\/v2\/media?parent=767763"}],"wp:term":[{"taxonomy":"product_brand","embeddable":true,"href":"https:\/\/roveyayinevi.com.tr\/index.php\/wp-json\/wp\/v2\/product_brand?post=767763"},{"taxonomy":"product_cat","embeddable":true,"href":"https:\/\/roveyayinevi.com.tr\/index.php\/wp-json\/wp\/v2\/product_cat?post=767763"},{"taxonomy":"product_tag","embeddable":true,"href":"https:\/\/roveyayinevi.com.tr\/index.php\/wp-json\/wp\/v2\/product_tag?post=767763"}],"curies":[{"name":"wp","href":"https:\/\/api.w.org\/{rel}","templated":true}]}}