{"id":767762,"date":"2025-08-28T12:58:26","date_gmt":"2025-08-28T09:58:26","guid":{"rendered":"https:\/\/roveyayinevi.com.tr\/index.php\/urun\/guc\/"},"modified":"2026-04-07T03:27:55","modified_gmt":"2026-04-07T00:27:55","slug":"guc","status":"publish","type":"product","link":"https:\/\/roveyayinevi.com.tr\/index.php\/urun\/guc\/","title":{"rendered":"G\u00fc\u00e7"},"content":{"rendered":"<p>G\u00fc\u00e7 sahibi olmak ile g\u00fc\u00e7l\u00fc olmak aras\u0131ndaki o ince \u00e7izginin \u00fczerinde keyifli bir fark\u0131ndal\u0131k y\u00fcr\u00fcy\u00fc\u015f\u00fc yapmaya haz\u0131r m\u0131s\u0131n\u0131z? G\u00fc\u00e7 deyince akl\u0131n\u0131za ne geliyor? Pozisyonlar, maddi imk\u00e2nlar, stat\u00fcler, \u00fcst\u00fcnl\u00fck kurabilme yetene\u011fi\u2026 Asl\u0131nda \u201cg\u00fc\u00e7\u201d kavram\u0131 bu bahsettiklerimizden \u00e7ok daha derinlerde sakl\u0131. \u015eu an elinizde tuttu\u011funuz kitap, sizi i\u00e7sel g\u00fcc\u00fcn\u00fcz\u00fc ke\u015ffetmeye davet ediyor. Prof. Dr. Zeynep Oktu\u011f T\u0131rnova, fark\u0131ndal\u0131\u011f\u0131n\u0131z\u0131 art\u0131rmak, duygular\u0131n\u0131z\u0131 y\u00f6netmek ve iradenizi g\u00fc\u00e7lendirmek i\u00e7in nas\u0131l bir yol izlemeniz gerekti\u011fini hik\u00e2yelerle \u00f6rneklendirerek anlat\u0131yor. Bu kitap ile kendinizi tan\u0131yacak, \u201cg\u00fc\u00e7\u201d kavram\u0131na yeni bir pencereden bakacaks\u0131n\u0131z. <\/p>\n","protected":false},"excerpt":{"rendered":"<p>G\u00fc\u00e7 sahibi olmak ile g\u00fc\u00e7l\u00fc olmak aras\u0131ndaki o ince \u00e7izginin \u00fczerinde keyifli bir fark\u0131ndal\u0131k y\u00fcr\u00fcy\u00fc\u015f\u00fc yapmaya haz\u0131r m\u0131s\u0131n\u0131z? G\u00fc\u00e7 deyince akl\u0131n\u0131za ne geliyor? Pozisyonlar, maddi imk\u00e2nlar,<span class=\"excerpt-hellip\"> [\u2026]<\/span><\/p>\n","protected":false},"featured_media":0,"template":"","meta":{"_monsterinsights_skip_tracking":false,"_monsterinsights_sitenote_active":false,"_monsterinsights_sitenote_note":"","_monsterinsights_sitenote_category":0},"product_brand":[],"product_cat":[12364,12376],"product_tag":[],"class_list":{"0":"post-767762","1":"product","2":"type-product","3":"status-publish","5":"product_cat-genel-konular","6":"product_cat-kisisel-gelisim","7":"pa_cilt-ciltsiz","8":"pa_tur-kitap","9":"pa_yayinevi-ucuncu-goz","10":"pa_yazar-zeynep-oktug-tirnova","12":"first","13":"instock","14":"sale","15":"shipping-taxable","16":"purchasable","17":"product-type-simple"},"_links":{"self":[{"href":"https:\/\/roveyayinevi.com.tr\/index.php\/wp-json\/wp\/v2\/product\/767762","targetHints":{"allow":["GET"]}}],"collection":[{"href":"https:\/\/roveyayinevi.com.tr\/index.php\/wp-json\/wp\/v2\/product"}],"about":[{"href":"https:\/\/roveyayinevi.com.tr\/index.php\/wp-json\/wp\/v2\/types\/product"}],"wp:attachment":[{"href":"https:\/\/roveyayinevi.com.tr\/index.php\/wp-json\/wp\/v2\/media?parent=767762"}],"wp:term":[{"taxonomy":"product_brand","embeddable":true,"href":"https:\/\/roveyayinevi.com.tr\/index.php\/wp-json\/wp\/v2\/product_brand?post=767762"},{"taxonomy":"product_cat","embeddable":true,"href":"https:\/\/roveyayinevi.com.tr\/index.php\/wp-json\/wp\/v2\/product_cat?post=767762"},{"taxonomy":"product_tag","embeddable":true,"href":"https:\/\/roveyayinevi.com.tr\/index.php\/wp-json\/wp\/v2\/product_tag?post=767762"}],"curies":[{"name":"wp","href":"https:\/\/api.w.org\/{rel}","templated":true}]}}