{"id":767761,"date":"2025-08-28T12:58:24","date_gmt":"2025-08-28T09:58:24","guid":{"rendered":"https:\/\/roveyayinevi.com.tr\/index.php\/urun\/guvenilir-kisi\/"},"modified":"2026-04-15T03:33:32","modified_gmt":"2026-04-15T00:33:32","slug":"guvenilir-kisi","status":"publish","type":"product","link":"https:\/\/roveyayinevi.com.tr\/index.php\/urun\/guvenilir-kisi\/","title":{"rendered":"G\u00fcvenilir Ki\u015fi"},"content":{"rendered":"<p>\u201c\u0130\u00e7inde ya\u015fad\u0131\u011f\u0131m\u0131z \u015fu d\u00fcnya ne acayip: Bug\u00fcn insanlara en az inand\u0131r\u0131c\u0131 gelen \u015feyler en saf niyetler.\u201d   S\u0131radan bir i\u015f g\u00fcn\u00fcnde gen\u00e7 Max, y\u00fckleme alan\u0131na park eden l\u00fcks bir arac\u0131 vincine tak\u0131p yediemine do\u011fru yola \u00e7\u0131kar. Fakat bu sefer \u00e7ekti\u011fi arac\u0131n i\u00e7inde, film kapl\u0131 pencereler ard\u0131nda kafas\u0131 kar\u0131\u015fm\u0131\u015f, ya\u015fl\u0131 bir han\u0131m\u0131n oldu\u011fundan habersizdir. \u00dcst\u00fcne \u00fcstl\u00fck deh\u015fetle fark edece\u011fi \u00fczere kar\u015f\u0131s\u0131ndaki, kurabiye paketlerindeki y\u00fcz\u00fcyle herkesin tan\u0131d\u0131\u011f\u0131, II. D\u00fcnya Sava\u015f\u0131 s\u0131ras\u0131nda Paris Direni\u015fi\u2019nin kahramanlar\u0131ndan Madeleine Larmor\u2019dan ba\u015fkas\u0131 de\u011fildir. Kendine geldi\u011finde ya\u015fl\u0131 kad\u0131n, Max\u2019i y\u0131llar \u00f6nce sava\u015f s\u0131ras\u0131nda Nazilere esir d\u00fc\u015fen sevgilisi ile kar\u0131\u015ft\u0131racak, ikili \u00e7ok ge\u00e7meden hayatlar\u0131nda yepyeni bir sayfa a\u00e7acak bir maceraya s\u00fcr\u00fcklenecektir. Yazd\u0131\u011f\u0131 k\u0131rk\u0131n \u00fczerinde kitap otuza yak\u0131n dile \u00e7evrilen Fransa\u2019n\u0131n Gouncourt \u00d6d\u00fcl\u00fc sahibi yazarlar\u0131ndan Didier van Cauwelaert, hayatlar\u0131 birbirlerine g\u00fcvenerek de\u011fi\u015fen iki yabanc\u0131y\u0131 merkezine ald\u0131\u011f\u0131 bu roman\u0131nda umudu her ya\u015fta diri tutmaya dair y\u00fcrek \u0131s\u0131tan bir \u00f6yk\u00fcye imza at\u0131yor. \u201cBirbirinden renkli karakterler ve ak\u0131llardan uzun s\u00fcre \u00e7\u0131kmayacak sahneler i\u00e7eren bu roman\u0131yla Cauwelaert bizi bir kez daha \u015fa\u015f\u0131rt\u0131yor.\u201d \u2013Le Parisien <\/p>\n","protected":false},"excerpt":{"rendered":"<p>\u201c\u0130\u00e7inde ya\u015fad\u0131\u011f\u0131m\u0131z \u015fu d\u00fcnya ne acayip: Bug\u00fcn insanlara en az inand\u0131r\u0131c\u0131 gelen \u015feyler en saf niyetler.\u201d S\u0131radan bir i\u015f g\u00fcn\u00fcnde gen\u00e7 Max, y\u00fckleme alan\u0131na park eden<span class=\"excerpt-hellip\"> [\u2026]<\/span><\/p>\n","protected":false},"featured_media":0,"template":"","meta":{"_monsterinsights_skip_tracking":false,"_monsterinsights_sitenote_active":false,"_monsterinsights_sitenote_note":"","_monsterinsights_sitenote_category":0},"product_brand":[],"product_cat":[12291,12711],"product_tag":[],"class_list":{"0":"post-767761","1":"product","2":"type-product","3":"status-publish","5":"product_cat-edebiyat","6":"product_cat-roman-oyku","7":"pa_cilt-ciltsiz","8":"pa_tur-kitap","9":"pa_yayinevi-is-bankasi-kultur-yayinlari","10":"pa_yazar-didier-van-cauwelaert","12":"first","13":"instock","14":"sale","15":"shipping-taxable","16":"purchasable","17":"product-type-simple"},"_links":{"self":[{"href":"https:\/\/roveyayinevi.com.tr\/index.php\/wp-json\/wp\/v2\/product\/767761","targetHints":{"allow":["GET"]}}],"collection":[{"href":"https:\/\/roveyayinevi.com.tr\/index.php\/wp-json\/wp\/v2\/product"}],"about":[{"href":"https:\/\/roveyayinevi.com.tr\/index.php\/wp-json\/wp\/v2\/types\/product"}],"wp:attachment":[{"href":"https:\/\/roveyayinevi.com.tr\/index.php\/wp-json\/wp\/v2\/media?parent=767761"}],"wp:term":[{"taxonomy":"product_brand","embeddable":true,"href":"https:\/\/roveyayinevi.com.tr\/index.php\/wp-json\/wp\/v2\/product_brand?post=767761"},{"taxonomy":"product_cat","embeddable":true,"href":"https:\/\/roveyayinevi.com.tr\/index.php\/wp-json\/wp\/v2\/product_cat?post=767761"},{"taxonomy":"product_tag","embeddable":true,"href":"https:\/\/roveyayinevi.com.tr\/index.php\/wp-json\/wp\/v2\/product_tag?post=767761"}],"curies":[{"name":"wp","href":"https:\/\/api.w.org\/{rel}","templated":true}]}}