{"id":767758,"date":"2025-08-28T12:58:18","date_gmt":"2025-08-28T09:58:18","guid":{"rendered":"https:\/\/roveyayinevi.com.tr\/index.php\/urun\/cingeneler-livaneli-kitapligi\/"},"modified":"2026-04-15T03:33:31","modified_gmt":"2026-04-15T00:33:31","slug":"cingeneler-livaneli-kitapligi","status":"publish","type":"product","link":"https:\/\/roveyayinevi.com.tr\/index.php\/urun\/cingeneler-livaneli-kitapligi\/","title":{"rendered":"\u00c7ingeneler- Livaneli Kitapl\u0131\u011f\u0131"},"content":{"rendered":"<p>Osman Cemal Kayg\u0131l\u0131, unutulmaz eseri \u00c7ingeneler\u2019de \u0130stanbul\u2019un kenar mahallelerini olanca \u0131ss\u0131zl\u0131\u011f\u0131yla anlat\u0131yor. \u00c7ingenelerin kimler oldu\u011fu, onlara neden \u00c7ingene dendi\u011fi ve onlar\u0131n kendine ne dedi\u011fi gibi sorular\u0131n cevab\u0131n\u0131 veren bu eser, bir roman oldu\u011fu kadar ayn\u0131 zamanda tarihi ve sosyolojik bir kaynak niteli\u011finde. Top\u00e7ular\u2019daki basit bir harman yerinde arkada\u015f\u0131yla birlikte Tepeba\u015f\u0131\u2019na bakarken Karmen \u00e7almas\u0131yla hayat\u0131 de\u011fi\u015fen \u0130rfan Bey\u2019in hik\u00e2yesini oda\u011f\u0131na alan eserde, g\u00f6rmezden gelinen insanlar\u0131n m\u00fccadeleye ve umuda dayal\u0131 hayatlar\u0131 aktar\u0131l\u0131yor. \u0130rfan Bey\u2019in \u00c7ingenelerle dostlu\u011fu insan\u0131 k\u00e2h h\u00fcz\u00fcnlendiriyor k\u00e2h g\u00fcl\u00fcmsetiyor. G\u00fcng\u00f6ren, Tozkoparan civar\u0131ndaki derme \u00e7atma \u00c7ingene \u00e7ad\u0131rlar\u0131ndan K\u00e2\u011f\u0131thane Deresi \u00fczerindeki alemlere uzanan bu roman, bize eski \u0130stanbul manzaras\u0131n\u0131n yan\u0131 s\u0131ra \u015fehrin renkli gece hayat\u0131n\u0131 da sunuyor. \u00c7ingenelerin dilleri, k\u00fclt\u00fcrleri, tarihleri, inan\u0131\u015flar\u0131 ve sosyal ya\u015famlar\u0131; toplumsal \u00f6nyarg\u0131lar\u0131n g\u00f6lgesinde aktar\u0131l\u0131rken akrabal\u0131k ba\u011flar\u0131, dostluklar\u0131, d\u00fc\u015fmanl\u0131klar\u0131 da sanki oradaym\u0131\u015f\u0131z gibi sunuluyor. Ve elbette \u0130rfan Bey ile onun m\u00fczik tutkusu da\u2026 <\/p>\n","protected":false},"excerpt":{"rendered":"<p>Osman Cemal Kayg\u0131l\u0131, unutulmaz eseri \u00c7ingeneler\u2019de \u0130stanbul\u2019un kenar mahallelerini olanca \u0131ss\u0131zl\u0131\u011f\u0131yla anlat\u0131yor. \u00c7ingenelerin kimler oldu\u011fu, onlara neden \u00c7ingene dendi\u011fi ve onlar\u0131n kendine ne dedi\u011fi gibi sorular\u0131n<span class=\"excerpt-hellip\"> [\u2026]<\/span><\/p>\n","protected":false},"featured_media":0,"template":"","meta":{"_monsterinsights_skip_tracking":false,"_monsterinsights_sitenote_active":false,"_monsterinsights_sitenote_note":"","_monsterinsights_sitenote_category":0},"product_brand":[],"product_cat":[12291,12292],"product_tag":[],"class_list":{"0":"post-767758","1":"product","2":"type-product","3":"status-publish","5":"product_cat-edebiyat","6":"product_cat-turk-edebiyati","7":"pa_cilt-ciltsiz","8":"pa_tur-kitap","9":"pa_yayinevi-inkilap-kitabevi","10":"pa_yazar-osman-cemal-kaygili","12":"first","13":"instock","14":"sale","15":"shipping-taxable","16":"purchasable","17":"product-type-simple"},"_links":{"self":[{"href":"https:\/\/roveyayinevi.com.tr\/index.php\/wp-json\/wp\/v2\/product\/767758","targetHints":{"allow":["GET"]}}],"collection":[{"href":"https:\/\/roveyayinevi.com.tr\/index.php\/wp-json\/wp\/v2\/product"}],"about":[{"href":"https:\/\/roveyayinevi.com.tr\/index.php\/wp-json\/wp\/v2\/types\/product"}],"wp:attachment":[{"href":"https:\/\/roveyayinevi.com.tr\/index.php\/wp-json\/wp\/v2\/media?parent=767758"}],"wp:term":[{"taxonomy":"product_brand","embeddable":true,"href":"https:\/\/roveyayinevi.com.tr\/index.php\/wp-json\/wp\/v2\/product_brand?post=767758"},{"taxonomy":"product_cat","embeddable":true,"href":"https:\/\/roveyayinevi.com.tr\/index.php\/wp-json\/wp\/v2\/product_cat?post=767758"},{"taxonomy":"product_tag","embeddable":true,"href":"https:\/\/roveyayinevi.com.tr\/index.php\/wp-json\/wp\/v2\/product_tag?post=767758"}],"curies":[{"name":"wp","href":"https:\/\/api.w.org\/{rel}","templated":true}]}}