{"id":767757,"date":"2025-08-28T12:58:15","date_gmt":"2025-08-28T09:58:15","guid":{"rendered":"https:\/\/roveyayinevi.com.tr\/index.php\/urun\/gwendynin-son-gorevi\/"},"modified":"2026-04-15T03:33:31","modified_gmt":"2026-04-15T00:33:31","slug":"gwendynin-son-gorevi","status":"publish","type":"product","link":"https:\/\/roveyayinevi.com.tr\/index.php\/urun\/gwendynin-son-gorevi\/","title":{"rendered":"Gwendy&#8217;nin Son G\u00f6revi"},"content":{"rendered":"<p>Gwendy, d\u00fcnyay\u0131 ve hatta belki de t\u00fcm d\u00fcnyalar\u0131 kurtarmak i\u00e7in gizli bir g\u00f6revi yerine getirmek zorunda. Gwendy Peterson on iki ya\u015f\u0131ndayken, Richard Farris ad\u0131nda gizemli bir yabanc\u0131 ona saklamas\u0131 i\u00e7in gizemli bir kutu verdi. Kutuda \u00e7ikolatalar ve eski madeni paralar vard\u0131 ama tehlikeliydi de. Kutunun \u00fczerindeki yedi renkli d\u00fc\u011fmeye basmak \u00f6l\u00fcm ve y\u0131k\u0131m getiriyordu. Y\u0131llar sonra, d\u00fc\u011fme kutusu Gwendy&#8217;nin hayat\u0131na tekrar girdi. Ba\u015far\u0131l\u0131 bir roman yazar\u0131 ve y\u00fckselen bir siyasi y\u0131ld\u0131z olarak, bu kutunun sunduklar\u0131n\u0131n \u00e7ekicili\u011fiyle ba\u015fa \u00e7\u0131kmak zorunda kald\u0131. \u015eimdi de k\u00f6t\u00fc g\u00fc\u00e7ler d\u00fc\u011fme kutusunu ele ge\u00e7irmeye \u00e7al\u0131\u015f\u0131yor ve onlar\u0131 durdurmak Senat\u00f6r Gwendy Peterson&#8217;\u0131n g\u00f6revi. Her ne pahas\u0131na olursa olsun bunu yapmak zorunda. Ama bu kadar g\u00fc\u00e7l\u00fc varl\u0131klardan saklanmak nas\u0131l m\u00fcmk\u00fcn olabilir? Gwendy&#8217;nin Son G\u00f6revi&#8217;nde, &#8220;korku edebiyat\u0131n\u0131n devleri&#8221; Stephen King ve Richard Chizmar bizi Castle Rock&#8217;tan, \u00fcnl\u00fc ba\u015fka bir lanetli Maine \u015fehrine ve MF-1 uzay istasyonuna kadar uzanan bir yolculu\u011fa \u00e7\u0131kar\u0131yorlar. <\/p>\n","protected":false},"excerpt":{"rendered":"<p>Gwendy, d\u00fcnyay\u0131 ve hatta belki de t\u00fcm d\u00fcnyalar\u0131 kurtarmak i\u00e7in gizli bir g\u00f6revi yerine getirmek zorunda. Gwendy Peterson on iki ya\u015f\u0131ndayken, Richard Farris ad\u0131nda gizemli bir<span class=\"excerpt-hellip\"> [\u2026]<\/span><\/p>\n","protected":false},"featured_media":0,"template":"","meta":{"_monsterinsights_skip_tracking":false,"_monsterinsights_sitenote_active":false,"_monsterinsights_sitenote_note":"","_monsterinsights_sitenote_category":0},"product_brand":[],"product_cat":[12291,12711],"product_tag":[],"class_list":{"0":"post-767757","1":"product","2":"type-product","3":"status-publish","5":"product_cat-edebiyat","6":"product_cat-roman-oyku","7":"pa_cilt-ciltsiz","8":"pa_tur-kitap","9":"pa_yayinevi-inkilap-kitabevi","10":"pa_yazar-stephen-king-richard-chizmar","12":"first","13":"instock","14":"sale","15":"shipping-taxable","16":"purchasable","17":"product-type-simple"},"_links":{"self":[{"href":"https:\/\/roveyayinevi.com.tr\/index.php\/wp-json\/wp\/v2\/product\/767757","targetHints":{"allow":["GET"]}}],"collection":[{"href":"https:\/\/roveyayinevi.com.tr\/index.php\/wp-json\/wp\/v2\/product"}],"about":[{"href":"https:\/\/roveyayinevi.com.tr\/index.php\/wp-json\/wp\/v2\/types\/product"}],"wp:attachment":[{"href":"https:\/\/roveyayinevi.com.tr\/index.php\/wp-json\/wp\/v2\/media?parent=767757"}],"wp:term":[{"taxonomy":"product_brand","embeddable":true,"href":"https:\/\/roveyayinevi.com.tr\/index.php\/wp-json\/wp\/v2\/product_brand?post=767757"},{"taxonomy":"product_cat","embeddable":true,"href":"https:\/\/roveyayinevi.com.tr\/index.php\/wp-json\/wp\/v2\/product_cat?post=767757"},{"taxonomy":"product_tag","embeddable":true,"href":"https:\/\/roveyayinevi.com.tr\/index.php\/wp-json\/wp\/v2\/product_tag?post=767757"}],"curies":[{"name":"wp","href":"https:\/\/api.w.org\/{rel}","templated":true}]}}