{"id":767756,"date":"2025-08-28T12:58:14","date_gmt":"2025-08-28T09:58:14","guid":{"rendered":"https:\/\/roveyayinevi.com.tr\/index.php\/urun\/gelenek-ile-modernlik-arasinda-tesetturlu-sporcularin-kimlik-insa-stratejileri\/"},"modified":"2026-04-15T03:33:31","modified_gmt":"2026-04-15T00:33:31","slug":"gelenek-ile-modernlik-arasinda-tesetturlu-sporcularin-kimlik-insa-stratejileri","status":"publish","type":"product","link":"https:\/\/roveyayinevi.com.tr\/index.php\/urun\/gelenek-ile-modernlik-arasinda-tesetturlu-sporcularin-kimlik-insa-stratejileri\/","title":{"rendered":"Gelenek \u0130le Modernlik Aras\u0131nda Tesett\u00fcrl\u00fc Sporcular\u0131n Kimlik \u0130n\u015fa Stratejileri"},"content":{"rendered":"<p>Toplumlar\u0131n k\u00fclt\u00fcrel ve sosyolojik yap\u0131lar\u0131, bireylerin kimliklerini nas\u0131l in\u015fa ettiklerine dair derin ipu\u00e7lar\u0131 sunar. Gelenek ile modernlik aras\u0131nda \u015fekillenen kimlikler, \u00f6zellikle s\u0131n\u0131rda duran bireyler i\u00e7in zengin bir ara\u015ft\u0131rma alan\u0131 olu\u015fturur. Bu kitap, modern spor d\u00fcnyas\u0131nda yer alan ve ayn\u0131 zamanda tesett\u00fcr gibi geleneksel bir ya\u015fam bi\u00e7imini benimseyen kad\u0131n sporcular\u0131n kimlik in\u015fa s\u00fcre\u00e7lerine \u0131\u015f\u0131k tutmay\u0131 ama\u00e7lamaktad\u0131r. Tesett\u00fcrl\u00fc sporcular hem geleneksel de\u011ferleri hem de modern spor d\u00fcnyas\u0131n\u0131n gerekliliklerini bir arada ta\u015f\u0131yan bir denge kurmaya \u00e7al\u0131\u015fmaktad\u0131r. Bu denge, yaln\u0131zca bireysel bir tercih olman\u0131n \u00f6tesine ge\u00e7erek toplumsal normlar, k\u00fcresel spor end\u00fcstrisi ve kad\u0131n kimli\u011fi gibi \u00e7ok katmanl\u0131 dinamikleri i\u00e7inde bar\u0131nd\u0131r\u0131r. Onlar\u0131n hik\u00e2yeleri, toplumsal de\u011fi\u015fim ve bireysel m\u00fccadelelerin kesi\u015fiminde yer alan g\u00fc\u00e7l\u00fc anlat\u0131lar sunmaktad\u0131r. Bu kitap, sosyolojik, k\u00fclt\u00fcrel ve psikolojik perspektiflerden hareketle tesett\u00fcrl\u00fc sporcular\u0131n kimlik in\u015fa stratejilerini anlamay\u0131 hedeflemektedir. Ayn\u0131 zamanda, bu kad\u0131nlar\u0131n ba\u015far\u0131 hik\u00e2yeleri \u00fczerinden toplumlar\u0131n d\u00f6n\u00fc\u015fen de\u011ferler sistemini sorgulamak ve bu d\u00f6n\u00fc\u015f\u00fcm\u00fcn bireyler \u00fczerindeki etkilerini tart\u0131\u015fmaya a\u00e7mak niyetindedir. Kitap boyunca, okuyucular sadece bir grup kad\u0131n\u0131n hik\u00e2yelerine de\u011fil, ayn\u0131 zamanda modern spor d\u00fcnyas\u0131nda kad\u0131n olman\u0131n ve tesett\u00fcrl\u00fc bir sporcu olman\u0131n ne anlama geldi\u011fine dair kapsaml\u0131 bir analize tan\u0131kl\u0131k edecekler. Geleneksel de\u011ferler ve modern idealler aras\u0131nda bir k\u00f6pr\u00fc kuran bu kad\u0131nlar\u0131n hem bireysel hem de toplumsal anlamda nas\u0131l bir rol \u00fcstlendiklerini anlamak, g\u00fcn\u00fcm\u00fcz d\u00fcnyas\u0131nda kimlik ve aidiyet konular\u0131na dair \u00f6nemli bir fark\u0131ndal\u0131k sa\u011flayacakt\u0131r. Bu kitab\u0131n hem akademik \u00e7evrelere hem de spora ve toplumsal meseleler \u00fczerine d\u00fc\u015f\u00fcnen geni\u015f bir okuyucu kitlesine katk\u0131 sunmas\u0131n\u0131 diliyorum. Tesett\u00fcrl\u00fc sporcular\u0131n \u00e7abalar\u0131n\u0131, m\u00fccadelelerini ve ba\u015far\u0131lar\u0131n\u0131 anlamak, yaln\u0131zca onlar\u0131n hik\u00e2yesini de\u011fil, ayn\u0131 zamanda modern toplumun d\u00f6n\u00fc\u015f\u00fcm\u00fcne dair \u00f6nemli ipu\u00e7lar\u0131n\u0131 ke\u015ffetmek anlam\u0131na gelecektir. Bu vesileyle \u00f6zveri ile haz\u0131rlam\u0131\u015f oldu\u011fum kitab\u0131m\u0131n bu a\u015famaya gelmesinde b\u00fcy\u00fck emekleri olan, e\u011fitim hayat\u0131m boyunca da bilgi birikiminden faydaland\u0131\u011f\u0131m de\u011ferli hocam Do\u00e7. Dr. Erol SUNGUR\u2019a, yap\u0131c\u0131 ele\u015ftirileri ve de\u011ferli katk\u0131lar\u0131ndan dolay\u0131 Do\u00e7. Dr. Mustafa Dervi\u015f DEREL\u0130 ve Dr. \u00d6\u011fr. \u00dcyesi Enver \u015eAH\u0130N hocalar\u0131ma, kitab\u0131n yaz\u0131m s\u00fcrecinde fikir al\u0131\u015fveri\u015finde bulundu\u011fum, tecr\u00fcbeleriyle beni destekleyip motive eden arkada\u015flar\u0131m Do\u00e7. Dr. Recep Fatih KAYHAN, Bedel SAMANCI KAYHAN, Dr. Bekir Erhan ORHAN ve Esranur TERZ\u0130\u2019ye, yo\u011fun i\u015f ve spor tempolar\u0131na ra\u011fmen ara\u015ft\u0131rmaya kat\u0131larak kitab\u0131n ortaya \u00e7\u0131kmas\u0131na katk\u0131 sa\u011flayan sporcu arkada\u015flar\u0131ma, hayat\u0131m\u0131n her alan\u0131nda oldu\u011fu gibi e\u011fitim s\u00fcrecim boyunca da yan\u0131mda olan aileme ve sevgili e\u015fim Dr. \u00d6\u011fr. \u00dcyesi Halil \u0130brahim \u00c7AKIR\u2019a desteklerinden dolay\u0131 \u00e7ok te\u015fekk\u00fcr ediyorum. Kitab\u0131m\u0131z\u0131n sporun t\u00fcm payda\u015flar\u0131na ve \u00f6zellikle tesett\u00fcrl\u00fc sporculara katk\u0131 sa\u011flamas\u0131 dile\u011fiyle\u2026 <\/p>\n","protected":false},"excerpt":{"rendered":"<p>Toplumlar\u0131n k\u00fclt\u00fcrel ve sosyolojik yap\u0131lar\u0131, bireylerin kimliklerini nas\u0131l in\u015fa ettiklerine dair derin ipu\u00e7lar\u0131 sunar. Gelenek ile modernlik aras\u0131nda \u015fekillenen kimlikler, \u00f6zellikle s\u0131n\u0131rda duran bireyler i\u00e7in zengin<span class=\"excerpt-hellip\"> [\u2026]<\/span><\/p>\n","protected":false},"featured_media":0,"template":"","meta":{"_monsterinsights_skip_tracking":false,"_monsterinsights_sitenote_active":false,"_monsterinsights_sitenote_note":"","_monsterinsights_sitenote_category":0},"product_brand":[],"product_cat":[12325,12324],"product_tag":[],"class_list":{"0":"post-767756","1":"product","2":"type-product","3":"status-publish","5":"product_cat-diger-sosyoloji","6":"product_cat-sosyoloji","7":"pa_cilt-ciltsiz","8":"pa_tur-kitap","9":"pa_yayinevi-soncag-akademik-kitaplar","10":"pa_yazar-melek-altindal-cakir","12":"first","13":"instock","14":"sale","15":"shipping-taxable","16":"purchasable","17":"product-type-simple"},"_links":{"self":[{"href":"https:\/\/roveyayinevi.com.tr\/index.php\/wp-json\/wp\/v2\/product\/767756","targetHints":{"allow":["GET"]}}],"collection":[{"href":"https:\/\/roveyayinevi.com.tr\/index.php\/wp-json\/wp\/v2\/product"}],"about":[{"href":"https:\/\/roveyayinevi.com.tr\/index.php\/wp-json\/wp\/v2\/types\/product"}],"wp:attachment":[{"href":"https:\/\/roveyayinevi.com.tr\/index.php\/wp-json\/wp\/v2\/media?parent=767756"}],"wp:term":[{"taxonomy":"product_brand","embeddable":true,"href":"https:\/\/roveyayinevi.com.tr\/index.php\/wp-json\/wp\/v2\/product_brand?post=767756"},{"taxonomy":"product_cat","embeddable":true,"href":"https:\/\/roveyayinevi.com.tr\/index.php\/wp-json\/wp\/v2\/product_cat?post=767756"},{"taxonomy":"product_tag","embeddable":true,"href":"https:\/\/roveyayinevi.com.tr\/index.php\/wp-json\/wp\/v2\/product_tag?post=767756"}],"curies":[{"name":"wp","href":"https:\/\/api.w.org\/{rel}","templated":true}]}}