{"id":767755,"date":"2025-08-28T12:58:12","date_gmt":"2025-08-28T09:58:12","guid":{"rendered":"https:\/\/roveyayinevi.com.tr\/index.php\/urun\/bu-gidis-gidis-degil\/"},"modified":"2026-04-15T03:33:31","modified_gmt":"2026-04-15T00:33:31","slug":"bu-gidis-gidis-degil","status":"publish","type":"product","link":"https:\/\/roveyayinevi.com.tr\/index.php\/urun\/bu-gidis-gidis-degil\/","title":{"rendered":"Bu Gidi\u015f Gidi\u015f De\u011fil"},"content":{"rendered":"<p>\u201c\u0130nsan d\u00fcnk\u00fc kendine hasret ya\u015f\u0131yor, belki de s\u0131rf bu y\u00fczden ikinci el, \u00f6zenle saklanm\u0131\u015f bir hayata yenisinden fazla ihtiyac\u0131 oluyor. Ne ya\u015fad\u0131ysa onca zaman, g\u00fcn geliyor hepsini kucaklay\u0131p yeniden ba\u015fl\u0131yor.\u201d Cem Davran, ge\u00e7mi\u015ften g\u00fcn\u00fcm\u00fcze uzanan bir yolculukta, saklad\u0131\u011f\u0131, vazge\u00e7emedi\u011fi an\u0131lar\u0131, tan\u0131k oldu\u011fu ya\u015famlar\u0131, unutulmaya y\u00fcz tutmu\u015f hik\u00e2yeleri g\u00fcn y\u00fcz\u00fcne \u00e7\u0131kar\u0131yor. Her hik\u00e2yenin i\u00e7imizde, derinlerde bir yere temas etti\u011fi, \u00e7ocukluk hat\u0131ralar\u0131yla boyanm\u0131\u015f, g\u00fcl\u00fcmseten, h\u00fcz\u00fcnlendiren ama her daim s\u0131cac\u0131k \u00fcslubuyla okurunu saran Bu Gidi\u015f Gidi\u015f De\u011fil, unutman\u0131n \u00e7a\u011f\u0131nda hat\u0131rlaman\u0131n erdemini anlat\u0131yor. \u0130nsan\u0131n hayat yolculu\u011funa k\u0131r\u0131k bir ayna tutuyor Cem Davran ve \u015f\u00f6yle diyor: \u201cGitti\u011fini d\u00fc\u015f\u00fcn\u00fcyorsun ya; i\u015fte bu gidi\u015f gidi\u015f de\u011fil, kendine yalan s\u00f6yleme.\u201d <\/p>\n","protected":false},"excerpt":{"rendered":"<p>\u201c\u0130nsan d\u00fcnk\u00fc kendine hasret ya\u015f\u0131yor, belki de s\u0131rf bu y\u00fczden ikinci el, \u00f6zenle saklanm\u0131\u015f bir hayata yenisinden fazla ihtiyac\u0131 oluyor. Ne ya\u015fad\u0131ysa onca zaman, g\u00fcn geliyor<span class=\"excerpt-hellip\"> [\u2026]<\/span><\/p>\n","protected":false},"featured_media":0,"template":"","meta":{"_monsterinsights_skip_tracking":false,"_monsterinsights_sitenote_active":false,"_monsterinsights_sitenote_note":"","_monsterinsights_sitenote_category":0},"product_brand":[],"product_cat":[12777,12291],"product_tag":[],"class_list":{"0":"post-767755","1":"product","2":"type-product","3":"status-publish","5":"product_cat-deneme","6":"product_cat-edebiyat","7":"pa_cilt-ciltsiz","8":"pa_tur-kitap","9":"pa_yayinevi-inkilap-kitabevi","10":"pa_yazar-cem-davran","12":"first","13":"instock","14":"sale","15":"shipping-taxable","16":"purchasable","17":"product-type-simple"},"_links":{"self":[{"href":"https:\/\/roveyayinevi.com.tr\/index.php\/wp-json\/wp\/v2\/product\/767755","targetHints":{"allow":["GET"]}}],"collection":[{"href":"https:\/\/roveyayinevi.com.tr\/index.php\/wp-json\/wp\/v2\/product"}],"about":[{"href":"https:\/\/roveyayinevi.com.tr\/index.php\/wp-json\/wp\/v2\/types\/product"}],"wp:attachment":[{"href":"https:\/\/roveyayinevi.com.tr\/index.php\/wp-json\/wp\/v2\/media?parent=767755"}],"wp:term":[{"taxonomy":"product_brand","embeddable":true,"href":"https:\/\/roveyayinevi.com.tr\/index.php\/wp-json\/wp\/v2\/product_brand?post=767755"},{"taxonomy":"product_cat","embeddable":true,"href":"https:\/\/roveyayinevi.com.tr\/index.php\/wp-json\/wp\/v2\/product_cat?post=767755"},{"taxonomy":"product_tag","embeddable":true,"href":"https:\/\/roveyayinevi.com.tr\/index.php\/wp-json\/wp\/v2\/product_tag?post=767755"}],"curies":[{"name":"wp","href":"https:\/\/api.w.org\/{rel}","templated":true}]}}