{"id":767754,"date":"2025-08-28T12:58:11","date_gmt":"2025-08-28T09:58:11","guid":{"rendered":"https:\/\/roveyayinevi.com.tr\/index.php\/urun\/istisare-ve-demokrasi\/"},"modified":"2026-04-15T03:33:31","modified_gmt":"2026-04-15T00:33:31","slug":"istisare-ve-demokrasi","status":"publish","type":"product","link":"https:\/\/roveyayinevi.com.tr\/index.php\/urun\/istisare-ve-demokrasi\/","title":{"rendered":"\u0130sti\u015fare ve Demokrasi"},"content":{"rendered":"<p>Tecr\u00fcbeler g\u00f6stermektedir ki insanl\u0131k ideallerine ula\u015fabilmek i\u00e7in, insan olmaktan kaynaklanan zaaflar\u0131 yendikten sonra, iyili\u011fe niyet edip sa\u011flam bir iradeyle do\u011fru y\u00f6ntemleri uygulamak gerekmektedir. Bu olmad\u0131\u011f\u0131 taktirde insan ili\u015fkilerinde g\u00fcc\u00fcn basit menfaatler u\u011fruna kullan\u0131lmas\u0131n\u0131n neticesi olarak istibdat ortaya \u00e7\u0131kacak ve zamanla b\u00fct\u00fcn toplum katmanlar\u0131na yay\u0131lacakt\u0131r. \u00c7\u00fcnk\u00fc insanlar yapt\u0131\u011f\u0131 i\u015fin k\u00f6t\u00fc oldu\u011funu bilse bile bunun ba\u015fkalar\u0131 taraf\u0131ndan da yap\u0131ld\u0131\u011f\u0131n\u0131 s\u00f6yleyerek k\u00f6t\u00fcl\u00fc\u011f\u00fcn\u00fc me\u015frula\u015ft\u0131rmaya \u00e7al\u0131\u015f\u0131rlar. B\u00f6ylece k\u00f6t\u00fcl\u00fck bula\u015f\u0131c\u0131 hastal\u0131klar gibi yay\u0131l\u0131r. Dolay\u0131s\u0131yla insanlar\u0131n, istibdattan kurtulup hak ve adaleti netice verecek demokratik d\u00fczeni kurabilmeleri i\u00e7in iyi niyetle, fedakarl\u0131kla, yerine g\u00f6re bedel \u00f6demeyi g\u00f6ze alarak, insanl\u0131k ad\u0131na do\u011fru i\u015fleri yapmaya devam etmeleri gerekmektedir. Bu da otokontrol sa\u011flayan manevi yapt\u0131r\u0131m g\u00fcc\u00fcne sahip sa\u011flam bir inan\u00e7 sistemi ile olabilir ki, \u0130slam medeniyeti demokratik ideallerin ger\u00e7ekle\u015fmesi i\u00e7in gerekli motivasyonu sa\u011flamaktad\u0131r. <\/p>\n","protected":false},"excerpt":{"rendered":"<p>Tecr\u00fcbeler g\u00f6stermektedir ki insanl\u0131k ideallerine ula\u015fabilmek i\u00e7in, insan olmaktan kaynaklanan zaaflar\u0131 yendikten sonra, iyili\u011fe niyet edip sa\u011flam bir iradeyle do\u011fru y\u00f6ntemleri uygulamak gerekmektedir. Bu olmad\u0131\u011f\u0131 taktirde<span class=\"excerpt-hellip\"> [\u2026]<\/span><\/p>\n","protected":false},"featured_media":0,"template":"","meta":{"_monsterinsights_skip_tracking":false,"_monsterinsights_sitenote_active":false,"_monsterinsights_sitenote_note":"","_monsterinsights_sitenote_category":0},"product_brand":[],"product_cat":[13590,12337],"product_tag":[],"class_list":{"0":"post-767754","1":"product","2":"type-product","3":"status-publish","5":"product_cat-arastirma-inceleme-politika-siyaset","6":"product_cat-politika-siyaset","7":"pa_cilt-ciltsiz","8":"pa_tur-kitap","9":"pa_yayinevi-soncag-akademik-kitaplar","10":"pa_yazar-sabri-zengin","12":"first","13":"instock","14":"sale","15":"shipping-taxable","16":"purchasable","17":"product-type-simple"},"_links":{"self":[{"href":"https:\/\/roveyayinevi.com.tr\/index.php\/wp-json\/wp\/v2\/product\/767754","targetHints":{"allow":["GET"]}}],"collection":[{"href":"https:\/\/roveyayinevi.com.tr\/index.php\/wp-json\/wp\/v2\/product"}],"about":[{"href":"https:\/\/roveyayinevi.com.tr\/index.php\/wp-json\/wp\/v2\/types\/product"}],"wp:attachment":[{"href":"https:\/\/roveyayinevi.com.tr\/index.php\/wp-json\/wp\/v2\/media?parent=767754"}],"wp:term":[{"taxonomy":"product_brand","embeddable":true,"href":"https:\/\/roveyayinevi.com.tr\/index.php\/wp-json\/wp\/v2\/product_brand?post=767754"},{"taxonomy":"product_cat","embeddable":true,"href":"https:\/\/roveyayinevi.com.tr\/index.php\/wp-json\/wp\/v2\/product_cat?post=767754"},{"taxonomy":"product_tag","embeddable":true,"href":"https:\/\/roveyayinevi.com.tr\/index.php\/wp-json\/wp\/v2\/product_tag?post=767754"}],"curies":[{"name":"wp","href":"https:\/\/api.w.org\/{rel}","templated":true}]}}