{"id":767753,"date":"2025-08-28T12:58:09","date_gmt":"2025-08-28T09:58:09","guid":{"rendered":"https:\/\/roveyayinevi.com.tr\/index.php\/urun\/cumhuriyetimiz-paris-notlari\/"},"modified":"2026-04-15T03:33:31","modified_gmt":"2026-04-15T00:33:31","slug":"cumhuriyetimiz-paris-notlari","status":"publish","type":"product","link":"https:\/\/roveyayinevi.com.tr\/index.php\/urun\/cumhuriyetimiz-paris-notlari\/","title":{"rendered":"Cumhuriyetimiz &amp; Paris Notlar\u0131"},"content":{"rendered":"<p>\u201cBa\u015fkalar\u0131n\u0131 bilmem. Fakat ufak tefek teess\u00fcrler ve can s\u0131k\u0131nt\u0131lar\u0131nda hatta biraz yaygarac\u0131 oldu\u011fum h\u00e2lde b\u00fcy\u00fck ac\u0131larda sessiz ve ketum olurum. Teselliden ka\u00e7ar\u0131m. Benim gibi duymas\u0131na ne imk\u00e2n ne de sebep olmayan kimselerin dert ortakl\u0131\u011f\u0131 iddialar\u0131na tahamm\u00fcl edemem. Ate\u015f d\u00fc\u015ft\u00fc\u011f\u00fc yeri yakar.\u201d Re\u015fat Nuri G\u00fcntekin\u2019in gazete ve dergilerde yay\u0131mlanan yaz\u0131lar\u0131 ilk kez bu kitapta bir araya geliyor. Usta yazar, 1938 ila 1949 y\u0131llar\u0131 aras\u0131nda kaleme ald\u0131\u011f\u0131 yaz\u0131larda edebiyat, dil ve e\u011fitim gibi konular\u0131n yan\u0131nda g\u00fcnl\u00fck siyasi ve sosyal konulara da temas ediyor. Cumhuriyet ilke ve ink\u0131l\u00e2plar\u0131n\u0131n yan\u0131nda saf tutan G\u00fcntekin, g\u00fcnl\u00fck hayattan pek \u00e7ok karakteri edebi bir lezzetle okurun kar\u015f\u0131s\u0131na \u00e7\u0131kar\u0131yor. Re\u015fat Nuri\u2019nin Paris seyahatinde kaleme ald\u0131\u011f\u0131 \u201cYolcu Notlar\u0131\u201d ve \u201cSeyahat Notlar\u0131\u201d \u00fcst ba\u015fl\u0131kl\u0131 gezi yaz\u0131s\u0131 dizileri ise gen\u00e7 bir Cumhuriyet ayd\u0131n\u0131n\u0131n g\u00f6z\u00fcnden d\u00f6nemin Avrupa\u2019s\u0131na bir bak\u0131\u015f olana\u011f\u0131 sunuyor. Re\u015fat Nuri G\u00fcntekin, Cumhuriyetimiz &amp; Paris Notlar\u0131\u2019nda farkl\u0131 bir yaz\u0131n t\u00fcr\u00fcndeki maharetini g\u00f6zler \u00f6n\u00fcne seriyor. <\/p>\n","protected":false},"excerpt":{"rendered":"<p>\u201cBa\u015fkalar\u0131n\u0131 bilmem. Fakat ufak tefek teess\u00fcrler ve can s\u0131k\u0131nt\u0131lar\u0131nda hatta biraz yaygarac\u0131 oldu\u011fum h\u00e2lde b\u00fcy\u00fck ac\u0131larda sessiz ve ketum olurum. Teselliden ka\u00e7ar\u0131m. Benim gibi duymas\u0131na ne<span class=\"excerpt-hellip\"> [\u2026]<\/span><\/p>\n","protected":false},"featured_media":0,"template":"","meta":{"_monsterinsights_skip_tracking":false,"_monsterinsights_sitenote_active":false,"_monsterinsights_sitenote_note":"","_monsterinsights_sitenote_category":0},"product_brand":[],"product_cat":[12291,12292],"product_tag":[],"class_list":{"0":"post-767753","1":"product","2":"type-product","3":"status-publish","5":"product_cat-edebiyat","6":"product_cat-turk-edebiyati","7":"pa_cilt-ciltsiz","8":"pa_tur-kitap","9":"pa_yayinevi-resat-nuri-guntekin-yayinlari","10":"pa_yazar-resat-nuri-guntekin","12":"first","13":"instock","14":"sale","15":"shipping-taxable","16":"purchasable","17":"product-type-simple"},"_links":{"self":[{"href":"https:\/\/roveyayinevi.com.tr\/index.php\/wp-json\/wp\/v2\/product\/767753","targetHints":{"allow":["GET"]}}],"collection":[{"href":"https:\/\/roveyayinevi.com.tr\/index.php\/wp-json\/wp\/v2\/product"}],"about":[{"href":"https:\/\/roveyayinevi.com.tr\/index.php\/wp-json\/wp\/v2\/types\/product"}],"wp:attachment":[{"href":"https:\/\/roveyayinevi.com.tr\/index.php\/wp-json\/wp\/v2\/media?parent=767753"}],"wp:term":[{"taxonomy":"product_brand","embeddable":true,"href":"https:\/\/roveyayinevi.com.tr\/index.php\/wp-json\/wp\/v2\/product_brand?post=767753"},{"taxonomy":"product_cat","embeddable":true,"href":"https:\/\/roveyayinevi.com.tr\/index.php\/wp-json\/wp\/v2\/product_cat?post=767753"},{"taxonomy":"product_tag","embeddable":true,"href":"https:\/\/roveyayinevi.com.tr\/index.php\/wp-json\/wp\/v2\/product_tag?post=767753"}],"curies":[{"name":"wp","href":"https:\/\/api.w.org\/{rel}","templated":true}]}}