{"id":767752,"date":"2025-08-28T12:58:07","date_gmt":"2025-08-28T09:58:07","guid":{"rendered":"https:\/\/roveyayinevi.com.tr\/index.php\/urun\/helal-gida-bakimindan-hayvanlarin-beslenmesi-ve-kesim-yontemleri\/"},"modified":"2026-04-15T03:33:31","modified_gmt":"2026-04-15T00:33:31","slug":"helal-gida-bakimindan-hayvanlarin-beslenmesi-ve-kesim-yontemleri","status":"publish","type":"product","link":"https:\/\/roveyayinevi.com.tr\/index.php\/urun\/helal-gida-bakimindan-hayvanlarin-beslenmesi-ve-kesim-yontemleri\/","title":{"rendered":"Helal G\u0131da Bak\u0131m\u0131ndan Hayvanlar\u0131n Beslenmesi Ve Kesim Y\u00f6ntemleri"},"content":{"rendered":"<p>Hayvansal k\u00f6kenli g\u0131dalar\u0131n helal ve haram say\u0131lmalar\u0131 bak\u0131m\u0131ndan, etleri sofralara gelmeden \u00f6nce hayvanlar\u0131n nas\u0131l ve ne t\u00fcr yemlerle beslendi\u011fi, kesimlerinde hangi y\u00f6ntemlerin uyguland\u0131\u011f\u0131 ve onlara nas\u0131l muamele yap\u0131ld\u0131\u011f\u0131 \u00f6nem arz etmektedir. Her birinin bir canl\u0131 olup birtak\u0131m haklar\u0131 bulundu\u011fu bilinci i\u00e7inde refahlar\u0131n\u0131n sa\u011flan\u0131p sa\u011flanmad\u0131\u011f\u0131 da \u00fczerinde durulmas\u0131 gereken bir di\u011fer konudur. Bu konular\u0131n dini, ahlaki, f\u0131khi a\u00e7\u0131dan \u00e7e\u015fitli boyutlar\u0131 ile ele al\u0131n\u0131p bilimin \u0131\u015f\u0131\u011f\u0131nda tart\u0131\u015f\u0131lmas\u0131 ve ula\u015f\u0131lan sonu\u00e7lar\u0131n insanlar\u0131n istifadesine sunulmas\u0131 bilim insanlar\u0131na d\u00fc\u015fen bir g\u00f6rev say\u0131lmal\u0131d\u0131r. \u0130\u015fte 20 Nisan 2024 tarihinde Bursa\u2019da ger\u00e7ekle\u015ftirilen Helal G\u0131da Bak\u0131m\u0131ndan Hayvanlar\u0131n Beslenmesi ve Kesim Y\u00f6ntemleri isimli \u00e7al\u0131\u015ftayda belirtilen bu g\u00f6rev yerine getirilmeye gayret edilmi\u015f, belirlenen konularda g\u00fcn\u00fcm\u00fcz insan\u0131n\u0131n zihnini me\u015fgul eden soru ve sorunlara cevap bulunmaya \u00e7al\u0131\u015f\u0131lm\u0131\u015ft\u0131r. Ad\u0131 ge\u00e7en \u00e7al\u0131\u015ftayda sunulan tebli\u011fler, tebli\u011f sahipleri taraf\u0131ndan geli\u015ftirilmi\u015f, g\u00f6zden ge\u00e7irilmi\u015f ve baz\u0131 ilavelerle kitap b\u00f6l\u00fcm\u00fc olarak bu kitapta bir araya getirilmi\u015ftir. <\/p>\n","protected":false},"excerpt":{"rendered":"<p>Hayvansal k\u00f6kenli g\u0131dalar\u0131n helal ve haram say\u0131lmalar\u0131 bak\u0131m\u0131ndan, etleri sofralara gelmeden \u00f6nce hayvanlar\u0131n nas\u0131l ve ne t\u00fcr yemlerle beslendi\u011fi, kesimlerinde hangi y\u00f6ntemlerin uyguland\u0131\u011f\u0131 ve onlara nas\u0131l<span class=\"excerpt-hellip\"> [\u2026]<\/span><\/p>\n","protected":false},"featured_media":0,"template":"","meta":{"_monsterinsights_skip_tracking":false,"_monsterinsights_sitenote_active":false,"_monsterinsights_sitenote_note":"","_monsterinsights_sitenote_category":0},"product_brand":[],"product_cat":[13036,12718,12719],"product_tag":[],"class_list":{"0":"post-767752","1":"product","2":"type-product","3":"status-publish","5":"product_cat-arastirma-inceleme-islam","6":"product_cat-din","7":"product_cat-islam","8":"pa_cilt-ciltsiz","9":"pa_tur-kitap","10":"pa_yayinevi-soncag-akademik-kitaplar","11":"pa_yazar-kolektif","13":"first","14":"instock","15":"sale","16":"shipping-taxable","17":"purchasable","18":"product-type-simple"},"_links":{"self":[{"href":"https:\/\/roveyayinevi.com.tr\/index.php\/wp-json\/wp\/v2\/product\/767752","targetHints":{"allow":["GET"]}}],"collection":[{"href":"https:\/\/roveyayinevi.com.tr\/index.php\/wp-json\/wp\/v2\/product"}],"about":[{"href":"https:\/\/roveyayinevi.com.tr\/index.php\/wp-json\/wp\/v2\/types\/product"}],"wp:attachment":[{"href":"https:\/\/roveyayinevi.com.tr\/index.php\/wp-json\/wp\/v2\/media?parent=767752"}],"wp:term":[{"taxonomy":"product_brand","embeddable":true,"href":"https:\/\/roveyayinevi.com.tr\/index.php\/wp-json\/wp\/v2\/product_brand?post=767752"},{"taxonomy":"product_cat","embeddable":true,"href":"https:\/\/roveyayinevi.com.tr\/index.php\/wp-json\/wp\/v2\/product_cat?post=767752"},{"taxonomy":"product_tag","embeddable":true,"href":"https:\/\/roveyayinevi.com.tr\/index.php\/wp-json\/wp\/v2\/product_tag?post=767752"}],"curies":[{"name":"wp","href":"https:\/\/api.w.org\/{rel}","templated":true}]}}