{"id":767745,"date":"2025-08-28T12:57:51","date_gmt":"2025-08-28T09:57:51","guid":{"rendered":"https:\/\/roveyayinevi.com.tr\/index.php\/urun\/kizil-koskun-ruyasi-1-tasin-hikayesi-ciltli\/"},"modified":"2026-04-15T03:33:31","modified_gmt":"2026-04-15T00:33:31","slug":"kizil-koskun-ruyasi-1-tasin-hikayesi-ciltli","status":"publish","type":"product","link":"https:\/\/roveyayinevi.com.tr\/index.php\/urun\/kizil-koskun-ruyasi-1-tasin-hikayesi-ciltli\/","title":{"rendered":"K\u0131z\u0131l K\u00f6\u015fk\u00fcn R\u00fcyas\u0131 &#8211; 1 Ta\u015f\u0131n Hikayesi (Ciltli)"},"content":{"rendered":"<p>Cao Xueqin (1715?-1763): Qing Hanedan\u0131 d\u00f6nemi yazar, \u015fair ve ressam\u0131. \u0130mparatorun g\u00fcvenine mazhar olsa da sonradan g\u00f6zden d\u00fc\u015f\u00fcp b\u00fct\u00fcn servetlerine el konan, soylu bir aileden gelmektedir. Cao Xueqin \u00c7in edebiyat\u0131n\u0131n en \u00fcnl\u00fc d\u00f6rt klasi\u011finden biri olan K\u0131z\u0131l K\u00f6\u015fk\u00fcn R\u00fcyas\u0131\u2019n\u0131, Pekin sokaklar\u0131nda yapt\u0131\u011f\u0131 resimleri sat\u0131p ge\u00e7inmeye \u00e7al\u0131\u015f\u0131rken yazm\u0131\u015ft\u0131r. Kitab\u0131n elyazmas\u0131 kopyalar\u0131 Pekin\u2019de elden ele dola\u015fm\u0131\u015f, soylu ailelerin salonlar\u0131nda oldu\u011fu kadar halk aras\u0131nda da b\u00fcy\u00fck be\u011feni kazanm\u0131\u015ft\u0131r. \u0130lk bask\u0131s\u0131ysa ancak yazar\u0131n\u0131n \u00f6l\u00fcm\u00fcnden 30 y\u0131l sonra yap\u0131labilmi\u015ftir. Karakterlerin, giysilerin, yap\u0131lar\u0131n, \u00e7evrenin, hatta do\u011fa\u00fcst\u00fc olaylar\u0131n neredeyse en ince ayr\u0131nt\u0131s\u0131na kadar tasviriyle \u00f6zellikle dikkat \u00e7eken eser, Jia ailesinin iki kolunun ya\u015fad\u0131\u011f\u0131, kom\u015fu iki malik\u00e2nede ge\u00e7er. Yazar vaktiyle bir par\u00e7as\u0131 oldu\u011fu soylu ailelerin ya\u015fant\u0131s\u0131n\u0131 anlat\u0131rken, daha merhametli denebilecek Daoizm ile Buddhizm\u2019i, egemen inan\u0131\u015f ve ideoloji Ruizm\u2019in kar\u015f\u0131s\u0131na koymay\u0131 da ihmal etmez. Hasan \u00c2li Y\u00fccel Klasikler Dizisinde d\u00f6rt cilt halinde yay\u0131mlanacak olan K\u0131z\u0131l K\u00f6\u015fk\u00fcn R\u00fcyas\u0131 (Ta\u015f\u0131n Hik\u00e2yesi), \u00f6zg\u00fcn dili \u00c7inceden \u00e7evirisiyle ilk kez dilimize kazand\u0131r\u0131lm\u0131\u015f oluyor. Gao E (1738-1815): Qing Hanedan\u0131 d\u00f6neminin en se\u00e7kin yazar ve ayd\u0131nlar\u0131ndand\u0131r. 1801\u2019de \u00fclkenin en prestijli bilimsel kurumu olan Hanlin Akademisi&#8217;ne \u00fcye se\u00e7ildi. As\u0131l \u015f\u00f6hretini 18. y\u00fczy\u0131l\u0131n en \u00f6nemli \u00c7in klasiklerinden biri olan K\u0131z\u0131l K\u00f6\u015fk\u00fcn R\u00fcyas\u0131\u2019n\u0131n son k\u0131rk b\u00f6l\u00fcm\u00fcn\u00fcn ke\u015ffi ve yay\u0131mlanmas\u0131yla kazanm\u0131\u015ft\u0131r. <\/p>\n","protected":false},"excerpt":{"rendered":"<p>Cao Xueqin (1715?-1763): Qing Hanedan\u0131 d\u00f6nemi yazar, \u015fair ve ressam\u0131. \u0130mparatorun g\u00fcvenine mazhar olsa da sonradan g\u00f6zden d\u00fc\u015f\u00fcp b\u00fct\u00fcn servetlerine el konan, soylu bir aileden gelmektedir.<span class=\"excerpt-hellip\"> [\u2026]<\/span><\/p>\n","protected":false},"featured_media":0,"template":"","meta":{"_monsterinsights_skip_tracking":false,"_monsterinsights_sitenote_active":false,"_monsterinsights_sitenote_note":"","_monsterinsights_sitenote_category":0},"product_brand":[],"product_cat":[12291,12711],"product_tag":[],"class_list":{"0":"post-767745","1":"product","2":"type-product","3":"status-publish","5":"product_cat-edebiyat","6":"product_cat-roman-oyku","7":"pa_cilt-ciltli","8":"pa_tur-kitap","9":"pa_yayinevi-is-bankasi-kultur-yayinlari","10":"pa_yazar-cao-xueqin-gao-e","12":"first","13":"instock","14":"sale","15":"shipping-taxable","16":"purchasable","17":"product-type-simple"},"_links":{"self":[{"href":"https:\/\/roveyayinevi.com.tr\/index.php\/wp-json\/wp\/v2\/product\/767745","targetHints":{"allow":["GET"]}}],"collection":[{"href":"https:\/\/roveyayinevi.com.tr\/index.php\/wp-json\/wp\/v2\/product"}],"about":[{"href":"https:\/\/roveyayinevi.com.tr\/index.php\/wp-json\/wp\/v2\/types\/product"}],"wp:attachment":[{"href":"https:\/\/roveyayinevi.com.tr\/index.php\/wp-json\/wp\/v2\/media?parent=767745"}],"wp:term":[{"taxonomy":"product_brand","embeddable":true,"href":"https:\/\/roveyayinevi.com.tr\/index.php\/wp-json\/wp\/v2\/product_brand?post=767745"},{"taxonomy":"product_cat","embeddable":true,"href":"https:\/\/roveyayinevi.com.tr\/index.php\/wp-json\/wp\/v2\/product_cat?post=767745"},{"taxonomy":"product_tag","embeddable":true,"href":"https:\/\/roveyayinevi.com.tr\/index.php\/wp-json\/wp\/v2\/product_tag?post=767745"}],"curies":[{"name":"wp","href":"https:\/\/api.w.org\/{rel}","templated":true}]}}