{"id":767744,"date":"2025-08-28T12:57:49","date_gmt":"2025-08-28T09:57:49","guid":{"rendered":"https:\/\/roveyayinevi.com.tr\/index.php\/urun\/marcus-simyaci-ve-yarim-yuzlu-cocuk\/"},"modified":"2026-04-15T03:33:31","modified_gmt":"2026-04-15T00:33:31","slug":"marcus-simyaci-ve-yarim-yuzlu-cocuk","status":"publish","type":"product","link":"https:\/\/roveyayinevi.com.tr\/index.php\/urun\/marcus-simyaci-ve-yarim-yuzlu-cocuk\/","title":{"rendered":"Marcus : Simyac\u0131 ve Yar\u0131m Y\u00fczl\u00fc \u00c7ocuk"},"content":{"rendered":"<p>Kadim ilimlerin, Tanr\u0131\u2019n\u0131n i\u015faretlerinin ve g\u00f6klerin derinliklerinden gelen s\u0131rlar\u0131n izinde bir Osmanl\u0131-Gotik destan\u0131: Marcus, sizi karanl\u0131\u011f\u0131n i\u00e7inde  \u0131\u015f\u0131\u011f\u0131 arayanlar\u0131n d\u00fcnyas\u0131na davet ediyor.   Simyac\u0131 Mustafa, kay\u0131plar\u0131n\u0131n izini s\u00fcrerken, sadece kendi ge\u00e7mi\u015fine de\u011fil, insanl\u0131\u011f\u0131n en derin korkular\u0131na da \u0131\u015f\u0131k tutan bir yolculu\u011fa \u00e7\u0131kar. Yoklu\u011fun ortas\u0131nda yanan bir incir a\u011fac\u0131n\u0131n alt\u0131nda buldu\u011fu bebek ona u\u011fursuz bir g\u00fczerg\u00e2h\u0131 i\u015faret eder. Fakat bu yolculuk yaln\u0131zca ki\u015fisel bir aray\u0131\u015f de\u011fildir; gizli te\u015fkilatlar\u0131n s\u0131ms\u0131k\u0131 korudu\u011fu, tarihin karanl\u0131k k\u00f6\u015felerinde unutulmu\u015f s\u0131rlar\u0131 ortaya \u00e7\u0131karacak, \u00f6l\u00fcm ve ya\u015fam\u0131n s\u0131n\u0131rlar\u0131n\u0131 sonsuza dek de\u011fi\u015ftirecek bir kaderin hik\u00e2yesidir.   G\u00f6ky\u00fcz\u00fcnde beliren bir kuyruklu y\u0131ld\u0131z, sadece evrenin de\u011fil, insan ruhunun da karanl\u0131k s\u0131rlar\u0131n\u0131 ayd\u0131nlatmakta. Konstantiniyye\u2019nin dar sokaklar\u0131ndan Makedonya\u2019n\u0131n bozk\u0131rlar\u0131na uzanan bu hik\u00e2ye, kadim \u00e7a\u011flardan g\u00fcn\u00fcm\u00fcze ta\u015f\u0131nan bir bilmecenin pe\u015fine d\u00fc\u015fmekte.   Ve bu hik\u00e2ye, karanl\u0131\u011f\u0131n i\u00e7indeki s\u0131rlar\u0131n hen\u00fcz yaln\u0131zca ba\u015flang\u0131c\u0131\u2026   Bu destans\u0131 yolculukta, ger\u00e7e\u011fi ve inanc\u0131 yeniden sorgulayacaks\u0131n\u0131z. <\/p>\n","protected":false},"excerpt":{"rendered":"<p>Kadim ilimlerin, Tanr\u0131\u2019n\u0131n i\u015faretlerinin ve g\u00f6klerin derinliklerinden gelen s\u0131rlar\u0131n izinde bir Osmanl\u0131-Gotik destan\u0131: Marcus, sizi karanl\u0131\u011f\u0131n i\u00e7inde \u0131\u015f\u0131\u011f\u0131 arayanlar\u0131n d\u00fcnyas\u0131na davet ediyor. Simyac\u0131 Mustafa, kay\u0131plar\u0131n\u0131n izini<span class=\"excerpt-hellip\"> [\u2026]<\/span><\/p>\n","protected":false},"featured_media":0,"template":"","meta":{"_monsterinsights_skip_tracking":false,"_monsterinsights_sitenote_active":false,"_monsterinsights_sitenote_note":"","_monsterinsights_sitenote_category":0},"product_brand":[],"product_cat":[12291,14777],"product_tag":[],"class_list":{"0":"post-767744","1":"product","2":"type-product","3":"status-publish","5":"product_cat-edebiyat","6":"product_cat-fantastik","7":"pa_cilt-ciltsiz","8":"pa_tur-kitap","9":"pa_yayinevi-eksik-parca-yayinlari","10":"pa_yazar-serkan-cenker","12":"first","13":"instock","14":"sale","15":"shipping-taxable","16":"purchasable","17":"product-type-simple"},"_links":{"self":[{"href":"https:\/\/roveyayinevi.com.tr\/index.php\/wp-json\/wp\/v2\/product\/767744","targetHints":{"allow":["GET"]}}],"collection":[{"href":"https:\/\/roveyayinevi.com.tr\/index.php\/wp-json\/wp\/v2\/product"}],"about":[{"href":"https:\/\/roveyayinevi.com.tr\/index.php\/wp-json\/wp\/v2\/types\/product"}],"wp:attachment":[{"href":"https:\/\/roveyayinevi.com.tr\/index.php\/wp-json\/wp\/v2\/media?parent=767744"}],"wp:term":[{"taxonomy":"product_brand","embeddable":true,"href":"https:\/\/roveyayinevi.com.tr\/index.php\/wp-json\/wp\/v2\/product_brand?post=767744"},{"taxonomy":"product_cat","embeddable":true,"href":"https:\/\/roveyayinevi.com.tr\/index.php\/wp-json\/wp\/v2\/product_cat?post=767744"},{"taxonomy":"product_tag","embeddable":true,"href":"https:\/\/roveyayinevi.com.tr\/index.php\/wp-json\/wp\/v2\/product_tag?post=767744"}],"curies":[{"name":"wp","href":"https:\/\/api.w.org\/{rel}","templated":true}]}}