{"id":767742,"date":"2025-08-28T12:57:45","date_gmt":"2025-08-28T09:57:45","guid":{"rendered":"https:\/\/roveyayinevi.com.tr\/index.php\/urun\/gelismemis-toplumlarda-zihinsel-islevler\/"},"modified":"2026-04-15T03:33:31","modified_gmt":"2026-04-15T00:33:31","slug":"gelismemis-toplumlarda-zihinsel-islevler","status":"publish","type":"product","link":"https:\/\/roveyayinevi.com.tr\/index.php\/urun\/gelismemis-toplumlarda-zihinsel-islevler\/","title":{"rendered":"Geli\u015fmemi\u015f Toplumlarda Zihinsel \u0130\u015flevler"},"content":{"rendered":"<p>Frans\u0131z antropolojisinin kurucular\u0131ndan ve \u201cilkel zihniyet\u201d kavram\u0131na \u00f6nc\u00fcl\u00fck eden Lucien-L\u00e9vy Bruhl taraf\u0131ndan kaleme al\u0131nan Geli\u015fmemi\u015f Toplumlarda Zihinsel \u0130\u015flevler\u2019de ilk olarak kat\u0131l\u0131m yasas\u0131 ve ilkellerin zihninin \u00e7eli\u015fkiye kar\u015f\u0131 duyarl\u0131 olmad\u0131\u011f\u0131 ger\u00e7e\u011fi \u00fczerinde duruluyor. \u0130lkel zihniyetin yol g\u00f6sterici ilkelerinin tam olarak neler oldu\u011fu, bu ilkelerin kurumlarda ve pratiklerde varl\u0131klar\u0131n\u0131 nas\u0131l s\u00fcrd\u00fcrd\u00fckleri eserin temel konusunu olu\u015fturuyor. Serinin devam kitab\u0131 \u0130lkel Zihniyet ise daha \u00e7ok ilkeller i\u00e7in nedenselli\u011fin ne oldu\u011funu ve buna ili\u015fkin d\u00fc\u015f\u00fcncelerinden ortaya \u00e7\u0131kan sonu\u00e7lar\u0131 g\u00f6steriyor. Yazar\u0131n birbirini destekleyen bu iki eserinde olduk\u00e7a uygunsuz \u015fekilde ilkel olarak adland\u0131rd\u0131\u011f\u0131m\u0131z ve bize hem \u00e7ok uzak hem de \u00e7ok yak\u0131n olan bu toplumlar\u0131n d\u00fc\u015f\u00fcnce tarzlar\u0131na ve eylem ilkelerine n\u00fcfuz etmek \u00e7abas\u0131n\u0131 ta\u015f\u0131yor.<\/p>\n","protected":false},"excerpt":{"rendered":"<p>Frans\u0131z antropolojisinin kurucular\u0131ndan ve \u201cilkel zihniyet\u201d kavram\u0131na \u00f6nc\u00fcl\u00fck eden Lucien-L\u00e9vy Bruhl taraf\u0131ndan kaleme al\u0131nan Geli\u015fmemi\u015f Toplumlarda Zihinsel \u0130\u015flevler\u2019de ilk olarak kat\u0131l\u0131m yasas\u0131 ve ilkellerin zihninin \u00e7eli\u015fkiye<span class=\"excerpt-hellip\"> [\u2026]<\/span><\/p>\n","protected":false},"featured_media":0,"template":"","meta":{"_monsterinsights_skip_tracking":false,"_monsterinsights_sitenote_active":false,"_monsterinsights_sitenote_note":"","_monsterinsights_sitenote_category":0},"product_brand":[],"product_cat":[12324],"product_tag":[],"class_list":{"0":"post-767742","1":"product","2":"type-product","3":"status-publish","5":"product_cat-sosyoloji","6":"pa_cilt-ciltsiz","7":"pa_tur-kitap","8":"pa_yayinevi-albaraka-yayinlari","9":"pa_yazar-lucien-levy-bruhl","11":"first","12":"instock","13":"sale","14":"shipping-taxable","15":"purchasable","16":"product-type-simple"},"_links":{"self":[{"href":"https:\/\/roveyayinevi.com.tr\/index.php\/wp-json\/wp\/v2\/product\/767742","targetHints":{"allow":["GET"]}}],"collection":[{"href":"https:\/\/roveyayinevi.com.tr\/index.php\/wp-json\/wp\/v2\/product"}],"about":[{"href":"https:\/\/roveyayinevi.com.tr\/index.php\/wp-json\/wp\/v2\/types\/product"}],"wp:attachment":[{"href":"https:\/\/roveyayinevi.com.tr\/index.php\/wp-json\/wp\/v2\/media?parent=767742"}],"wp:term":[{"taxonomy":"product_brand","embeddable":true,"href":"https:\/\/roveyayinevi.com.tr\/index.php\/wp-json\/wp\/v2\/product_brand?post=767742"},{"taxonomy":"product_cat","embeddable":true,"href":"https:\/\/roveyayinevi.com.tr\/index.php\/wp-json\/wp\/v2\/product_cat?post=767742"},{"taxonomy":"product_tag","embeddable":true,"href":"https:\/\/roveyayinevi.com.tr\/index.php\/wp-json\/wp\/v2\/product_tag?post=767742"}],"curies":[{"name":"wp","href":"https:\/\/api.w.org\/{rel}","templated":true}]}}