{"id":767738,"date":"2025-08-28T12:57:37","date_gmt":"2025-08-28T09:57:37","guid":{"rendered":"https:\/\/roveyayinevi.com.tr\/index.php\/urun\/aysece\/"},"modified":"2026-04-15T03:33:31","modified_gmt":"2026-04-15T00:33:31","slug":"aysece","status":"publish","type":"product","link":"https:\/\/roveyayinevi.com.tr\/index.php\/urun\/aysece\/","title":{"rendered":"Ay\u015fece"},"content":{"rendered":"<p>Kelimelerin yetmedi\u011fi bir d\u00fcnyada, sessizlik kocaman bir oyun alan\u0131na d\u00f6n\u00fc\u015febilir mi? Ay\u015fe, rengarenk bilezikleri ve k\u0131rm\u0131z\u0131 \u00e7antas\u0131yla kendine \u00f6zg\u00fc bir d\u00fcnyada ya\u015far.  Kelimeler yerine sessizli\u011fi tercih eder. S\u0131n\u0131f\u0131ndaki di\u011fer \u00e7ocuklar, Ay\u015fe\u2019nin bu sessiz dilini \u2013 Ay\u015fece\u2019yi \u2013 merak ederler. Di\u011fer \u00e7ocuklar\u0131n Ay\u015fe\u2019ye att\u0131klar\u0131 bir ad\u0131mla ba\u015flayan bu sessiz arkada\u015fl\u0131k, d\u00fcnyay\u0131 nas\u0131l d\u00f6nd\u00fcrd\u00fc dersiniz? Bu hik\u00e2ye, arkada\u015fl\u0131\u011f\u0131n sessizlikte de m\u00fcmk\u00fcn olabilece\u011fini ke\u015ffetmek ve farkl\u0131 dillerde anla\u015fman\u0131n b\u00fcy\u00fcs\u00fcn\u00fc hissetmek isteyen herkesi kucakl\u0131yor. Opus Kitap\u2019\u0131n \u201cetkile\u015fimli kitap\u201d format\u0131yla yay\u0131mlad\u0131\u011f\u0131 Ay\u015fece, \u00e7ocuklar ve yeti\u015fkinler dahil herkesi anlamaya, payla\u015fmaya ve en \u00f6nemlisi de \u00f6n yarg\u0131lardan s\u0131yr\u0131l\u0131p, birlikte d\u00fc\u015f\u00fcnmeye davet ediyor. <\/p>\n","protected":false},"excerpt":{"rendered":"<p>Kelimelerin yetmedi\u011fi bir d\u00fcnyada, sessizlik kocaman bir oyun alan\u0131na d\u00f6n\u00fc\u015febilir mi? Ay\u015fe, rengarenk bilezikleri ve k\u0131rm\u0131z\u0131 \u00e7antas\u0131yla kendine \u00f6zg\u00fc bir d\u00fcnyada ya\u015far. Kelimeler yerine sessizli\u011fi tercih<span class=\"excerpt-hellip\"> [\u2026]<\/span><\/p>\n","protected":false},"featured_media":0,"template":"","meta":{"_monsterinsights_skip_tracking":false,"_monsterinsights_sitenote_active":false,"_monsterinsights_sitenote_note":"","_monsterinsights_sitenote_category":0},"product_brand":[],"product_cat":[12274,12284],"product_tag":[],"class_list":{"0":"post-767738","1":"product","2":"type-product","3":"status-publish","5":"product_cat-cocuk-ve-genclik-kitaplari","6":"product_cat-hikayeler","7":"pa_cilt-ciltsiz","8":"pa_tur-kitap","9":"pa_yayinevi-opus-kitap","10":"pa_yazar-aysegul-akbulut-cetinkol","12":"first","13":"instock","14":"sale","15":"shipping-taxable","16":"purchasable","17":"product-type-simple"},"_links":{"self":[{"href":"https:\/\/roveyayinevi.com.tr\/index.php\/wp-json\/wp\/v2\/product\/767738","targetHints":{"allow":["GET"]}}],"collection":[{"href":"https:\/\/roveyayinevi.com.tr\/index.php\/wp-json\/wp\/v2\/product"}],"about":[{"href":"https:\/\/roveyayinevi.com.tr\/index.php\/wp-json\/wp\/v2\/types\/product"}],"wp:attachment":[{"href":"https:\/\/roveyayinevi.com.tr\/index.php\/wp-json\/wp\/v2\/media?parent=767738"}],"wp:term":[{"taxonomy":"product_brand","embeddable":true,"href":"https:\/\/roveyayinevi.com.tr\/index.php\/wp-json\/wp\/v2\/product_brand?post=767738"},{"taxonomy":"product_cat","embeddable":true,"href":"https:\/\/roveyayinevi.com.tr\/index.php\/wp-json\/wp\/v2\/product_cat?post=767738"},{"taxonomy":"product_tag","embeddable":true,"href":"https:\/\/roveyayinevi.com.tr\/index.php\/wp-json\/wp\/v2\/product_tag?post=767738"}],"curies":[{"name":"wp","href":"https:\/\/api.w.org\/{rel}","templated":true}]}}