{"id":767736,"date":"2025-08-28T12:57:32","date_gmt":"2025-08-28T09:57:32","guid":{"rendered":"https:\/\/roveyayinevi.com.tr\/index.php\/urun\/aforizmalar-15\/"},"modified":"2026-04-15T03:33:31","modified_gmt":"2026-04-15T00:33:31","slug":"aforizmalar-15","status":"publish","type":"product","link":"https:\/\/roveyayinevi.com.tr\/index.php\/urun\/aforizmalar-15\/","title":{"rendered":"Aforizmalar"},"content":{"rendered":"<p>\u201cD\u00fc\u015f\u00fcnce d\u00fcnyas\u0131n\u0131 dogmalardan kurtarabilen insan, ger\u00e7e\u011fe \u00e7ok daha h\u0131zl\u0131 ula\u015f\u0131r. Bununla birlikte, yeni bilginin de pe\u015fine d\u00fc\u015fmek gerekir. S\u00fcrekli okuyarak farkl\u0131 co\u011frafyalar\u0131n \u00e7e\u015fitli d\u00fc\u015f\u00fcncelerini takip etti\u011fimiz ve kendi ak\u0131l s\u00fczgecimizden ge\u00e7irdikten sonra eri\u015fti\u011fimiz bilgi k\u0131ymetlidir. Cel\u00e2l \u015eeng\u00f6r&#8217;\u00fcn \u00f6zdeyi\u015fleri de bu s\u00fcrecin bir yans\u0131mas\u0131d\u0131r. &#8220;B\u00fcy\u00fck insanlara sayg\u0131 duymak, onlar\u0131n her dedi\u011fine inanmak demek olmamal\u0131d\u0131r,&#8221; der Cel\u00e2l \u015eeng\u00f6r. Bu sebeple okurlar\u0131yla payla\u015ft\u0131\u011f\u0131 bilgilerin tenkit edilmeye a\u00e7\u0131k oldu\u011funun daima alt\u0131n\u0131 \u00e7izer. Bu kitapta yer alan her \u00f6zdeyi\u015f de tenkide a\u00e7\u0131kt\u0131r. Elbette tenkit etmenin en \u00f6nemli yolu ele\u015ftirel d\u00fc\u015f\u00fcnceden ge\u00e7er. Zira Cel\u00e2l \u015eeng\u00f6r; 40 y\u0131ll\u0131k akademisyenlik ge\u00e7mi\u015finin yan\u0131 s\u0131ra yay\u0131mlad\u0131\u011f\u0131 y\u00fczlerce bilimsel makale, onlarca kitap ve Teke Tek Bilim \u00e7at\u0131s\u0131 alt\u0131nda yer ald\u0131\u011f\u0131 say\u0131s\u0131z programda aktard\u0131klar\u0131yla bu d\u00fc\u015f\u00fcnce \u015feklini herkes i\u00e7in uygulanabilir k\u0131lmay\u0131 hedeflemi\u015ftir. Hem kitaplar\u0131nda hem de televizyon programlar\u0131nda aktard\u0131\u011f\u0131 yo\u011fun bilgi hazinesinin aras\u0131nda, filozofvari deyi\u015fleriyle de \u00f6n plana \u00e7\u0131kan Cel\u00e2l \u015eeng\u00f6r&#8217;\u00fcn; bilimden tarihe, e\u011fitimden felsefeye bir\u00e7ok ba\u015fl\u0131k alt\u0131nda toplanan s\u00f6zlerinin derlemesi olan Aforizmalar kitab\u0131, ayn\u0131 zamanda bir Cel\u00e2l \u015eeng\u00f6r s\u00f6zl\u00fc\u011f\u00fc mahiyetindedir. Onun bir\u00e7ok konuda, hi\u00e7bir kal\u0131ba ba\u011fl\u0131 kalmadan d\u00fc\u015f\u00fcnebilen zihni, okurlar\u0131 i\u00e7in de bir ilham kap\u0131s\u0131 a\u00e7ar. Bu kap\u0131, bizler i\u00e7in ger\u00e7ekle temas etmenin en kestirme yolu olabilir. Yank\u0131 bulmas\u0131 dile\u011fiyle.\u201dGamze \u0130yem <\/p>\n","protected":false},"excerpt":{"rendered":"<p>\u201cD\u00fc\u015f\u00fcnce d\u00fcnyas\u0131n\u0131 dogmalardan kurtarabilen insan, ger\u00e7e\u011fe \u00e7ok daha h\u0131zl\u0131 ula\u015f\u0131r. Bununla birlikte, yeni bilginin de pe\u015fine d\u00fc\u015fmek gerekir. S\u00fcrekli okuyarak farkl\u0131 co\u011frafyalar\u0131n \u00e7e\u015fitli d\u00fc\u015f\u00fcncelerini takip etti\u011fimiz<span class=\"excerpt-hellip\"> [\u2026]<\/span><\/p>\n","protected":false},"featured_media":0,"template":"","meta":{"_monsterinsights_skip_tracking":false,"_monsterinsights_sitenote_active":false,"_monsterinsights_sitenote_note":"","_monsterinsights_sitenote_category":0},"product_brand":[],"product_cat":[12777,12291],"product_tag":[],"class_list":{"0":"post-767736","1":"product","2":"type-product","3":"status-publish","5":"product_cat-deneme","6":"product_cat-edebiyat","7":"pa_cilt-ciltsiz","8":"pa_tur-kitap","9":"pa_yayinevi-masa-kitap","10":"pa_yazar-ali-mehmet-celal-sengor","12":"first","13":"instock","14":"sale","15":"shipping-taxable","16":"purchasable","17":"product-type-simple"},"_links":{"self":[{"href":"https:\/\/roveyayinevi.com.tr\/index.php\/wp-json\/wp\/v2\/product\/767736","targetHints":{"allow":["GET"]}}],"collection":[{"href":"https:\/\/roveyayinevi.com.tr\/index.php\/wp-json\/wp\/v2\/product"}],"about":[{"href":"https:\/\/roveyayinevi.com.tr\/index.php\/wp-json\/wp\/v2\/types\/product"}],"wp:attachment":[{"href":"https:\/\/roveyayinevi.com.tr\/index.php\/wp-json\/wp\/v2\/media?parent=767736"}],"wp:term":[{"taxonomy":"product_brand","embeddable":true,"href":"https:\/\/roveyayinevi.com.tr\/index.php\/wp-json\/wp\/v2\/product_brand?post=767736"},{"taxonomy":"product_cat","embeddable":true,"href":"https:\/\/roveyayinevi.com.tr\/index.php\/wp-json\/wp\/v2\/product_cat?post=767736"},{"taxonomy":"product_tag","embeddable":true,"href":"https:\/\/roveyayinevi.com.tr\/index.php\/wp-json\/wp\/v2\/product_tag?post=767736"}],"curies":[{"name":"wp","href":"https:\/\/api.w.org\/{rel}","templated":true}]}}