{"id":767734,"date":"2025-08-28T12:57:29","date_gmt":"2025-08-28T09:57:29","guid":{"rendered":"https:\/\/roveyayinevi.com.tr\/index.php\/urun\/12-soruyla-aski-anlamak\/"},"modified":"2026-04-15T03:33:31","modified_gmt":"2026-04-15T00:33:31","slug":"12-soruyla-aski-anlamak","status":"publish","type":"product","link":"https:\/\/roveyayinevi.com.tr\/index.php\/urun\/12-soruyla-aski-anlamak\/","title":{"rendered":"12 Soruyla A\u015fk\u0131 Anlamak"},"content":{"rendered":"<p>A\u015fk, sormaktan korktu\u011funuz sorularda gizlidir. Hayat\u0131m\u0131z yan\u0131t arayarak ge\u00e7er ama asl\u0131nda sorular yan\u0131tlardan daha \u00f6nemlidir. A\u015fk&#8230; D\u00fcnyan\u0131n en eski duygusu ama bir o kadar da \u00e7\u00f6z\u00fclememi\u015f s\u0131rr\u0131. Peki, ger\u00e7ekten a\u015fk\u0131n bir tan\u0131m\u0131 var m\u0131? Yoksa herkes kendi hik\u00e2yesinin a\u015fk\u0131n\u0131 m\u0131 yarat\u0131r? Yanl\u0131\u015f a\u015fklar m\u0131 ya\u015fad\u0131n\u0131z, yoksa onlar sizi do\u011fru a\u015fka m\u0131 haz\u0131rlad\u0131? Hi\u00e7 sevdi\u011finiz biriyle aran\u0131zdaki sessizli\u011fin, kelimelerin kifayetsiz kald\u0131\u011f\u0131 o anlar\u0131n nedenini d\u00fc\u015f\u00fcnd\u00fcn\u00fcz m\u00fc? Bu sessizlik, derin bir ba\u011f\u0131n ipu\u00e7lar\u0131 olabilir mi? Ya da ili\u015fkinizin k\u0131r\u0131lma noktalar\u0131n\u0131 bir kez daha g\u00f6zden ge\u00e7irecek cesaretiniz var m\u0131? \u0130li\u015fkilerinizin size \u00f6\u011frettiklerini a\u00e7\u0131\u011fa \u00e7\u0131karmay\u0131, hayal k\u0131r\u0131kl\u0131klar\u0131n\u0131z\u0131n arkas\u0131ndaki gizli mesajlar\u0131 \u00e7\u00f6zmeyi, incinebilir olman\u0131n zay\u0131fl\u0131k de\u011fil g\u00fc\u00e7 kayna\u011f\u0131 olmas\u0131n\u0131 istemez miydiniz? A\u015fk hep ayn\u0131 m\u0131 kal\u0131r, yoksa herkes i\u00e7in farkl\u0131 m\u0131? Baz\u0131lar\u0131 a\u015fk\u0131 bir tutku f\u0131rt\u0131nas\u0131, baz\u0131lar\u0131 ise bir huzur olarak ya\u015far. Peki ya siz? Yazar Topaz Adizes, Emmy \u00d6d\u00fcll\u00fc belgesel dizisi {THE AND} i\u00e7in \u00e7e\u015fitli \u00fclkelerden 1200 \u00e7iftle a\u015fk \u00fczerine sohbetler yapt\u0131. B\u00fcy\u00fck ilgi \u00e7eken belgeselin yan\u0131 s\u0131ra bu kitab\u0131 da kaleme ald\u0131. On y\u0131ldan fazla bir zamana yay\u0131lan g\u00f6r\u00fc\u015fmelerden \u00e7\u0131kard\u0131\u011f\u0131 12 soruyla okuru ili\u015fkilerini cesurca sorgulamaya ve ke\u015ffetmeye davet ediyor. A\u015fk\u0131n ne oldu\u011funu ve nas\u0131l daha g\u00fc\u00e7l\u00fc hale getirilebilece\u011fini anlamak i\u00e7in bir rehber olan bu kitapta kendi a\u015fk hik\u00e2yenizi de bulabilirsiniz&#8230;<\/p>\n","protected":false},"excerpt":{"rendered":"<p>A\u015fk, sormaktan korktu\u011funuz sorularda gizlidir. Hayat\u0131m\u0131z yan\u0131t arayarak ge\u00e7er ama asl\u0131nda sorular yan\u0131tlardan daha \u00f6nemlidir. A\u015fk&#8230; D\u00fcnyan\u0131n en eski duygusu ama bir o kadar da \u00e7\u00f6z\u00fclememi\u015f<span class=\"excerpt-hellip\"> [\u2026]<\/span><\/p>\n","protected":false},"featured_media":0,"template":"","meta":{"_monsterinsights_skip_tracking":false,"_monsterinsights_sitenote_active":false,"_monsterinsights_sitenote_note":"","_monsterinsights_sitenote_category":0},"product_brand":[],"product_cat":[12357],"product_tag":[],"class_list":{"0":"post-767734","1":"product","2":"type-product","3":"status-publish","5":"product_cat-psikoloji","6":"pa_cilt-ciltsiz","7":"pa_tur-kitap","8":"pa_yayinevi-kuraldisi-yayinevi","9":"pa_yazar-topaz-adizes","11":"first","12":"instock","13":"sale","14":"shipping-taxable","15":"purchasable","16":"product-type-simple"},"_links":{"self":[{"href":"https:\/\/roveyayinevi.com.tr\/index.php\/wp-json\/wp\/v2\/product\/767734","targetHints":{"allow":["GET"]}}],"collection":[{"href":"https:\/\/roveyayinevi.com.tr\/index.php\/wp-json\/wp\/v2\/product"}],"about":[{"href":"https:\/\/roveyayinevi.com.tr\/index.php\/wp-json\/wp\/v2\/types\/product"}],"wp:attachment":[{"href":"https:\/\/roveyayinevi.com.tr\/index.php\/wp-json\/wp\/v2\/media?parent=767734"}],"wp:term":[{"taxonomy":"product_brand","embeddable":true,"href":"https:\/\/roveyayinevi.com.tr\/index.php\/wp-json\/wp\/v2\/product_brand?post=767734"},{"taxonomy":"product_cat","embeddable":true,"href":"https:\/\/roveyayinevi.com.tr\/index.php\/wp-json\/wp\/v2\/product_cat?post=767734"},{"taxonomy":"product_tag","embeddable":true,"href":"https:\/\/roveyayinevi.com.tr\/index.php\/wp-json\/wp\/v2\/product_tag?post=767734"}],"curies":[{"name":"wp","href":"https:\/\/api.w.org\/{rel}","templated":true}]}}