{"id":767732,"date":"2025-08-28T12:57:25","date_gmt":"2025-08-28T09:57:25","guid":{"rendered":"https:\/\/roveyayinevi.com.tr\/index.php\/urun\/dus-cobani\/"},"modified":"2026-04-15T03:33:31","modified_gmt":"2026-04-15T00:33:31","slug":"dus-cobani","status":"publish","type":"product","link":"https:\/\/roveyayinevi.com.tr\/index.php\/urun\/dus-cobani\/","title":{"rendered":"D\u00fc\u015f \u00c7oban\u0131"},"content":{"rendered":"<p>\u201cA\u015eKN\u00c2REM\u201d ve \u201cS\u0130S\u201d adl\u0131 \u015fiir kitaplar\u0131 okuyucular\u0131 ile bulu\u015fan M\u00fcyesser DO\u011eAN\u2019\u0131n yeni kitab\u0131:        \u201cD\u00dc\u015e \u00c7OBANI\u201d.   \u201cHayat\u0131n uzun yolculu\u011funun k\u0131sal\u0131\u011f\u0131n\u0131 ekseriyetle sonunda anlad\u0131\u011f\u0131m\u0131z bir ill\u00fczyondan ibarettir ya\u015fam. Herkesin bir hik\u00e2yesi, bir kahraman\u0131, bir cellad\u0131, bir sava\u015f\u0131 var bu yolculukta. Her defas\u0131nda s\u0131f\u0131rdan ba\u015flat\u0131r gibi g\u00fcne uyanmak. Bu tela\u015felerin i\u00e7inde, bu arz denilen cenderede bir \u00e7\u0131k\u0131\u015f, bir nefes al\u0131\u015f dura\u011f\u0131 gibidir \u015fiir. Kal\u0131n kitaplar\u0131n, romanlar\u0131n, tek bir \u015fiirde anlat\u0131labildi\u011fi ve okuyan\u0131n kendinden bir par\u00e7a bulabildi\u011fi duygu resilati gibidir edebiyat\u0131n bu muazzam t\u00fcr\u00fc. Soyuttan somuta d\u00f6k\u00fclm\u00fc\u015f duygu raks\u0131n\u0131 bulabildi\u011fimiz, sahiplenebildi\u011fimiz, ruhumuzu ac\u0131tan, sanc\u0131tan ya da kelebekler u\u00e7uran bu h\u00e2l ve hislerin hayalde kelimelerle resmedilmesidir \u015fiir. \u0130\u015fte bu y\u00fczden, kalemden kelama d\u00f6k\u00fcld\u00fc \u2018D\u00fc\u015f \u00c7oban\u0131\u2019; derinlerimizdeki hakikatlerin varolu\u015funun, g\u00f6zle g\u00f6remedi\u011fim, fakat dokunduk\u00e7a varl\u0131\u011f\u0131n\u0131 en derinden hissetti\u011fim duygu zirvesinin bir eseridir&#8230;\u201d   S\u00f6zleriyle ba\u015flad\u0131\u011f\u0131 \u00d6ns\u00f6z, dizeleriyle peki\u015fiyor M\u00fcyesser DO\u011eAN\u2019\u0131n:   \u201c\u015eehirler sessiz,                                                Duyan yok sevdama dair bir s\u00f6z.                           Saklad\u0131m g\u00f6zlerini kalbimin gecelerine.              \u00d6p kanad\u0131ndan umudu k\u0131r\u0131lm\u0131\u015f ku\u015flar\u0131n.               D\u00fc\u015fen y\u0131ld\u0131zlar\u0131n \u00f6tesinden onlar\u0131 azat et&#8230;\u201d <\/p>\n","protected":false},"excerpt":{"rendered":"<p>\u201cA\u015eKN\u00c2REM\u201d ve \u201cS\u0130S\u201d adl\u0131 \u015fiir kitaplar\u0131 okuyucular\u0131 ile bulu\u015fan M\u00fcyesser DO\u011eAN\u2019\u0131n yeni kitab\u0131: \u201cD\u00dc\u015e \u00c7OBANI\u201d. \u201cHayat\u0131n uzun yolculu\u011funun k\u0131sal\u0131\u011f\u0131n\u0131 ekseriyetle sonunda anlad\u0131\u011f\u0131m\u0131z bir ill\u00fczyondan ibarettir ya\u015fam.<span class=\"excerpt-hellip\"> [\u2026]<\/span><\/p>\n","protected":false},"featured_media":0,"template":"","meta":{"_monsterinsights_skip_tracking":false,"_monsterinsights_sitenote_active":false,"_monsterinsights_sitenote_note":"","_monsterinsights_sitenote_category":0},"product_brand":[],"product_cat":[12291,12509],"product_tag":[],"class_list":{"0":"post-767732","1":"product","2":"type-product","3":"status-publish","5":"product_cat-edebiyat","6":"product_cat-siir","7":"pa_cilt-ciltsiz","8":"pa_tur-kitap","9":"pa_yayinevi-kilavuz-kaptan-yayinlari","10":"pa_yazar-muyesser-dogan","12":"first","13":"instock","14":"sale","15":"shipping-taxable","16":"purchasable","17":"product-type-simple"},"_links":{"self":[{"href":"https:\/\/roveyayinevi.com.tr\/index.php\/wp-json\/wp\/v2\/product\/767732","targetHints":{"allow":["GET"]}}],"collection":[{"href":"https:\/\/roveyayinevi.com.tr\/index.php\/wp-json\/wp\/v2\/product"}],"about":[{"href":"https:\/\/roveyayinevi.com.tr\/index.php\/wp-json\/wp\/v2\/types\/product"}],"wp:attachment":[{"href":"https:\/\/roveyayinevi.com.tr\/index.php\/wp-json\/wp\/v2\/media?parent=767732"}],"wp:term":[{"taxonomy":"product_brand","embeddable":true,"href":"https:\/\/roveyayinevi.com.tr\/index.php\/wp-json\/wp\/v2\/product_brand?post=767732"},{"taxonomy":"product_cat","embeddable":true,"href":"https:\/\/roveyayinevi.com.tr\/index.php\/wp-json\/wp\/v2\/product_cat?post=767732"},{"taxonomy":"product_tag","embeddable":true,"href":"https:\/\/roveyayinevi.com.tr\/index.php\/wp-json\/wp\/v2\/product_tag?post=767732"}],"curies":[{"name":"wp","href":"https:\/\/api.w.org\/{rel}","templated":true}]}}