{"id":767731,"date":"2025-08-28T12:57:24","date_gmt":"2025-08-28T09:57:24","guid":{"rendered":"https:\/\/roveyayinevi.com.tr\/index.php\/urun\/ilk-musluman-turk-devletleri-kayip-medeniyet-1\/"},"modified":"2026-04-15T03:33:31","modified_gmt":"2026-04-15T00:33:31","slug":"ilk-musluman-turk-devletleri-kayip-medeniyet-1","status":"publish","type":"product","link":"https:\/\/roveyayinevi.com.tr\/index.php\/urun\/ilk-musluman-turk-devletleri-kayip-medeniyet-1\/","title":{"rendered":"\u0130lk M\u00fcsl\u00fcman T\u00fcrk Devletleri &#8211; Kay\u0131p Medeniyet 1"},"content":{"rendered":"<p>Elinizdeki bu kitab\u0131 okuyunca \u0130lk M\u00fcsl\u00fcman T\u00fcrk Devletleri\u2019nin nas\u0131l da g\u00fcl kokulu medeniyetler olu\u015fturduklar\u0131n\u0131, kervansaraylar in\u015fa ederek yolcular\u0131n\u0131 misler gibi a\u011f\u0131rlad\u0131klar\u0131n\u0131, hastaneler kurup, k\u00fcmbetler, imaretler, medreseler yapt\u0131rd\u0131klar\u0131n\u0131, \u00f6\u011frencilerine burslar da\u011f\u0131t\u0131p en \u00f6nemli alimleri kucaklar\u0131nda yeti\u015ftirdiklerini \u00f6\u011frenince hayranl\u0131ktan kendinizi alamayacaks\u0131n\u0131z. Bu i\u015fin arkas\u0131na d\u00fc\u015fmeye karar verip Orta Asyalara yollanacak, oradan Afganistan, Pakistan, Hindistan\u2019a uzanacak, g\u00f6rd\u00fc\u011f\u00fcn\u00fcz sultanlar\u0131n heybetinden \u015fa\u015fk\u0131nl\u0131\u011fa d\u00fc\u015feceksiniz.Hindistan\u2019a 17 sefer d\u00fczenleyip putlar\u0131 yere seren Gazneli Mahmut\u2019un saltanat\u0131n\u0131, avu\u00e7 avu\u00e7 alt\u0131nlar\u0131 ele ge\u00e7irip, \u00fclkelere h\u00fckmedip de saray\u0131 olmayan koca Selahaddin\u2019i, yok pahas\u0131na esir pazar\u0131nda sat\u0131lan bir k\u00f6le iken Ha\u00e7l\u0131lar\u0131 dize getiren bir sultan haline gelen Baybars\u2019\u0131, Malazgirt\u2019te beyazlar ku\u015fan\u0131p da \u201cKefenim olsun!\u201d diyen Alparslan\u2019\u0131 tan\u0131y\u0131nca \u00e7ok seveceksiniz.<\/p>\n","protected":false},"excerpt":{"rendered":"<p>Elinizdeki bu kitab\u0131 okuyunca \u0130lk M\u00fcsl\u00fcman T\u00fcrk Devletleri\u2019nin nas\u0131l da g\u00fcl kokulu medeniyetler olu\u015fturduklar\u0131n\u0131, kervansaraylar in\u015fa ederek yolcular\u0131n\u0131 misler gibi a\u011f\u0131rlad\u0131klar\u0131n\u0131, hastaneler kurup, k\u00fcmbetler, imaretler, medreseler<span class=\"excerpt-hellip\"> [\u2026]<\/span><\/p>\n","protected":false},"featured_media":0,"template":"","meta":{"_monsterinsights_skip_tracking":false,"_monsterinsights_sitenote_active":false,"_monsterinsights_sitenote_note":"","_monsterinsights_sitenote_category":0},"product_brand":[],"product_cat":[12370,12304],"product_tag":[],"class_list":{"0":"post-767731","1":"product","2":"type-product","3":"status-publish","5":"product_cat-arastirma-inceleme","6":"product_cat-tarih","7":"pa_cilt-ciltsiz","8":"pa_tur-kitap","9":"pa_yayinevi-ugurbocegi-yayinlari","10":"pa_yazar-zehra-aygul","12":"first","13":"instock","14":"sale","15":"shipping-taxable","16":"purchasable","17":"product-type-simple"},"_links":{"self":[{"href":"https:\/\/roveyayinevi.com.tr\/index.php\/wp-json\/wp\/v2\/product\/767731","targetHints":{"allow":["GET"]}}],"collection":[{"href":"https:\/\/roveyayinevi.com.tr\/index.php\/wp-json\/wp\/v2\/product"}],"about":[{"href":"https:\/\/roveyayinevi.com.tr\/index.php\/wp-json\/wp\/v2\/types\/product"}],"wp:attachment":[{"href":"https:\/\/roveyayinevi.com.tr\/index.php\/wp-json\/wp\/v2\/media?parent=767731"}],"wp:term":[{"taxonomy":"product_brand","embeddable":true,"href":"https:\/\/roveyayinevi.com.tr\/index.php\/wp-json\/wp\/v2\/product_brand?post=767731"},{"taxonomy":"product_cat","embeddable":true,"href":"https:\/\/roveyayinevi.com.tr\/index.php\/wp-json\/wp\/v2\/product_cat?post=767731"},{"taxonomy":"product_tag","embeddable":true,"href":"https:\/\/roveyayinevi.com.tr\/index.php\/wp-json\/wp\/v2\/product_tag?post=767731"}],"curies":[{"name":"wp","href":"https:\/\/api.w.org\/{rel}","templated":true}]}}