{"id":767725,"date":"2025-08-28T12:57:13","date_gmt":"2025-08-28T09:57:13","guid":{"rendered":"https:\/\/roveyayinevi.com.tr\/index.php\/urun\/icimizdeki-dusman\/"},"modified":"2026-04-08T03:30:09","modified_gmt":"2026-04-08T00:30:09","slug":"icimizdeki-dusman","status":"publish","type":"product","link":"https:\/\/roveyayinevi.com.tr\/index.php\/urun\/icimizdeki-dusman\/","title":{"rendered":"\u0130\u00e7imizdeki D\u00fc\u015fman"},"content":{"rendered":"<p>ZORLUKLARIN KAYNA\u011eINI HEP DI\u015eARIDA MI ARIYORSUNUZ: \u0130\u015e\u0130N\u0130ZDEK\u0130 STRES, \u0130NC\u0130NEN KALB\u0130N\u0130Z YA DA HAYAL KIRIKLIKLARI? OYSA ASIL D\u00dc\u015eMAN Z\u0130HN\u0130N\u0130Z\u0130N DER\u0130NL\u0130KLER\u0130NDE G\u0130ZLEN\u0130YOR! Ne zaman cesurca bir ad\u0131m atmak isteseniz, i\u00e7inizden bir ses \u201cYapma, rahat\u0131n bozulur!\u201d dedi. Ne zaman yeni bir ili\u015fkiye ad\u0131m atmak isteseniz, \u201cDaha iyi olaca\u011f\u0131n\u0131 nereden biliyorsun ki?\u201d diye sordu. Ne zaman biri size selam verecek olsa, tavr\u0131n\u0131 be\u011fenmediniz, ses tonundan ho\u015flanmad\u0131n\u0131z. \u0130\u00e7inizden bir ses, \u201cKesin arkas\u0131nda bir \u015fey var!\u201d diye uyard\u0131. Sonu\u00e7ta gergin, mutsuz, \u00f6zg\u00fcr hissedemeyen insanlara d\u00f6n\u00fc\u015ft\u00fcn\u00fcz. Hayat sizi yorduk\u00e7a yordu ve yiten sizin zaman\u0131n\u0131z, \u00f6mr\u00fcn\u00fcz oldu. Oysa bir ger\u00e7e\u011fi bilmiyordunuz. Ger\u00e7ekte kendi kendini g\u00f6revli ilan edip size s\u00fcrekli f\u0131s\u0131ldayan o sahte benlikler yoktu&#8230; Onlar hi\u00e7 var olmad\u0131. Korkular\u0131n\u0131z ve endi\u015felerinizin ger\u00e7ek olup olmad\u0131\u011f\u0131n\u0131 nas\u0131l anlayabilirsiniz? Kendinizi ve d\u00fc\u015f\u00fcncelerinizi d\u00f6n\u00fc\u015ft\u00fcrerek nas\u0131l huzurlu bir ya\u015fam s\u00fcrebilirsiniz? \u0130\u00e7sel d\u00fc\u015fman\u0131n\u0131zla y\u00fczle\u015ferek daha sa\u011fl\u0131kl\u0131 ili\u015fkiler kurman\u0131n yollar\u0131 nelerdir? Guy Finley, \u201cD\u00fc\u015f\u00fcncelerimiz bize ne s\u00f6ylerse s\u00f6ylesin, d\u00fc\u015fman bizim d\u0131\u015f\u0131m\u0131zda de\u011fil, i\u00e7imizdedir!\u201d diyor ve bu d\u00fc\u015fmanla nas\u0131l m\u00fccadele edip, mutlu ve huzurlu ya\u015fayabilece\u011finizin yolunu g\u00f6steriyor. <\/p>\n","protected":false},"excerpt":{"rendered":"<p>ZORLUKLARIN KAYNA\u011eINI HEP DI\u015eARIDA MI ARIYORSUNUZ: \u0130\u015e\u0130N\u0130ZDEK\u0130 STRES, \u0130NC\u0130NEN KALB\u0130N\u0130Z YA DA HAYAL KIRIKLIKLARI? OYSA ASIL D\u00dc\u015eMAN Z\u0130HN\u0130N\u0130Z\u0130N DER\u0130NL\u0130KLER\u0130NDE G\u0130ZLEN\u0130YOR! Ne zaman cesurca bir ad\u0131m atmak<span class=\"excerpt-hellip\"> [\u2026]<\/span><\/p>\n","protected":false},"featured_media":0,"template":"","meta":{"_monsterinsights_skip_tracking":false,"_monsterinsights_sitenote_active":false,"_monsterinsights_sitenote_note":"","_monsterinsights_sitenote_category":0},"product_brand":[],"product_cat":[12364,12376],"product_tag":[],"class_list":{"0":"post-767725","1":"product","2":"type-product","3":"status-publish","5":"product_cat-genel-konular","6":"product_cat-kisisel-gelisim","7":"pa_cilt-ciltsiz","8":"pa_tur-kitap","9":"pa_yayinevi-destek-yayinlari","10":"pa_yazar-guy-finley-ellen-dickstein","12":"first","13":"instock","14":"sale","15":"shipping-taxable","16":"purchasable","17":"product-type-simple"},"_links":{"self":[{"href":"https:\/\/roveyayinevi.com.tr\/index.php\/wp-json\/wp\/v2\/product\/767725","targetHints":{"allow":["GET"]}}],"collection":[{"href":"https:\/\/roveyayinevi.com.tr\/index.php\/wp-json\/wp\/v2\/product"}],"about":[{"href":"https:\/\/roveyayinevi.com.tr\/index.php\/wp-json\/wp\/v2\/types\/product"}],"wp:attachment":[{"href":"https:\/\/roveyayinevi.com.tr\/index.php\/wp-json\/wp\/v2\/media?parent=767725"}],"wp:term":[{"taxonomy":"product_brand","embeddable":true,"href":"https:\/\/roveyayinevi.com.tr\/index.php\/wp-json\/wp\/v2\/product_brand?post=767725"},{"taxonomy":"product_cat","embeddable":true,"href":"https:\/\/roveyayinevi.com.tr\/index.php\/wp-json\/wp\/v2\/product_cat?post=767725"},{"taxonomy":"product_tag","embeddable":true,"href":"https:\/\/roveyayinevi.com.tr\/index.php\/wp-json\/wp\/v2\/product_tag?post=767725"}],"curies":[{"name":"wp","href":"https:\/\/api.w.org\/{rel}","templated":true}]}}