{"id":767724,"date":"2025-08-28T12:57:12","date_gmt":"2025-08-28T09:57:12","guid":{"rendered":"https:\/\/roveyayinevi.com.tr\/index.php\/urun\/sifir-noktasindan-turkiyenin-kavramlari\/"},"modified":"2026-04-15T03:33:31","modified_gmt":"2026-04-15T00:33:31","slug":"sifir-noktasindan-turkiyenin-kavramlari","status":"publish","type":"product","link":"https:\/\/roveyayinevi.com.tr\/index.php\/urun\/sifir-noktasindan-turkiyenin-kavramlari\/","title":{"rendered":"S\u0131f\u0131r Noktas\u0131\u2019ndan T\u00fcrkiye\u2019nin Kavramlar\u0131"},"content":{"rendered":"<p>Sosyolog, \u00e7evirmen ve yay\u0131nc\u0131 H\u00fcsamettin Arslan, iktisat felsefecisi Feridun Y\u0131lmaz, asker\u00ee tarih\u00e7i G\u00fcltekin Y\u0131ld\u0131z ve yazar\/\u015fair Mevl\u00e2na \u0130dris bu kitapta T\u00fcrkiye\u2019yi \u015fekillendiren kavramlar\u0131 tart\u0131\u015fmaya a\u00e7\u0131yor. \u0130nsan olmaktan dil ve k\u00fclt\u00fcre, siyasi ideolojilerden din-bilim ili\u015fkisine, tarih alg\u0131s\u0131ndan \u015fiddet ve ter\u00f6re fikirlerimize y\u00f6n veren bir\u00e7ok kavram bu kitapta sadece derinlemesine incelenmiyor ayn\u0131 zamanda m\u00fczakere ediliyor. K\u00fcresel ve ulusal g\u00fcndemi \u015fekillendiren ideolojilerin ortaya \u00e7\u0131k\u0131\u015f\u0131, ilericilik\/gericilik tart\u0131\u015fmalar\u0131 ve daha fazlas\u0131 ele al\u0131n\u0131yor. Farkl\u0131 disiplinlerden gelen isimlerin kavramlar\u0131n arka plan\u0131n\u0131 irdelemesiyle ortaya \u00e7\u0131kan bu eserle entelekt\u00fcel kapasitenizin geli\u015fti\u011fini, konulara farkl\u0131 y\u00f6nlerden yakla\u015fabilece\u011finizi ve meseleleri analiz seviyenizin art\u0131\u011f\u0131n\u0131 fark edeceksiniz. S\u0131f\u0131r Noktas\u0131\u2019ndan T\u00fcrkiye\u2019nin Kavramlar\u0131 entelekt\u00fcel meraklar\u0131 olanlar i\u00e7in bir ba\u015fucu kitab\u0131\u2026 <\/p>\n","protected":false},"excerpt":{"rendered":"<p>Sosyolog, \u00e7evirmen ve yay\u0131nc\u0131 H\u00fcsamettin Arslan, iktisat felsefecisi Feridun Y\u0131lmaz, asker\u00ee tarih\u00e7i G\u00fcltekin Y\u0131ld\u0131z ve yazar\/\u015fair Mevl\u00e2na \u0130dris bu kitapta T\u00fcrkiye\u2019yi \u015fekillendiren kavramlar\u0131 tart\u0131\u015fmaya a\u00e7\u0131yor. \u0130nsan<span class=\"excerpt-hellip\"> [\u2026]<\/span><\/p>\n","protected":false},"featured_media":0,"template":"","meta":{"_monsterinsights_skip_tracking":false,"_monsterinsights_sitenote_active":false,"_monsterinsights_sitenote_note":"","_monsterinsights_sitenote_category":0},"product_brand":[],"product_cat":[13590,12337],"product_tag":[],"class_list":{"0":"post-767724","1":"product","2":"type-product","3":"status-publish","5":"product_cat-arastirma-inceleme-politika-siyaset","6":"product_cat-politika-siyaset","7":"pa_cilt-ciltsiz","8":"pa_tur-kitap","9":"pa_yayinevi-paradigma-yayinlari","10":"pa_yazar-kolektif","12":"first","13":"instock","14":"sale","15":"shipping-taxable","16":"purchasable","17":"product-type-simple"},"_links":{"self":[{"href":"https:\/\/roveyayinevi.com.tr\/index.php\/wp-json\/wp\/v2\/product\/767724","targetHints":{"allow":["GET"]}}],"collection":[{"href":"https:\/\/roveyayinevi.com.tr\/index.php\/wp-json\/wp\/v2\/product"}],"about":[{"href":"https:\/\/roveyayinevi.com.tr\/index.php\/wp-json\/wp\/v2\/types\/product"}],"wp:attachment":[{"href":"https:\/\/roveyayinevi.com.tr\/index.php\/wp-json\/wp\/v2\/media?parent=767724"}],"wp:term":[{"taxonomy":"product_brand","embeddable":true,"href":"https:\/\/roveyayinevi.com.tr\/index.php\/wp-json\/wp\/v2\/product_brand?post=767724"},{"taxonomy":"product_cat","embeddable":true,"href":"https:\/\/roveyayinevi.com.tr\/index.php\/wp-json\/wp\/v2\/product_cat?post=767724"},{"taxonomy":"product_tag","embeddable":true,"href":"https:\/\/roveyayinevi.com.tr\/index.php\/wp-json\/wp\/v2\/product_tag?post=767724"}],"curies":[{"name":"wp","href":"https:\/\/api.w.org\/{rel}","templated":true}]}}