{"id":767723,"date":"2025-08-28T12:57:11","date_gmt":"2025-08-28T09:57:11","guid":{"rendered":"https:\/\/roveyayinevi.com.tr\/index.php\/urun\/sifir-noktasindan-turkiyenin-meseleleri\/"},"modified":"2026-04-15T03:33:31","modified_gmt":"2026-04-15T00:33:31","slug":"sifir-noktasindan-turkiyenin-meseleleri","status":"publish","type":"product","link":"https:\/\/roveyayinevi.com.tr\/index.php\/urun\/sifir-noktasindan-turkiyenin-meseleleri\/","title":{"rendered":"S\u0131f\u0131r Noktas\u0131\u2019ndan T\u00fcrkiye\u2019nin Meseleleri"},"content":{"rendered":"<p>Sosyolog, \u00e7evirmen ve yay\u0131nc\u0131 H\u00fcsamettin Arslan, iktisat felsefecisi Feridun Y\u0131lmaz, asker\u00ee tarih\u00e7i G\u00fcltekin Y\u0131ld\u0131z ve yazar\/\u015fair Mevl\u00e2na \u0130dris bu kitapta T\u00fcrkiye\u2019nin konu\u015fmay\u0131 ve tart\u0131\u015fmay\u0131 s\u00fcrd\u00fcrd\u00fc\u011f\u00fc meseleleri ele al\u0131yor. Farkl\u0131 disiplinlerden gelen bu isimler Kemalizm\u2019den K\u00fcrt meselesine, darbelerden se\u00e7imlere, h\u00fck\u00fcmet sistemi tart\u0131\u015fmalar\u0131ndan T\u00fcrkiye\u2019nin jeostratejik konumuna kadar bir\u00e7ok konuyu enine boyuna masaya yat\u0131r\u0131yor. G\u00fcndemimizi me\u015fgul etmeyi s\u00fcrd\u00fcrecek meseleleri ve sorunlar\u0131 tarihsel ba\u011flam\u0131 i\u00e7erisinde, felsefi taraf\u0131n\u0131 ihmal etmeden anlatan bu metni s\u0131k\u0131lmadan okuyacaks\u0131n\u0131z. Akl\u0131n\u0131zdaki sorulara cevaplar bulacak, yeni bak\u0131\u015f a\u00e7\u0131lar\u0131 kazanacak, entelekt\u00fcel kapasitenizi geli\u015ftireceksiniz. Kimi zaman keyifle kimi zaman da tahamm\u00fcl ederek ya\u015fad\u0131\u011f\u0131n\u0131z \u00fclkeyi, i\u00e7inde bulundu\u011funuz toplumu daha yak\u0131ndan tan\u0131yacaks\u0131n\u0131z. Birbirinden de\u011ferli isimlerin katk\u0131da bulundu\u011fu S\u0131f\u0131r Noktas\u0131\u2019ndan T\u00fcrkiye\u2019nin Meseleleri bu ama\u00e7la haz\u0131rland\u0131. <\/p>\n","protected":false},"excerpt":{"rendered":"<p>Sosyolog, \u00e7evirmen ve yay\u0131nc\u0131 H\u00fcsamettin Arslan, iktisat felsefecisi Feridun Y\u0131lmaz, asker\u00ee tarih\u00e7i G\u00fcltekin Y\u0131ld\u0131z ve yazar\/\u015fair Mevl\u00e2na \u0130dris bu kitapta T\u00fcrkiye\u2019nin konu\u015fmay\u0131 ve tart\u0131\u015fmay\u0131 s\u00fcrd\u00fcrd\u00fc\u011f\u00fc meseleleri<span class=\"excerpt-hellip\"> [\u2026]<\/span><\/p>\n","protected":false},"featured_media":0,"template":"","meta":{"_monsterinsights_skip_tracking":false,"_monsterinsights_sitenote_active":false,"_monsterinsights_sitenote_note":"","_monsterinsights_sitenote_category":0},"product_brand":[],"product_cat":[13590,12337],"product_tag":[],"class_list":{"0":"post-767723","1":"product","2":"type-product","3":"status-publish","5":"product_cat-arastirma-inceleme-politika-siyaset","6":"product_cat-politika-siyaset","7":"pa_cilt-ciltsiz","8":"pa_tur-kitap","9":"pa_yayinevi-paradigma-yayinlari","10":"pa_yazar-kolektif","12":"first","13":"instock","14":"sale","15":"shipping-taxable","16":"purchasable","17":"product-type-simple"},"_links":{"self":[{"href":"https:\/\/roveyayinevi.com.tr\/index.php\/wp-json\/wp\/v2\/product\/767723","targetHints":{"allow":["GET"]}}],"collection":[{"href":"https:\/\/roveyayinevi.com.tr\/index.php\/wp-json\/wp\/v2\/product"}],"about":[{"href":"https:\/\/roveyayinevi.com.tr\/index.php\/wp-json\/wp\/v2\/types\/product"}],"wp:attachment":[{"href":"https:\/\/roveyayinevi.com.tr\/index.php\/wp-json\/wp\/v2\/media?parent=767723"}],"wp:term":[{"taxonomy":"product_brand","embeddable":true,"href":"https:\/\/roveyayinevi.com.tr\/index.php\/wp-json\/wp\/v2\/product_brand?post=767723"},{"taxonomy":"product_cat","embeddable":true,"href":"https:\/\/roveyayinevi.com.tr\/index.php\/wp-json\/wp\/v2\/product_cat?post=767723"},{"taxonomy":"product_tag","embeddable":true,"href":"https:\/\/roveyayinevi.com.tr\/index.php\/wp-json\/wp\/v2\/product_tag?post=767723"}],"curies":[{"name":"wp","href":"https:\/\/api.w.org\/{rel}","templated":true}]}}