{"id":767722,"date":"2025-08-28T12:57:08","date_gmt":"2025-08-28T09:57:08","guid":{"rendered":"https:\/\/roveyayinevi.com.tr\/index.php\/urun\/miguel-sokagi\/"},"modified":"2026-04-15T03:33:30","modified_gmt":"2026-04-15T00:33:30","slug":"miguel-sokagi","status":"publish","type":"product","link":"https:\/\/roveyayinevi.com.tr\/index.php\/urun\/miguel-sokagi\/","title":{"rendered":"Miguel  Soka\u011f\u0131"},"content":{"rendered":"<p>Naipaul\u2019un Trinidad\u2019da ge\u00e7en \u00e7ocukluk ve gen\u00e7lik deneyimlerinden ald\u0131\u011f\u0131 ilhamla d\u00f6nemin tarihsel belle\u011fini harmanlayan bu \u00f6yk\u00fc dizisinde, Port of Spain\u2019in \u00fccra mahallelerinden renkli insanlar\u0131n ya\u015famlar\u0131ndan kesitler sunuluyor. \u0130simsiz anlat\u0131c\u0131, \u0130kinci D\u00fcnya Sava\u015f\u0131 y\u0131llar\u0131nda Amerikal\u0131lara ve beyazlara duyulan g\u00fcvensizli\u011fin per\u00e7inlenmesi, yoksullu\u011fun ve \u015fiddetin y\u00fckselmesiyle \u015fekillenen \u00e7evresinde her biri birbirinden farkl\u0131 karakterleri g\u00fcn y\u00fcz\u00fcne \u00e7\u0131kar\u0131yor. \u201cBir yabanc\u0131 Miguel Soka\u011f\u0131\u2019ndan arabayla ge\u00e7ecek olsa, \u201cVaro\u015f!\u201d deyip i\u015fin i\u00e7inden \u00e7\u0131kar; g\u00f6rd\u00fc\u011f\u00fc o kadard\u0131r \u00e7\u00fcnk\u00fc. Ama burada ya\u015fayan bizler i\u00e7in soka\u011f\u0131m\u0131z, herkesin birbirinden bamba\u015fka oldu\u011fu, kendi ba\u015f\u0131na bir d\u00fcnyayd\u0131. Adam-dam deliydi; George aptald\u0131; Koca Ayak kabaday\u0131yd\u0131; \u015eapka macerac\u0131yd\u0131; Popo filozoftu; Morgan da komedyenimizdi.\u201d <\/p>\n","protected":false},"excerpt":{"rendered":"<p>Naipaul\u2019un Trinidad\u2019da ge\u00e7en \u00e7ocukluk ve gen\u00e7lik deneyimlerinden ald\u0131\u011f\u0131 ilhamla d\u00f6nemin tarihsel belle\u011fini harmanlayan bu \u00f6yk\u00fc dizisinde, Port of Spain\u2019in \u00fccra mahallelerinden renkli insanlar\u0131n ya\u015famlar\u0131ndan kesitler sunuluyor.<span class=\"excerpt-hellip\"> [\u2026]<\/span><\/p>\n","protected":false},"featured_media":0,"template":"","meta":{"_monsterinsights_skip_tracking":false,"_monsterinsights_sitenote_active":false,"_monsterinsights_sitenote_note":"","_monsterinsights_sitenote_category":0},"product_brand":[],"product_cat":[12291,12711],"product_tag":[],"class_list":{"0":"post-767722","1":"product","2":"type-product","3":"status-publish","5":"product_cat-edebiyat","6":"product_cat-roman-oyku","7":"pa_cilt-ciltsiz","8":"pa_tur-kitap","9":"pa_yayinevi-alfa-yayinlari","10":"pa_yazar-v-s-naipaul","12":"first","13":"instock","14":"sale","15":"shipping-taxable","16":"purchasable","17":"product-type-simple"},"_links":{"self":[{"href":"https:\/\/roveyayinevi.com.tr\/index.php\/wp-json\/wp\/v2\/product\/767722","targetHints":{"allow":["GET"]}}],"collection":[{"href":"https:\/\/roveyayinevi.com.tr\/index.php\/wp-json\/wp\/v2\/product"}],"about":[{"href":"https:\/\/roveyayinevi.com.tr\/index.php\/wp-json\/wp\/v2\/types\/product"}],"wp:attachment":[{"href":"https:\/\/roveyayinevi.com.tr\/index.php\/wp-json\/wp\/v2\/media?parent=767722"}],"wp:term":[{"taxonomy":"product_brand","embeddable":true,"href":"https:\/\/roveyayinevi.com.tr\/index.php\/wp-json\/wp\/v2\/product_brand?post=767722"},{"taxonomy":"product_cat","embeddable":true,"href":"https:\/\/roveyayinevi.com.tr\/index.php\/wp-json\/wp\/v2\/product_cat?post=767722"},{"taxonomy":"product_tag","embeddable":true,"href":"https:\/\/roveyayinevi.com.tr\/index.php\/wp-json\/wp\/v2\/product_tag?post=767722"}],"curies":[{"name":"wp","href":"https:\/\/api.w.org\/{rel}","templated":true}]}}