{"id":767721,"date":"2025-08-28T12:57:05","date_gmt":"2025-08-28T09:57:05","guid":{"rendered":"https:\/\/roveyayinevi.com.tr\/index.php\/urun\/cin-polisiyesi-4-yilanbasi\/"},"modified":"2026-04-03T03:24:31","modified_gmt":"2026-04-03T00:24:31","slug":"cin-polisiyesi-4-yilanbasi","status":"publish","type":"product","link":"https:\/\/roveyayinevi.com.tr\/index.php\/urun\/cin-polisiyesi-4-yilanbasi\/","title":{"rendered":"\u00c7in Polisiyesi 4 &#8211; Y\u0131lanba\u015f\u0131"},"content":{"rendered":"<p>Amerikal\u0131 adli t\u0131p uzman\u0131 Margaret Campbell ve \u00c7inli dedektif Li Yan bu yeni macerada yeniden bir araya geliyor. Bu kez kar\u015f\u0131 kar\u015f\u0131ya olduklar\u0131 d\u00fc\u015fman, yaln\u0131zca \u00fclkelerin s\u0131n\u0131rlar\u0131n\u0131 de\u011fil, t\u00fcm insanl\u0131\u011f\u0131 tehdit ediyor.   Teksas\u2019ta t\u00fcyler \u00fcrpertici bir olay ya\u015fan\u0131r; bir kamyonun kasas\u0131nda onlarca \u00c7inli g\u00f6\u00e7menin cans\u0131z bedeni bulunur.  Olay\u0131n ard\u0131ndaki s\u0131rr\u0131 \u00e7\u00f6zmek i\u00e7in \u00e7a\u011fr\u0131lan Campbell, eski orta\u011f\u0131 ve unutamad\u0131\u011f\u0131 a\u015fk\u0131 Li Yan ile tekrar birlikte \u00e7al\u0131\u015fmak zorunda kal\u0131r. Ancak bu kez soru\u015fturma, onlar\u0131 milyar dolarl\u0131k yasad\u0131\u015f\u0131 insan ticareti a\u011f\u0131n\u0131n karanl\u0131k dehlizlerine \u00e7eker. Bu kirli ticaretin ba\u015f\u0131nda, \u201cY\u0131lanba\u015f\u0131\u201d olarak bilinen biri vard\u0131r. Ka\u00e7ak\u00e7\u0131l\u0131k yetmezmi\u015f gibi g\u00f6\u00e7menlerin ayn\u0131 zamanda \u00f6l\u00fcmc\u00fcl bir biyolojik silaha da d\u00f6n\u00fc\u015ft\u00fcr\u00fcld\u00fckleri anla\u015f\u0131l\u0131r. Bu \u201cbiyolojik saatli bomba,\u201d \u00c7in\u2019den ABD\u2019ye uzanan, siyasetin ve g\u00fcc\u00fcn a\u011flar\u0131yla \u00f6r\u00fclm\u00fc\u015f son derece karma\u015f\u0131k bir tehdittir.   \u0130nsan ka\u00e7ak\u00e7\u0131l\u0131\u011f\u0131, uluslararas\u0131 su\u00e7 a\u011flar\u0131 ve zamanla yar\u0131\u015f&#8230; Peter May, okurunu her sayfas\u0131nda nefesleri kesecek bir maceraya davet ediyor. <\/p>\n","protected":false},"excerpt":{"rendered":"<p>Amerikal\u0131 adli t\u0131p uzman\u0131 Margaret Campbell ve \u00c7inli dedektif Li Yan bu yeni macerada yeniden bir araya geliyor. Bu kez kar\u015f\u0131 kar\u015f\u0131ya olduklar\u0131 d\u00fc\u015fman, yaln\u0131zca \u00fclkelerin<span class=\"excerpt-hellip\"> [\u2026]<\/span><\/p>\n","protected":false},"featured_media":0,"template":"","meta":{"_monsterinsights_skip_tracking":false,"_monsterinsights_sitenote_active":false,"_monsterinsights_sitenote_note":"","_monsterinsights_sitenote_category":0},"product_brand":[],"product_cat":[12291,12711],"product_tag":[],"class_list":{"0":"post-767721","1":"product","2":"type-product","3":"status-publish","5":"product_cat-edebiyat","6":"product_cat-roman-oyku","7":"pa_cilt-ciltsiz","8":"pa_tur-kitap","9":"pa_yayinevi-alfa-yayinlari","10":"pa_yazar-peter-may","12":"first","13":"instock","14":"sale","15":"shipping-taxable","16":"purchasable","17":"product-type-simple"},"_links":{"self":[{"href":"https:\/\/roveyayinevi.com.tr\/index.php\/wp-json\/wp\/v2\/product\/767721","targetHints":{"allow":["GET"]}}],"collection":[{"href":"https:\/\/roveyayinevi.com.tr\/index.php\/wp-json\/wp\/v2\/product"}],"about":[{"href":"https:\/\/roveyayinevi.com.tr\/index.php\/wp-json\/wp\/v2\/types\/product"}],"wp:attachment":[{"href":"https:\/\/roveyayinevi.com.tr\/index.php\/wp-json\/wp\/v2\/media?parent=767721"}],"wp:term":[{"taxonomy":"product_brand","embeddable":true,"href":"https:\/\/roveyayinevi.com.tr\/index.php\/wp-json\/wp\/v2\/product_brand?post=767721"},{"taxonomy":"product_cat","embeddable":true,"href":"https:\/\/roveyayinevi.com.tr\/index.php\/wp-json\/wp\/v2\/product_cat?post=767721"},{"taxonomy":"product_tag","embeddable":true,"href":"https:\/\/roveyayinevi.com.tr\/index.php\/wp-json\/wp\/v2\/product_tag?post=767721"}],"curies":[{"name":"wp","href":"https:\/\/api.w.org\/{rel}","templated":true}]}}