{"id":767718,"date":"2025-08-28T12:56:59","date_gmt":"2025-08-28T09:56:59","guid":{"rendered":"https:\/\/roveyayinevi.com.tr\/index.php\/urun\/baharin-baslangici\/"},"modified":"2026-04-15T03:33:30","modified_gmt":"2026-04-15T00:33:30","slug":"baharin-baslangici","status":"publish","type":"product","link":"https:\/\/roveyayinevi.com.tr\/index.php\/urun\/baharin-baslangici\/","title":{"rendered":"Bahar\u0131n Ba\u015flang\u0131c\u0131"},"content":{"rendered":"<p>Mart 1913. Moskova bahar\u0131n ba\u015flang\u0131c\u0131n\u0131 kar\u015f\u0131lamaya haz\u0131rlanmaktad\u0131r. Bu s\u0131rada, ba\u015fkentte bir matbaa i\u015fleten \u0130ngiliz as\u0131ll\u0131 Frank Reid, bir gece i\u015ften d\u00f6nd\u00fc\u011f\u00fcnde kar\u0131s\u0131n\u0131n evde olmad\u0131\u011f\u0131n\u0131 g\u00f6r\u00fcr; Nellie \u00e7ocuklar\u0131n\u0131 b\u0131rak\u0131p trene atlam\u0131\u015f ve \u0130ngiltere\u2019ye d\u00f6nm\u00fc\u015ft\u00fcr. Neden gitti\u011fi ya da d\u00f6n\u00fcp d\u00f6nmeyece\u011fi hakk\u0131nda kimsenin bir fikri yoktur. Frank\u2019in kesin olarak bildi\u011fi tek \u015feyse art\u0131k yaln\u0131z oldu\u011fu ve al\u0131\u015f\u0131k olmad\u0131\u011f\u0131 zorluklara g\u00f6\u011f\u00fcs germesi gerekti\u011fidir.   The Times\u2019a g\u00f6re \u201cBritanya\u2019n\u0131n 1945\u2019ten bu yana en b\u00fcy\u00fck 50 yazar\u0131ndan biri\u201d olan Penelope Fitzgerald\u2019dan Birinci D\u00fcnya Sava\u015f\u0131 ile 1917 Rus Devrimi \u00f6ncesindeki gergin atmosferde ge\u00e7en b\u00fcy\u00fcleyici bir insanl\u0131k komedisi.   \u201cT\u00fcylerinizi diken diken edebilecek kadar kusursuz ve ak\u0131c\u0131 bir \u00fcslupla yaz\u0131lm\u0131\u015f.\u201d   Los Angeles Times <\/p>\n","protected":false},"excerpt":{"rendered":"<p>Mart 1913. Moskova bahar\u0131n ba\u015flang\u0131c\u0131n\u0131 kar\u015f\u0131lamaya haz\u0131rlanmaktad\u0131r. Bu s\u0131rada, ba\u015fkentte bir matbaa i\u015fleten \u0130ngiliz as\u0131ll\u0131 Frank Reid, bir gece i\u015ften d\u00f6nd\u00fc\u011f\u00fcnde kar\u0131s\u0131n\u0131n evde olmad\u0131\u011f\u0131n\u0131 g\u00f6r\u00fcr; Nellie<span class=\"excerpt-hellip\"> [\u2026]<\/span><\/p>\n","protected":false},"featured_media":0,"template":"","meta":{"_monsterinsights_skip_tracking":false,"_monsterinsights_sitenote_active":false,"_monsterinsights_sitenote_note":"","_monsterinsights_sitenote_category":0},"product_brand":[],"product_cat":[12291,12711],"product_tag":[],"class_list":{"0":"post-767718","1":"product","2":"type-product","3":"status-publish","5":"product_cat-edebiyat","6":"product_cat-roman-oyku","7":"pa_cilt-ciltsiz","8":"pa_tur-kitap","9":"pa_yayinevi-can-yayinlari","10":"pa_yazar-penelope-fitzgerald","12":"first","13":"instock","14":"sale","15":"shipping-taxable","16":"purchasable","17":"product-type-simple"},"_links":{"self":[{"href":"https:\/\/roveyayinevi.com.tr\/index.php\/wp-json\/wp\/v2\/product\/767718","targetHints":{"allow":["GET"]}}],"collection":[{"href":"https:\/\/roveyayinevi.com.tr\/index.php\/wp-json\/wp\/v2\/product"}],"about":[{"href":"https:\/\/roveyayinevi.com.tr\/index.php\/wp-json\/wp\/v2\/types\/product"}],"wp:attachment":[{"href":"https:\/\/roveyayinevi.com.tr\/index.php\/wp-json\/wp\/v2\/media?parent=767718"}],"wp:term":[{"taxonomy":"product_brand","embeddable":true,"href":"https:\/\/roveyayinevi.com.tr\/index.php\/wp-json\/wp\/v2\/product_brand?post=767718"},{"taxonomy":"product_cat","embeddable":true,"href":"https:\/\/roveyayinevi.com.tr\/index.php\/wp-json\/wp\/v2\/product_cat?post=767718"},{"taxonomy":"product_tag","embeddable":true,"href":"https:\/\/roveyayinevi.com.tr\/index.php\/wp-json\/wp\/v2\/product_tag?post=767718"}],"curies":[{"name":"wp","href":"https:\/\/api.w.org\/{rel}","templated":true}]}}