{"id":767716,"date":"2025-08-28T12:56:54","date_gmt":"2025-08-28T09:56:54","guid":{"rendered":"https:\/\/roveyayinevi.com.tr\/index.php\/urun\/harun-ile-oykuler-denizi\/"},"modified":"2026-04-15T03:33:30","modified_gmt":"2026-04-15T00:33:30","slug":"harun-ile-oykuler-denizi","status":"publish","type":"product","link":"https:\/\/roveyayinevi.com.tr\/index.php\/urun\/harun-ile-oykuler-denizi\/","title":{"rendered":"Harun ile \u00d6yk\u00fcler Denizi"},"content":{"rendered":"<p>\u00d6yk\u00fcler, en karanl\u0131k sessizliklerin bile \u00fcstesinden gelebilir.   Re\u015fit Halifa, e\u015fi S\u00fcreyya ve o\u011flu Harun\u2019la birlikte Elifbaye \u00fclkesinin \u201cen h\u00fcz\u00fcnl\u00fcden bile daha h\u00fcz\u00fcnl\u00fc bir kent\u201dinde ya\u015far ve anlatt\u0131\u011f\u0131 b\u00fcy\u00fcl\u00fc hik\u00e2yeler \u00fclkesine ne\u015fe getirir. Ancak bir g\u00fcn korkun\u00e7 bir \u015fey olur ve \u00f6yk\u00fcleri t\u00fckenir. Gen\u00e7 Harun, babas\u0131n\u0131n yetene\u011fini geri kazanmas\u0131 i\u00e7in ona yard\u0131m etmeye karar verir. \u0130bibik ku\u015funun s\u0131rt\u0131nda, \u00f6yk\u00fclerin ortaya \u00e7\u0131kt\u0131\u011f\u0131 harika bir yer olan \u00d6yk\u00fcler Denizi\u2019ne gider. B\u00f6ylece fantezi diyarlar\u0131nda muhte\u015fem ve heyecan dolu bir macera ba\u015flar. Yolda, hepsi de denizin t\u00fcm hik\u00e2ye anlatma g\u00fcc\u00fcn\u00fc kurutmaya niyetli bir\u00e7ok d\u00fc\u015fmanla kar\u015f\u0131la\u015f\u0131r. Karanl\u0131k g\u00fc\u00e7ler, d\u00fcnyan\u0131n anlat\u0131lar\u0131n\u0131 susturmay\u0131 hedeflerken Harun, \u00f6yk\u00fclerin ger\u00e7ek g\u00fcc\u00fcn\u00fc ke\u015ffetmek zorundad\u0131r.   Salman Rushdie\u2019nin Binbir Gece Masallar\u0131, Alice Harikalar Diyar\u0131nda, Oz B\u00fcy\u00fcc\u00fcs\u00fc gibi klasiklere yapt\u0131\u011f\u0131 g\u00f6ndermelerle ve t\u00fcrl\u00fc kelime oyunlar\u0131yla ustaca harmanlad\u0131\u011f\u0131 eseri Harun ile \u00d6yk\u00fcler Denizi, fantastik anlat\u0131m\u0131n\u0131n \u00f6tesinde \u00f6zg\u00fcrl\u00fc\u011f\u00fc ve insan ruhunun yenilmez g\u00fcc\u00fcn\u00fc irdeleyen, bask\u0131 ve sans\u00fcre kar\u015f\u0131 s\u00f6ylenen masals\u0131 bir \u00f6zg\u00fcrl\u00fck \u015fark\u0131s\u0131. <\/p>\n","protected":false},"excerpt":{"rendered":"<p>\u00d6yk\u00fcler, en karanl\u0131k sessizliklerin bile \u00fcstesinden gelebilir. Re\u015fit Halifa, e\u015fi S\u00fcreyya ve o\u011flu Harun\u2019la birlikte Elifbaye \u00fclkesinin \u201cen h\u00fcz\u00fcnl\u00fcden bile daha h\u00fcz\u00fcnl\u00fc bir kent\u201dinde ya\u015far ve<span class=\"excerpt-hellip\"> [\u2026]<\/span><\/p>\n","protected":false},"featured_media":0,"template":"","meta":{"_monsterinsights_skip_tracking":false,"_monsterinsights_sitenote_active":false,"_monsterinsights_sitenote_note":"","_monsterinsights_sitenote_category":0},"product_brand":[],"product_cat":[12291,12711],"product_tag":[],"class_list":{"0":"post-767716","1":"product","2":"type-product","3":"status-publish","5":"product_cat-edebiyat","6":"product_cat-roman-oyku","7":"pa_cilt-ciltsiz","8":"pa_tur-kitap","9":"pa_yayinevi-can-yayinlari","10":"pa_yazar-salman-rushdie","12":"first","13":"instock","14":"sale","15":"shipping-taxable","16":"purchasable","17":"product-type-simple"},"_links":{"self":[{"href":"https:\/\/roveyayinevi.com.tr\/index.php\/wp-json\/wp\/v2\/product\/767716","targetHints":{"allow":["GET"]}}],"collection":[{"href":"https:\/\/roveyayinevi.com.tr\/index.php\/wp-json\/wp\/v2\/product"}],"about":[{"href":"https:\/\/roveyayinevi.com.tr\/index.php\/wp-json\/wp\/v2\/types\/product"}],"wp:attachment":[{"href":"https:\/\/roveyayinevi.com.tr\/index.php\/wp-json\/wp\/v2\/media?parent=767716"}],"wp:term":[{"taxonomy":"product_brand","embeddable":true,"href":"https:\/\/roveyayinevi.com.tr\/index.php\/wp-json\/wp\/v2\/product_brand?post=767716"},{"taxonomy":"product_cat","embeddable":true,"href":"https:\/\/roveyayinevi.com.tr\/index.php\/wp-json\/wp\/v2\/product_cat?post=767716"},{"taxonomy":"product_tag","embeddable":true,"href":"https:\/\/roveyayinevi.com.tr\/index.php\/wp-json\/wp\/v2\/product_tag?post=767716"}],"curies":[{"name":"wp","href":"https:\/\/api.w.org\/{rel}","templated":true}]}}