{"id":767715,"date":"2025-08-28T12:56:53","date_gmt":"2025-08-28T09:56:53","guid":{"rendered":"https:\/\/roveyayinevi.com.tr\/index.php\/urun\/aile-dizimi-oykuleri-1-abadha\/"},"modified":"2025-12-30T11:35:43","modified_gmt":"2025-12-30T08:35:43","slug":"aile-dizimi-oykuleri-1-abadha","status":"publish","type":"product","link":"https:\/\/roveyayinevi.com.tr\/index.php\/urun\/aile-dizimi-oykuleri-1-abadha\/","title":{"rendered":"Aile Dizimi \u00d6yk\u00fcleri-1 Abadha"},"content":{"rendered":"<p>\u2018\u2018Ya\u015fam zor bir yerdi benim i\u00e7in. Tutunmak, kalmak, ait olmak \u00e7ok\u00e7a emek istiyordu. Herkesin kolayl\u0131kla yapabildi\u011fini d\u00fc\u015f\u00fcnd\u00fc\u011f\u00fcm \u015fey benim i\u00e7in neden b\u00f6ylesi zordu bilmiyorum ama bildi\u011fim en ger\u00e7ek \u015fey kocaman bir ayr\u0131k otu oldu\u011fumdu! Uyumlanmak gerekiyordu hayata bir an evvel. Ac\u0131lar\u0131m beni bir s\u00fcr\u00fc adrese s\u00fcr\u00fckledi. Bolca konu\u015ftu\u011fum, a\u011flad\u0131\u011f\u0131m, hat\u0131rlad\u0131\u011f\u0131m, kayboldu\u011fum anlar oldu o adreslerde. Hepsine \u015f\u00fckran doluyum. Ama bir adres var ki\u2026 O adres beni ilk anda \u00e2\u015f\u0131k etti kendine. \u0130ki binli y\u0131llar\u0131n ba\u015f\u0131nda tan\u0131\u015ft\u0131\u011f\u0131m ve o g\u00fcnden bug\u00fcne dek a\u015fk\u0131m\u0131n hi\u00e7 azalmad\u0131\u011f\u0131 bilakis artt\u0131\u011f\u0131 bir adres: A\u0130LE D\u0130Z\u0130M\u0130\u2019\u2019Ya\u015famda bizi zorlayan bir\u00e7ok durum bizimle ilgili gibi g\u00f6r\u00fcnse de fark edemedi\u011fimiz \u015fey; bunlar\u0131n k\u00f6klerinin daha derin oldu\u011fudur. Duygular\u0131m\u0131z\u0131n k\u00f6kenine inebilmek i\u00e7in i\u00e7 sesimize kulak vermemiz gerekir. Bu ses bizi farkl\u0131 notalara farkl\u0131 insanlara farkl\u0131 zamanlara ve farkl\u0131 alemlere g\u00f6t\u00fcr\u00fcr. \u0130\u015fte tam da bu noktada milad\u0131 daha \u00f6ncelere dayanan, sizden \u00e7ok \u00f6nceyaz\u0131lmaya ba\u015flanm\u0131\u015f bir hik\u00e2yenin i\u00e7inde bulabilirsiniz kendinizi. Bizi h\u00fcz\u00fcnlendiren, \u00f6fkelendiren, bo\u015flu\u011fa d\u00fc\u015f\u00fcren ne varsa ge\u00e7mi\u015fe ve bug\u00fcne dair bir bir seriliverir \u00f6n\u00fcm\u00fcze Aile Dizimi ile. Psikoterapist Bert Hellinger, bu durumu \u00e7ok g\u00fczel ifade eder, \u201cDizim bizi g\u00f6r\u00fcne nin \u00f6tesine ge\u00e7irir.\u201dE\u011fitimci\/Aile Dizimi Uygulay\u0131c\u0131s\u0131 Abadha Eda Kara\u00f6z\u2019\u00fcn kaleminden \u00e7\u0131kan insan hikayeleri sizleri bamba\u015fka bir ser\u00fcvene davet ediyor. Bu eser ile sizi esir eden ge\u00e7mi\u015f ya\u015fam senaryolar\u0131n\u0131 hem duyabilecek hem de onlara sesinizi duyurabileceksiniz. Bu ad\u0131m size kendi ya\u015fam senaryonuzu yeniden yazma \u015fans\u0131 verecek. Haz\u0131rsan\u0131z ba\u015flayal\u0131m m\u0131?<\/p>\n","protected":false},"excerpt":{"rendered":"<p>\u2018\u2018Ya\u015fam zor bir yerdi benim i\u00e7in. Tutunmak, kalmak, ait olmak \u00e7ok\u00e7a emek istiyordu. Herkesin kolayl\u0131kla yapabildi\u011fini d\u00fc\u015f\u00fcnd\u00fc\u011f\u00fcm \u015fey benim i\u00e7in neden b\u00f6ylesi zordu bilmiyorum ama bildi\u011fim<span class=\"excerpt-hellip\"> [\u2026]<\/span><\/p>\n","protected":false},"featured_media":0,"template":"","meta":{"_monsterinsights_skip_tracking":false,"_monsterinsights_sitenote_active":false,"_monsterinsights_sitenote_note":"","_monsterinsights_sitenote_category":0},"product_brand":[],"product_cat":[12364,12376],"product_tag":[],"class_list":{"0":"post-767715","1":"product","2":"type-product","3":"status-publish","5":"product_cat-genel-konular","6":"product_cat-kisisel-gelisim","7":"pa_cilt-ciltsiz","8":"pa_tur-kitap","9":"pa_yayinevi-gulnar-yayinlari","10":"pa_yazar-eda-karaoz","12":"first","13":"instock","14":"sale","15":"shipping-taxable","16":"purchasable","17":"product-type-simple"},"_links":{"self":[{"href":"https:\/\/roveyayinevi.com.tr\/index.php\/wp-json\/wp\/v2\/product\/767715","targetHints":{"allow":["GET"]}}],"collection":[{"href":"https:\/\/roveyayinevi.com.tr\/index.php\/wp-json\/wp\/v2\/product"}],"about":[{"href":"https:\/\/roveyayinevi.com.tr\/index.php\/wp-json\/wp\/v2\/types\/product"}],"wp:attachment":[{"href":"https:\/\/roveyayinevi.com.tr\/index.php\/wp-json\/wp\/v2\/media?parent=767715"}],"wp:term":[{"taxonomy":"product_brand","embeddable":true,"href":"https:\/\/roveyayinevi.com.tr\/index.php\/wp-json\/wp\/v2\/product_brand?post=767715"},{"taxonomy":"product_cat","embeddable":true,"href":"https:\/\/roveyayinevi.com.tr\/index.php\/wp-json\/wp\/v2\/product_cat?post=767715"},{"taxonomy":"product_tag","embeddable":true,"href":"https:\/\/roveyayinevi.com.tr\/index.php\/wp-json\/wp\/v2\/product_tag?post=767715"}],"curies":[{"name":"wp","href":"https:\/\/api.w.org\/{rel}","templated":true}]}}