{"id":767713,"date":"2025-08-28T12:56:49","date_gmt":"2025-08-28T09:56:49","guid":{"rendered":"https:\/\/roveyayinevi.com.tr\/index.php\/urun\/7-renkli-gezegen\/"},"modified":"2026-04-15T03:33:30","modified_gmt":"2026-04-15T00:33:30","slug":"7-renkli-gezegen","status":"publish","type":"product","link":"https:\/\/roveyayinevi.com.tr\/index.php\/urun\/7-renkli-gezegen\/","title":{"rendered":"7 Renkli Gezegen"},"content":{"rendered":"<p>O gece yedi renkli gezegende siren sesleri duyulmaktayd\u0131. Kesik kesik \u00e7alan sirenler tehlikeyi haber vermekteydi. \u0130stiridye halk\u0131n\u0131n evlerinin \u00fcst\u00fc \u00e7elik bir kubbeyle kapat\u0131ld\u0131. Art\u0131k d\u0131\u015far\u0131dan i\u00e7eriye giri\u015fler sa\u011flanamayacakt\u0131. Peki, kimdi bu \u00fclkenin i\u00e7ine girmeye \u00e7al\u0131\u015fanlar? Ramsoy acil bir haberle yan\u0131m\u0131za geldi. Y\u00fcz\u00fc solgundu ve endi\u015feli g\u00f6r\u00fcn\u00fcyordu. Bize bir \u015feyleri anlatman\u0131n zaman\u0131 geldi\u011finden bahsetti. Ne yapaca\u011f\u0131m\u0131z\u0131 hepimiz merak ediyorduk. Kurulun toplanmas\u0131n\u0131 bekledik. Ya\u015fl\u0131lardan olu\u015fan \u0130stiridye halk\u0131n\u0131n \u0130htiyarlar Kurulu toplanm\u0131\u015ft\u0131. S\u00f6ze ba\u015flamadan \u00f6nce hepimizi selamlad\u0131. \u201cYedi Renkli Gezegen az \u00f6nce Lebetler taraf\u0131ndan tekrar sald\u0131r\u0131ya u\u011frad\u0131. Haz\u0131rl\u0131klara ba\u015flamal\u0131y\u0131z.\u201d \u201cLebetler de Yedi Renkli Gezegen\u2019de ya\u015fam\u0131yorlar m\u0131?\u201d \u201cYedi Renkli Gezegen; \u00fc\u00e7 b\u00f6l\u00fcm halinde. Buras\u0131 bozulmadan kalan k\u0131s\u0131m yani \u0130stiridye halk\u0131n\u0131n ya\u015fad\u0131\u011f\u0131 yer ve sizi kar\u015f\u0131lad\u0131\u011f\u0131m\u0131z asit diyar\u0131 var. Orada ise ya\u015fayabilen \u00e7ok az canl\u0131 kald\u0131. Ve son b\u00f6l\u00fcm de kral ile Lebetlerin ya\u015fad\u0131\u011f\u0131 karanl\u0131k b\u00f6l\u00fcm. Oran\u0131n ismi ise Lubunya. Yani k\u00f6t\u00fcl\u00fck diyar\u0131\u2026\u201d \u201cBiz oraya hen\u00fcz gitmedik.\u201d \u201cEvet, gitmedik!\u201d <\/p>\n","protected":false},"excerpt":{"rendered":"<p>O gece yedi renkli gezegende siren sesleri duyulmaktayd\u0131. Kesik kesik \u00e7alan sirenler tehlikeyi haber vermekteydi. \u0130stiridye halk\u0131n\u0131n evlerinin \u00fcst\u00fc \u00e7elik bir kubbeyle kapat\u0131ld\u0131. Art\u0131k d\u0131\u015far\u0131dan i\u00e7eriye<span class=\"excerpt-hellip\"> [\u2026]<\/span><\/p>\n","protected":false},"featured_media":0,"template":"","meta":{"_monsterinsights_skip_tracking":false,"_monsterinsights_sitenote_active":false,"_monsterinsights_sitenote_note":"","_monsterinsights_sitenote_category":0},"product_brand":[],"product_cat":[12291,14777],"product_tag":[],"class_list":{"0":"post-767713","1":"product","2":"type-product","3":"status-publish","5":"product_cat-edebiyat","6":"product_cat-fantastik","7":"pa_cilt-ciltsiz","8":"pa_tur-kitap","9":"pa_yayinevi-anonim-yayincilik","10":"pa_yazar-mustafa-sabri-beser","12":"first","13":"instock","14":"sale","15":"shipping-taxable","16":"purchasable","17":"product-type-simple"},"_links":{"self":[{"href":"https:\/\/roveyayinevi.com.tr\/index.php\/wp-json\/wp\/v2\/product\/767713","targetHints":{"allow":["GET"]}}],"collection":[{"href":"https:\/\/roveyayinevi.com.tr\/index.php\/wp-json\/wp\/v2\/product"}],"about":[{"href":"https:\/\/roveyayinevi.com.tr\/index.php\/wp-json\/wp\/v2\/types\/product"}],"wp:attachment":[{"href":"https:\/\/roveyayinevi.com.tr\/index.php\/wp-json\/wp\/v2\/media?parent=767713"}],"wp:term":[{"taxonomy":"product_brand","embeddable":true,"href":"https:\/\/roveyayinevi.com.tr\/index.php\/wp-json\/wp\/v2\/product_brand?post=767713"},{"taxonomy":"product_cat","embeddable":true,"href":"https:\/\/roveyayinevi.com.tr\/index.php\/wp-json\/wp\/v2\/product_cat?post=767713"},{"taxonomy":"product_tag","embeddable":true,"href":"https:\/\/roveyayinevi.com.tr\/index.php\/wp-json\/wp\/v2\/product_tag?post=767713"}],"curies":[{"name":"wp","href":"https:\/\/api.w.org\/{rel}","templated":true}]}}