{"id":767710,"date":"2025-08-28T12:56:45","date_gmt":"2025-08-28T09:56:45","guid":{"rendered":"https:\/\/roveyayinevi.com.tr\/index.php\/urun\/harf-sudoku\/"},"modified":"2026-04-15T03:33:30","modified_gmt":"2026-04-15T00:33:30","slug":"harf-sudoku","status":"publish","type":"product","link":"https:\/\/roveyayinevi.com.tr\/index.php\/urun\/harf-sudoku\/","title":{"rendered":"Harf Sudoku"},"content":{"rendered":"<p>Sudoku, her ya\u015ftan insan\u0131n kolayca \u00f6\u011frenebilece\u011fi bir oyundur. Japonya\u2019dan \u00e7\u0131kan oyun, Japonca \u201csuuji wa dokushin ni kagiru\u201d (say\u0131lar tek olmal\u0131) kelimelerinin birle\u015fiminden \u201csudoku\u201d tabirini alm\u0131\u015ft\u0131r. Rakam yerle\u015ftirme \u015feklinde anla\u015f\u0131labilecek bir bulmaca t\u00fcr\u00fcd\u00fcr. Biz bu kitapta rakamlar yerine harfleri kullanarak bir nevi \u00e7ok keyif alaca\u011f\u0131n\u0131z \u201cHarf Sudoku 9&#215;9\u201d bulmacas\u0131n\u0131 haz\u0131rlad\u0131k. Harf Sudoku, standart bi\u00e7imde olu\u015fturulan 9\u00d79 boyutlar\u0131nda bir grafik \u00fczerinde \u00e7\u00f6z\u00fclen ve her sat\u0131rda, her s\u00fctunda ve 3\u00d73 boyutluk her karede A,B,C,D,E,F,G,H,K harflerinin birer kez yer almas\u0131 gerekti\u011fi temeline dayanan zeka oyununa verilen add\u0131r.<\/p>\n","protected":false},"excerpt":{"rendered":"<p>Sudoku, her ya\u015ftan insan\u0131n kolayca \u00f6\u011frenebilece\u011fi bir oyundur. Japonya\u2019dan \u00e7\u0131kan oyun, Japonca \u201csuuji wa dokushin ni kagiru\u201d (say\u0131lar tek olmal\u0131) kelimelerinin birle\u015fiminden \u201csudoku\u201d tabirini alm\u0131\u015ft\u0131r. Rakam<span class=\"excerpt-hellip\"> [\u2026]<\/span><\/p>\n","protected":false},"featured_media":0,"template":"","meta":{"_monsterinsights_skip_tracking":false,"_monsterinsights_sitenote_active":false,"_monsterinsights_sitenote_note":"","_monsterinsights_sitenote_category":0},"product_brand":[],"product_cat":[16943,15563],"product_tag":[],"class_list":{"0":"post-767710","1":"product","2":"type-product","3":"status-publish","5":"product_cat-bilmeceler-bulmacalar","6":"product_cat-hobi","7":"pa_cilt-ciltsiz","8":"pa_tur-kitap","9":"pa_yayinevi-teleskop-populer-bilim","10":"pa_yazar-hakan-kayar","12":"first","13":"instock","14":"sale","15":"shipping-taxable","16":"purchasable","17":"product-type-simple"},"_links":{"self":[{"href":"https:\/\/roveyayinevi.com.tr\/index.php\/wp-json\/wp\/v2\/product\/767710","targetHints":{"allow":["GET"]}}],"collection":[{"href":"https:\/\/roveyayinevi.com.tr\/index.php\/wp-json\/wp\/v2\/product"}],"about":[{"href":"https:\/\/roveyayinevi.com.tr\/index.php\/wp-json\/wp\/v2\/types\/product"}],"wp:attachment":[{"href":"https:\/\/roveyayinevi.com.tr\/index.php\/wp-json\/wp\/v2\/media?parent=767710"}],"wp:term":[{"taxonomy":"product_brand","embeddable":true,"href":"https:\/\/roveyayinevi.com.tr\/index.php\/wp-json\/wp\/v2\/product_brand?post=767710"},{"taxonomy":"product_cat","embeddable":true,"href":"https:\/\/roveyayinevi.com.tr\/index.php\/wp-json\/wp\/v2\/product_cat?post=767710"},{"taxonomy":"product_tag","embeddable":true,"href":"https:\/\/roveyayinevi.com.tr\/index.php\/wp-json\/wp\/v2\/product_tag?post=767710"}],"curies":[{"name":"wp","href":"https:\/\/api.w.org\/{rel}","templated":true}]}}