{"id":767708,"date":"2025-08-28T12:56:41","date_gmt":"2025-08-28T09:56:41","guid":{"rendered":"https:\/\/roveyayinevi.com.tr\/index.php\/urun\/kocakafa-nate-8-mutluluktan-ucuyor\/"},"modified":"2026-04-15T03:33:30","modified_gmt":"2026-04-15T00:33:30","slug":"kocakafa-nate-8-mutluluktan-ucuyor","status":"publish","type":"product","link":"https:\/\/roveyayinevi.com.tr\/index.php\/urun\/kocakafa-nate-8-mutluluktan-ucuyor\/","title":{"rendered":"Kocakafa Nate &#8211; 8 Mutluluktan U\u00e7uyor"},"content":{"rendered":"<p>Nate yeni arkada\u015f\u0131 Ruby\u2019den ho\u015flanmaya ba\u015flam\u0131\u015ft\u0131r. Ancak Randy Betancourt\u2019la kap\u0131\u015fmas\u0131 okul gazetesinde man\u015fetlere \u00e7\u0131k\u0131nca ceza almaktan \u00c7OK DAHA k\u00f6t\u00fc bir sorunla kar\u015f\u0131la\u015f\u0131r! Acaba Nate her \u015feyi yoluna koyabilecek miydi? Her sene yap\u0131lan \u00c7amur Ma\u00e7\u0131\u2019n\u0131 kazanacaklar m\u0131yd\u0131?.. Yoksa hezimete mi u\u011frayacaklard\u0131? Saftirik Greg\u2019in G\u00fcnl\u00fc\u011f\u00fc hayranlar\u0131! Kocakafa Nate\u2019le, yani s\u0131n\u0131f\u0131n en haval\u0131 \u00e7ocu\u011fuyla tan\u0131\u015f\u0131n. Yaln\u0131z, \u00f6\u011fretmenlerin g\u00f6zdesi olmad\u0131\u011f\u0131 kesin! S\u0130ZDE KOCAKAFA NATE\u2019\u0130N T\u00dcM K\u0130TAPLARI VAR MI?<\/p>\n","protected":false},"excerpt":{"rendered":"<p>Nate yeni arkada\u015f\u0131 Ruby\u2019den ho\u015flanmaya ba\u015flam\u0131\u015ft\u0131r. Ancak Randy Betancourt\u2019la kap\u0131\u015fmas\u0131 okul gazetesinde man\u015fetlere \u00e7\u0131k\u0131nca ceza almaktan \u00c7OK DAHA k\u00f6t\u00fc bir sorunla kar\u015f\u0131la\u015f\u0131r! Acaba Nate her \u015feyi<span class=\"excerpt-hellip\"> [\u2026]<\/span><\/p>\n","protected":false},"featured_media":0,"template":"","meta":{"_monsterinsights_skip_tracking":false,"_monsterinsights_sitenote_active":false,"_monsterinsights_sitenote_note":"","_monsterinsights_sitenote_category":0},"product_brand":[],"product_cat":[12689,12274],"product_tag":[],"class_list":{"0":"post-767708","1":"product","2":"type-product","3":"status-publish","5":"product_cat-cizgi-roman-cocuk-ve-genclik-kitaplari","6":"product_cat-cocuk-ve-genclik-kitaplari","7":"pa_cilt-ciltsiz","8":"pa_tur-kitap","9":"pa_yayinevi-altin-kitaplar-cocuk-kitaplari","10":"pa_yazar-lincoln-peirce","12":"first","13":"instock","14":"sale","15":"shipping-taxable","16":"purchasable","17":"product-type-simple"},"_links":{"self":[{"href":"https:\/\/roveyayinevi.com.tr\/index.php\/wp-json\/wp\/v2\/product\/767708","targetHints":{"allow":["GET"]}}],"collection":[{"href":"https:\/\/roveyayinevi.com.tr\/index.php\/wp-json\/wp\/v2\/product"}],"about":[{"href":"https:\/\/roveyayinevi.com.tr\/index.php\/wp-json\/wp\/v2\/types\/product"}],"wp:attachment":[{"href":"https:\/\/roveyayinevi.com.tr\/index.php\/wp-json\/wp\/v2\/media?parent=767708"}],"wp:term":[{"taxonomy":"product_brand","embeddable":true,"href":"https:\/\/roveyayinevi.com.tr\/index.php\/wp-json\/wp\/v2\/product_brand?post=767708"},{"taxonomy":"product_cat","embeddable":true,"href":"https:\/\/roveyayinevi.com.tr\/index.php\/wp-json\/wp\/v2\/product_cat?post=767708"},{"taxonomy":"product_tag","embeddable":true,"href":"https:\/\/roveyayinevi.com.tr\/index.php\/wp-json\/wp\/v2\/product_tag?post=767708"}],"curies":[{"name":"wp","href":"https:\/\/api.w.org\/{rel}","templated":true}]}}