{"id":767706,"date":"2025-08-28T12:56:37","date_gmt":"2025-08-28T09:56:37","guid":{"rendered":"https:\/\/roveyayinevi.com.tr\/index.php\/urun\/kocakafa-nate-7-hayatini-yasiyor\/"},"modified":"2026-04-15T03:33:30","modified_gmt":"2026-04-15T00:33:30","slug":"kocakafa-nate-7-hayatini-yasiyor","status":"publish","type":"product","link":"https:\/\/roveyayinevi.com.tr\/index.php\/urun\/kocakafa-nate-7-hayatini-yasiyor\/","title":{"rendered":"Kocakafa Nate &#8211; 7 Hayat\u0131n\u0131 Ya\u015f\u0131yor"},"content":{"rendered":"<p>Yeni bir \u00f6\u011frenciyle dostluk kurmas\u0131 istendi\u011finde Nate buna hay\u0131r diyemez, ta ki yeni arkada\u015f\u0131yla TANI\u015eANA kadar. Nate bir e\u011flence d\u00fc\u015fman\u0131yla m\u0131 u\u011fra\u015fmak zorunda kalacak yoksa bu yeni dostu onun i\u00e7in hayat\u0131 bir e\u011flenceye mi d\u00f6n\u00fc\u015ft\u00fcrecek! Saftirik Greg hayranlar\u0131! Kocakafa Nate\u2019le tan\u0131\u015f\u0131n. Nam\u0131di\u011fer s\u0131n\u0131f palya\u00e7osu&#8230; Yaln\u0131z, \u00f6\u011fretmenlerin g\u00f6zdesi olmad\u0131\u011f\u0131 kesin! SIRADA \u201cKOCAKAFA NATE MUTLULUKTAN U\u00c7UYOR!\u201d VAR.<\/p>\n","protected":false},"excerpt":{"rendered":"<p>Yeni bir \u00f6\u011frenciyle dostluk kurmas\u0131 istendi\u011finde Nate buna hay\u0131r diyemez, ta ki yeni arkada\u015f\u0131yla TANI\u015eANA kadar. Nate bir e\u011flence d\u00fc\u015fman\u0131yla m\u0131 u\u011fra\u015fmak zorunda kalacak yoksa bu<span class=\"excerpt-hellip\"> [\u2026]<\/span><\/p>\n","protected":false},"featured_media":0,"template":"","meta":{"_monsterinsights_skip_tracking":false,"_monsterinsights_sitenote_active":false,"_monsterinsights_sitenote_note":"","_monsterinsights_sitenote_category":0},"product_brand":[],"product_cat":[12689,12274],"product_tag":[],"class_list":{"0":"post-767706","1":"product","2":"type-product","3":"status-publish","5":"product_cat-cizgi-roman-cocuk-ve-genclik-kitaplari","6":"product_cat-cocuk-ve-genclik-kitaplari","7":"pa_cilt-ciltsiz","8":"pa_tur-kitap","9":"pa_yayinevi-altin-kitaplar-cocuk-kitaplari","10":"pa_yazar-lincoln-peirce","12":"first","13":"instock","14":"sale","15":"shipping-taxable","16":"purchasable","17":"product-type-simple"},"_links":{"self":[{"href":"https:\/\/roveyayinevi.com.tr\/index.php\/wp-json\/wp\/v2\/product\/767706","targetHints":{"allow":["GET"]}}],"collection":[{"href":"https:\/\/roveyayinevi.com.tr\/index.php\/wp-json\/wp\/v2\/product"}],"about":[{"href":"https:\/\/roveyayinevi.com.tr\/index.php\/wp-json\/wp\/v2\/types\/product"}],"wp:attachment":[{"href":"https:\/\/roveyayinevi.com.tr\/index.php\/wp-json\/wp\/v2\/media?parent=767706"}],"wp:term":[{"taxonomy":"product_brand","embeddable":true,"href":"https:\/\/roveyayinevi.com.tr\/index.php\/wp-json\/wp\/v2\/product_brand?post=767706"},{"taxonomy":"product_cat","embeddable":true,"href":"https:\/\/roveyayinevi.com.tr\/index.php\/wp-json\/wp\/v2\/product_cat?post=767706"},{"taxonomy":"product_tag","embeddable":true,"href":"https:\/\/roveyayinevi.com.tr\/index.php\/wp-json\/wp\/v2\/product_tag?post=767706"}],"curies":[{"name":"wp","href":"https:\/\/api.w.org\/{rel}","templated":true}]}}