{"id":767705,"date":"2025-08-28T12:56:35","date_gmt":"2025-08-28T09:56:35","guid":{"rendered":"https:\/\/roveyayinevi.com.tr\/index.php\/urun\/kocakafa-nate-6-tam-havasinda\/"},"modified":"2026-04-15T03:33:30","modified_gmt":"2026-04-15T00:33:30","slug":"kocakafa-nate-6-tam-havasinda","status":"publish","type":"product","link":"https:\/\/roveyayinevi.com.tr\/index.php\/urun\/kocakafa-nate-6-tam-havasinda\/","title":{"rendered":"Kocakafa Nate &#8211; 6 Tam Havas\u0131nda"},"content":{"rendered":"<p>Nate bundan daha \u015fanss\u0131z olamazd\u0131&#8230; Ama sonra talihi d\u00f6nd\u00fc. Birden tek bir hata bile yapmamaya ba\u015flad\u0131! Ama neden! Hem bu b\u00f6yle ne kadar s\u00fcrecekti! Saftirik Greg hayranlar\u0131! Kocakafa Nate\u2019le tan\u0131\u015f\u0131n. Nam\u0131di\u011fer Rock\u00e7\u0131 asi&#8230; Yaln\u0131z, \u00f6\u011fretmenlerin g\u00f6zdesi olmad\u0131\u011f\u0131 kesin! SIRADA \u201cKOCAKAFA NATE HAYATINI YA\u015eIYOR\u201d VAR.<\/p>\n","protected":false},"excerpt":{"rendered":"<p>Nate bundan daha \u015fanss\u0131z olamazd\u0131&#8230; Ama sonra talihi d\u00f6nd\u00fc. Birden tek bir hata bile yapmamaya ba\u015flad\u0131! Ama neden! Hem bu b\u00f6yle ne kadar s\u00fcrecekti! Saftirik Greg<span class=\"excerpt-hellip\"> [\u2026]<\/span><\/p>\n","protected":false},"featured_media":0,"template":"","meta":{"_monsterinsights_skip_tracking":false,"_monsterinsights_sitenote_active":false,"_monsterinsights_sitenote_note":"","_monsterinsights_sitenote_category":0},"product_brand":[],"product_cat":[12689,12274],"product_tag":[],"class_list":{"0":"post-767705","1":"product","2":"type-product","3":"status-publish","5":"product_cat-cizgi-roman-cocuk-ve-genclik-kitaplari","6":"product_cat-cocuk-ve-genclik-kitaplari","7":"pa_cilt-ciltsiz","8":"pa_tur-kitap","9":"pa_yayinevi-altin-kitaplar-cocuk-kitaplari","10":"pa_yazar-lincoln-peirce","12":"first","13":"instock","14":"sale","15":"shipping-taxable","16":"purchasable","17":"product-type-simple"},"_links":{"self":[{"href":"https:\/\/roveyayinevi.com.tr\/index.php\/wp-json\/wp\/v2\/product\/767705","targetHints":{"allow":["GET"]}}],"collection":[{"href":"https:\/\/roveyayinevi.com.tr\/index.php\/wp-json\/wp\/v2\/product"}],"about":[{"href":"https:\/\/roveyayinevi.com.tr\/index.php\/wp-json\/wp\/v2\/types\/product"}],"wp:attachment":[{"href":"https:\/\/roveyayinevi.com.tr\/index.php\/wp-json\/wp\/v2\/media?parent=767705"}],"wp:term":[{"taxonomy":"product_brand","embeddable":true,"href":"https:\/\/roveyayinevi.com.tr\/index.php\/wp-json\/wp\/v2\/product_brand?post=767705"},{"taxonomy":"product_cat","embeddable":true,"href":"https:\/\/roveyayinevi.com.tr\/index.php\/wp-json\/wp\/v2\/product_cat?post=767705"},{"taxonomy":"product_tag","embeddable":true,"href":"https:\/\/roveyayinevi.com.tr\/index.php\/wp-json\/wp\/v2\/product_tag?post=767705"}],"curies":[{"name":"wp","href":"https:\/\/api.w.org\/{rel}","templated":true}]}}