{"id":767704,"date":"2025-08-28T12:56:32","date_gmt":"2025-08-28T09:56:32","guid":{"rendered":"https:\/\/roveyayinevi.com.tr\/index.php\/urun\/kocakafa-nate-5-zivanadan-cikiyor\/"},"modified":"2026-04-15T03:33:30","modified_gmt":"2026-04-15T00:33:30","slug":"kocakafa-nate-5-zivanadan-cikiyor","status":"publish","type":"product","link":"https:\/\/roveyayinevi.com.tr\/index.php\/urun\/kocakafa-nate-5-zivanadan-cikiyor\/","title":{"rendered":"Kocakafa Nate &#8211; 5 Z\u0131vanadan \u00c7\u0131k\u0131yor"},"content":{"rendered":"<p>Herkes NATE\u2019in DA\u011eINIK ve PASAKLIn\u0131n teki oldu\u011funu bilir! Bu y\u00fczden g\u00fcn\u00fcn birinde en yak\u0131n arkada\u015f\u0131 Francis\u2019in ba\u015f\u0131n\u0131 derde sokar, tabii kendisininkini de. Nate kendine \u00e7ekid\u00fczen verebilecek mi yoksa z\u0131vanadan m\u0131 \u00e7\u0131kacak? Saftirik Greg hayranlar\u0131! Kocakafa Nate\u2019le tan\u0131\u015f\u0131n. Nam\u0131di\u011fer s\u0131n\u0131f palya\u00e7osu&#8230; Yaln\u0131z, \u00f6\u011fretmenlerin g\u00f6zdesi olmad\u0131\u011f\u0131 kesin! SIRADA \u201cKOCAKAFA NATE TAM HAVASINDA\u201d VAR.<\/p>\n","protected":false},"excerpt":{"rendered":"<p>Herkes NATE\u2019in DA\u011eINIK ve PASAKLIn\u0131n teki oldu\u011funu bilir! Bu y\u00fczden g\u00fcn\u00fcn birinde en yak\u0131n arkada\u015f\u0131 Francis\u2019in ba\u015f\u0131n\u0131 derde sokar, tabii kendisininkini de. Nate kendine \u00e7ekid\u00fczen verebilecek<span class=\"excerpt-hellip\"> [\u2026]<\/span><\/p>\n","protected":false},"featured_media":0,"template":"","meta":{"_monsterinsights_skip_tracking":false,"_monsterinsights_sitenote_active":false,"_monsterinsights_sitenote_note":"","_monsterinsights_sitenote_category":0},"product_brand":[],"product_cat":[12689,12274],"product_tag":[],"class_list":{"0":"post-767704","1":"product","2":"type-product","3":"status-publish","5":"product_cat-cizgi-roman-cocuk-ve-genclik-kitaplari","6":"product_cat-cocuk-ve-genclik-kitaplari","7":"pa_cilt-ciltsiz","8":"pa_tur-kitap","9":"pa_yayinevi-altin-kitaplar-cocuk-kitaplari","10":"pa_yazar-lincoln-peirce","12":"first","13":"instock","14":"sale","15":"shipping-taxable","16":"purchasable","17":"product-type-simple"},"_links":{"self":[{"href":"https:\/\/roveyayinevi.com.tr\/index.php\/wp-json\/wp\/v2\/product\/767704","targetHints":{"allow":["GET"]}}],"collection":[{"href":"https:\/\/roveyayinevi.com.tr\/index.php\/wp-json\/wp\/v2\/product"}],"about":[{"href":"https:\/\/roveyayinevi.com.tr\/index.php\/wp-json\/wp\/v2\/types\/product"}],"wp:attachment":[{"href":"https:\/\/roveyayinevi.com.tr\/index.php\/wp-json\/wp\/v2\/media?parent=767704"}],"wp:term":[{"taxonomy":"product_brand","embeddable":true,"href":"https:\/\/roveyayinevi.com.tr\/index.php\/wp-json\/wp\/v2\/product_brand?post=767704"},{"taxonomy":"product_cat","embeddable":true,"href":"https:\/\/roveyayinevi.com.tr\/index.php\/wp-json\/wp\/v2\/product_cat?post=767704"},{"taxonomy":"product_tag","embeddable":true,"href":"https:\/\/roveyayinevi.com.tr\/index.php\/wp-json\/wp\/v2\/product_tag?post=767704"}],"curies":[{"name":"wp","href":"https:\/\/api.w.org\/{rel}","templated":true}]}}