{"id":767703,"date":"2025-08-28T12:56:30","date_gmt":"2025-08-28T09:56:30","guid":{"rendered":"https:\/\/roveyayinevi.com.tr\/index.php\/urun\/kocakafa-nate-4-bes-parasiz\/"},"modified":"2026-04-15T03:33:30","modified_gmt":"2026-04-15T00:33:30","slug":"kocakafa-nate-4-bes-parasiz","status":"publish","type":"product","link":"https:\/\/roveyayinevi.com.tr\/index.php\/urun\/kocakafa-nate-4-bes-parasiz\/","title":{"rendered":"Kocakafa Nate &#8211; 4 Be\u015f Paras\u0131z"},"content":{"rendered":"<p>Bilindi\u011fi gibi, Jefferson Ortaokulu HEP kazanan taraft\u0131r. Sonunda Nate kahramanl\u0131\u011fa soyunmaya karar verir! Acaba Nate \u201cKardan Adam Yar\u0131\u015fmas\u0131\u201dnda sondan birinci mi olacak? Yoksa okullar\u0131 en b\u00fcy\u00fck zaferini mi kazanacak? Saftirik Greg hayranlar\u0131! Kocakafa Nate\u2019le tan\u0131\u015f\u0131n. Nam\u0131di\u011fer s\u0131n\u0131f palya\u00e7osu&#8230; Yaln\u0131z, \u00f6\u011fretmenlerin g\u00f6zdesi olmad\u0131\u011f\u0131 kesin! SIRADA \u201cKOCAKAFA NATE ZIVANADAN \u00c7IKIYOR!\u201d VAR.<\/p>\n","protected":false},"excerpt":{"rendered":"<p>Bilindi\u011fi gibi, Jefferson Ortaokulu HEP kazanan taraft\u0131r. Sonunda Nate kahramanl\u0131\u011fa soyunmaya karar verir! Acaba Nate \u201cKardan Adam Yar\u0131\u015fmas\u0131\u201dnda sondan birinci mi olacak? Yoksa okullar\u0131 en b\u00fcy\u00fck<span class=\"excerpt-hellip\"> [\u2026]<\/span><\/p>\n","protected":false},"featured_media":0,"template":"","meta":{"_monsterinsights_skip_tracking":false,"_monsterinsights_sitenote_active":false,"_monsterinsights_sitenote_note":"","_monsterinsights_sitenote_category":0},"product_brand":[],"product_cat":[12689,12274],"product_tag":[],"class_list":{"0":"post-767703","1":"product","2":"type-product","3":"status-publish","5":"product_cat-cizgi-roman-cocuk-ve-genclik-kitaplari","6":"product_cat-cocuk-ve-genclik-kitaplari","7":"pa_cilt-ciltsiz","8":"pa_tur-kitap","9":"pa_yayinevi-altin-kitaplar-cocuk-kitaplari","10":"pa_yazar-lincoln-peirce","12":"first","13":"instock","14":"sale","15":"shipping-taxable","16":"purchasable","17":"product-type-simple"},"_links":{"self":[{"href":"https:\/\/roveyayinevi.com.tr\/index.php\/wp-json\/wp\/v2\/product\/767703","targetHints":{"allow":["GET"]}}],"collection":[{"href":"https:\/\/roveyayinevi.com.tr\/index.php\/wp-json\/wp\/v2\/product"}],"about":[{"href":"https:\/\/roveyayinevi.com.tr\/index.php\/wp-json\/wp\/v2\/types\/product"}],"wp:attachment":[{"href":"https:\/\/roveyayinevi.com.tr\/index.php\/wp-json\/wp\/v2\/media?parent=767703"}],"wp:term":[{"taxonomy":"product_brand","embeddable":true,"href":"https:\/\/roveyayinevi.com.tr\/index.php\/wp-json\/wp\/v2\/product_brand?post=767703"},{"taxonomy":"product_cat","embeddable":true,"href":"https:\/\/roveyayinevi.com.tr\/index.php\/wp-json\/wp\/v2\/product_cat?post=767703"},{"taxonomy":"product_tag","embeddable":true,"href":"https:\/\/roveyayinevi.com.tr\/index.php\/wp-json\/wp\/v2\/product_tag?post=767703"}],"curies":[{"name":"wp","href":"https:\/\/api.w.org\/{rel}","templated":true}]}}