{"id":767702,"date":"2025-08-28T12:56:27","date_gmt":"2025-08-28T09:56:27","guid":{"rendered":"https:\/\/roveyayinevi.com.tr\/index.php\/urun\/sanci-2\/"},"modified":"2026-04-15T03:33:30","modified_gmt":"2026-04-15T00:33:30","slug":"sanci-2","status":"publish","type":"product","link":"https:\/\/roveyayinevi.com.tr\/index.php\/urun\/sanci-2\/","title":{"rendered":"Sanc\u0131"},"content":{"rendered":"<p>&#8220;\u015eiir, ya\u015fam yolculu\u011funun gamzesi, \u00f6zg\u00fcnl\u00fc\u011f\u00fcn ve \u00f6zg\u00fcrl\u00fc\u011f\u00fcn sakl\u0131 kap\u0131s\u0131d\u0131r.&#8221; \u2014 Zeynep Erdo\u011fan   Uzun y\u0131llard\u0131r \u015fiir yazan Zeynep Erdo\u011fan, bu s\u00fcre\u00e7te Yarat\u0131c\u0131 Yazarl\u0131k e\u011fitimi alarak kalemini geli\u015ftirmi\u015ftir. \u00c7ocuk Geli\u015fimi ve Sa\u011fl\u0131k Kurumlar\u0131 \u0130\u015fletmecili\u011fi b\u00f6l\u00fcmlerinden mezun olan \u015fair, sa\u011fl\u0131k alan\u0131nda \u00e7al\u0131\u015fmaya devam etmektedir. Ayn\u0131 zamanda 2. Kademe Halk Oyunlar\u0131 Antren\u00f6r\u00fc ve \u0130\u015faret Dili Terc\u00fcman\u0131d\u0131r. Emel ve Emir\u2019in annesi olan Zeynep Erdo\u011fan, sanat\u0131n ve hayallerin izinde y\u00fcr\u00fcmeye devam etmektedir. <\/p>\n","protected":false},"excerpt":{"rendered":"<p>&#8220;\u015eiir, ya\u015fam yolculu\u011funun gamzesi, \u00f6zg\u00fcnl\u00fc\u011f\u00fcn ve \u00f6zg\u00fcrl\u00fc\u011f\u00fcn sakl\u0131 kap\u0131s\u0131d\u0131r.&#8221; \u2014 Zeynep Erdo\u011fan Uzun y\u0131llard\u0131r \u015fiir yazan Zeynep Erdo\u011fan, bu s\u00fcre\u00e7te Yarat\u0131c\u0131 Yazarl\u0131k e\u011fitimi alarak kalemini geli\u015ftirmi\u015ftir.<span class=\"excerpt-hellip\"> [\u2026]<\/span><\/p>\n","protected":false},"featured_media":0,"template":"","meta":{"_monsterinsights_skip_tracking":false,"_monsterinsights_sitenote_active":false,"_monsterinsights_sitenote_note":"","_monsterinsights_sitenote_category":0},"product_brand":[],"product_cat":[12291,12509],"product_tag":[],"class_list":{"0":"post-767702","1":"product","2":"type-product","3":"status-publish","5":"product_cat-edebiyat","6":"product_cat-siir","7":"pa_cilt-ciltsiz","8":"pa_tur-kitap","9":"pa_yayinevi-gulnar-yayinlari","10":"pa_yazar-zeynep-erdogan","12":"first","13":"instock","14":"sale","15":"shipping-taxable","16":"purchasable","17":"product-type-simple"},"_links":{"self":[{"href":"https:\/\/roveyayinevi.com.tr\/index.php\/wp-json\/wp\/v2\/product\/767702","targetHints":{"allow":["GET"]}}],"collection":[{"href":"https:\/\/roveyayinevi.com.tr\/index.php\/wp-json\/wp\/v2\/product"}],"about":[{"href":"https:\/\/roveyayinevi.com.tr\/index.php\/wp-json\/wp\/v2\/types\/product"}],"wp:attachment":[{"href":"https:\/\/roveyayinevi.com.tr\/index.php\/wp-json\/wp\/v2\/media?parent=767702"}],"wp:term":[{"taxonomy":"product_brand","embeddable":true,"href":"https:\/\/roveyayinevi.com.tr\/index.php\/wp-json\/wp\/v2\/product_brand?post=767702"},{"taxonomy":"product_cat","embeddable":true,"href":"https:\/\/roveyayinevi.com.tr\/index.php\/wp-json\/wp\/v2\/product_cat?post=767702"},{"taxonomy":"product_tag","embeddable":true,"href":"https:\/\/roveyayinevi.com.tr\/index.php\/wp-json\/wp\/v2\/product_tag?post=767702"}],"curies":[{"name":"wp","href":"https:\/\/api.w.org\/{rel}","templated":true}]}}