{"id":767701,"date":"2025-08-28T12:56:25","date_gmt":"2025-08-28T09:56:25","guid":{"rendered":"https:\/\/roveyayinevi.com.tr\/index.php\/urun\/kocakafa-nate-3-kampa-gidiyor\/"},"modified":"2026-04-15T03:33:30","modified_gmt":"2026-04-15T00:33:30","slug":"kocakafa-nate-3-kampa-gidiyor","status":"publish","type":"product","link":"https:\/\/roveyayinevi.com.tr\/index.php\/urun\/kocakafa-nate-3-kampa-gidiyor\/","title":{"rendered":"Kocakafa Nate &#8211; 3 Kampa Gidiyor"},"content":{"rendered":"<p>Nate izci oyma\u011f\u0131n\u0131n kral\u0131yd\u0131. Ta ki bir g\u00fcn, Artur yani Bay M\u00fckemmel de izci oyma\u011f\u0131na kat\u0131l\u0131ncaya kadar. Art\u0131k Nate taht\u0131ndan olmu\u015ftur, Artur\u2019un ise tac\u0131n\u0131 kimseye kapt\u0131rmaya niyeti yoktur. Kocakafa Nate b\u00fcy\u00fck \u00f6d\u00fcl\u00fc alabilecek mi? Yoksa ad\u0131 tarih sayfalar\u0131ndan m\u0131 silinecek? SAFT\u0130R\u0130K GREG\u2019\u0130N G\u00dcNL\u00dc\u011e\u00dc TUTKUNLARINA M\u00dcJDE! Bir sonraki kitab\u0131m\u0131z \u201dKOCAKAFA NATE BE\u015e PARASIZ\u201d olacak.<\/p>\n","protected":false},"excerpt":{"rendered":"<p>Nate izci oyma\u011f\u0131n\u0131n kral\u0131yd\u0131. Ta ki bir g\u00fcn, Artur yani Bay M\u00fckemmel de izci oyma\u011f\u0131na kat\u0131l\u0131ncaya kadar. Art\u0131k Nate taht\u0131ndan olmu\u015ftur, Artur\u2019un ise tac\u0131n\u0131 kimseye kapt\u0131rmaya<span class=\"excerpt-hellip\"> [\u2026]<\/span><\/p>\n","protected":false},"featured_media":0,"template":"","meta":{"_monsterinsights_skip_tracking":false,"_monsterinsights_sitenote_active":false,"_monsterinsights_sitenote_note":"","_monsterinsights_sitenote_category":0},"product_brand":[],"product_cat":[12689,12274],"product_tag":[],"class_list":{"0":"post-767701","1":"product","2":"type-product","3":"status-publish","5":"product_cat-cizgi-roman-cocuk-ve-genclik-kitaplari","6":"product_cat-cocuk-ve-genclik-kitaplari","7":"pa_cilt-ciltsiz","8":"pa_tur-kitap","9":"pa_yayinevi-altin-kitaplar-cocuk-kitaplari","10":"pa_yazar-lincoln-peirce","12":"first","13":"instock","14":"sale","15":"shipping-taxable","16":"purchasable","17":"product-type-simple"},"_links":{"self":[{"href":"https:\/\/roveyayinevi.com.tr\/index.php\/wp-json\/wp\/v2\/product\/767701","targetHints":{"allow":["GET"]}}],"collection":[{"href":"https:\/\/roveyayinevi.com.tr\/index.php\/wp-json\/wp\/v2\/product"}],"about":[{"href":"https:\/\/roveyayinevi.com.tr\/index.php\/wp-json\/wp\/v2\/types\/product"}],"wp:attachment":[{"href":"https:\/\/roveyayinevi.com.tr\/index.php\/wp-json\/wp\/v2\/media?parent=767701"}],"wp:term":[{"taxonomy":"product_brand","embeddable":true,"href":"https:\/\/roveyayinevi.com.tr\/index.php\/wp-json\/wp\/v2\/product_brand?post=767701"},{"taxonomy":"product_cat","embeddable":true,"href":"https:\/\/roveyayinevi.com.tr\/index.php\/wp-json\/wp\/v2\/product_cat?post=767701"},{"taxonomy":"product_tag","embeddable":true,"href":"https:\/\/roveyayinevi.com.tr\/index.php\/wp-json\/wp\/v2\/product_tag?post=767701"}],"curies":[{"name":"wp","href":"https:\/\/api.w.org\/{rel}","templated":true}]}}