{"id":767700,"date":"2025-08-28T12:56:23","date_gmt":"2025-08-28T09:56:23","guid":{"rendered":"https:\/\/roveyayinevi.com.tr\/index.php\/urun\/kocakafa-nate-2-tekrar-sahnede\/"},"modified":"2026-04-15T03:33:30","modified_gmt":"2026-04-15T00:33:30","slug":"kocakafa-nate-2-tekrar-sahnede","status":"publish","type":"product","link":"https:\/\/roveyayinevi.com.tr\/index.php\/urun\/kocakafa-nate-2-tekrar-sahnede\/","title":{"rendered":"Kocakafa Nate &#8211; 2 Tekrar Sahnede"},"content":{"rendered":"<p>Kocakafa Nate bu kez herkese nal toplatmaya kararl\u0131. Peki siz de ayn\u0131 fikirde misiniz? Bu pek de kolay olmayacak! \u00c7\u00fcnk\u00fc ba\u015f belas\u0131 Gina her \u015feyi berbat edebilir! Nate\u2019in bu kez ne yapaca\u011f\u0131 belli de\u011fil. Kazanabilir de kaybedebilir de&#8230; S\u0131n\u0131f\u0131 ge\u00e7ebilir de kalabilir de&#8230; Hatta belki yine ceza da alabilir. SAFT\u0130R\u0130K GREG HAYRANLARI! Haydi, \u00f6\u011fretmenlerin k\u00e2busu b\u00fcy\u00fck d\u00e2hi KOCAKAFA NATE ile tan\u0131\u015f\u0131n.<\/p>\n","protected":false},"excerpt":{"rendered":"<p>Kocakafa Nate bu kez herkese nal toplatmaya kararl\u0131. Peki siz de ayn\u0131 fikirde misiniz? Bu pek de kolay olmayacak! \u00c7\u00fcnk\u00fc ba\u015f belas\u0131 Gina her \u015feyi berbat<span class=\"excerpt-hellip\"> [\u2026]<\/span><\/p>\n","protected":false},"featured_media":0,"template":"","meta":{"_monsterinsights_skip_tracking":false,"_monsterinsights_sitenote_active":false,"_monsterinsights_sitenote_note":"","_monsterinsights_sitenote_category":0},"product_brand":[],"product_cat":[12689,12274],"product_tag":[],"class_list":{"0":"post-767700","1":"product","2":"type-product","3":"status-publish","5":"product_cat-cizgi-roman-cocuk-ve-genclik-kitaplari","6":"product_cat-cocuk-ve-genclik-kitaplari","7":"pa_cilt-ciltsiz","8":"pa_tur-kitap","9":"pa_yayinevi-altin-kitaplar-cocuk-kitaplari","10":"pa_yazar-lincoln-peirce","12":"first","13":"instock","14":"sale","15":"shipping-taxable","16":"purchasable","17":"product-type-simple"},"_links":{"self":[{"href":"https:\/\/roveyayinevi.com.tr\/index.php\/wp-json\/wp\/v2\/product\/767700","targetHints":{"allow":["GET"]}}],"collection":[{"href":"https:\/\/roveyayinevi.com.tr\/index.php\/wp-json\/wp\/v2\/product"}],"about":[{"href":"https:\/\/roveyayinevi.com.tr\/index.php\/wp-json\/wp\/v2\/types\/product"}],"wp:attachment":[{"href":"https:\/\/roveyayinevi.com.tr\/index.php\/wp-json\/wp\/v2\/media?parent=767700"}],"wp:term":[{"taxonomy":"product_brand","embeddable":true,"href":"https:\/\/roveyayinevi.com.tr\/index.php\/wp-json\/wp\/v2\/product_brand?post=767700"},{"taxonomy":"product_cat","embeddable":true,"href":"https:\/\/roveyayinevi.com.tr\/index.php\/wp-json\/wp\/v2\/product_cat?post=767700"},{"taxonomy":"product_tag","embeddable":true,"href":"https:\/\/roveyayinevi.com.tr\/index.php\/wp-json\/wp\/v2\/product_tag?post=767700"}],"curies":[{"name":"wp","href":"https:\/\/api.w.org\/{rel}","templated":true}]}}