{"id":767699,"date":"2025-08-28T12:56:21","date_gmt":"2025-08-28T09:56:21","guid":{"rendered":"https:\/\/roveyayinevi.com.tr\/index.php\/urun\/kocakafa-nate-1-sinifta-tek-basina\/"},"modified":"2026-04-15T03:33:30","modified_gmt":"2026-04-15T00:33:30","slug":"kocakafa-nate-1-sinifta-tek-basina","status":"publish","type":"product","link":"https:\/\/roveyayinevi.com.tr\/index.php\/urun\/kocakafa-nate-1-sinifta-tek-basina\/","title":{"rendered":"Kocakafa Nate &#8211; 1 S\u0131n\u0131fta Tek Ba\u015f\u0131na"},"content":{"rendered":"<p>Nate b\u00fcy\u00fck i\u015fler i\u00e7in yarat\u0131ld\u0131\u011f\u0131n\u0131 biliyor. Ger\u00e7ekten b\u00fcy\u00fck i\u015fler&#8230; Ama siz m\u00fcthi\u015f biri olsan\u0131z da hayat istedi\u011finiz gibi gitmeyebilir. Nate\u2019in ba\u015f\u0131 beladan kurtulmaz ama bu onu rahats\u0131z ediyor mu? Hay\u0131r, asla! O zaten b\u00fcy\u00fck bir adam oldu\u011funu biliyor. Nas\u0131l m\u0131? \u00c7ok basit. \u015eans kurabiyesi fal\u0131ndan. Saftirik Greg hayranlar\u0131na m\u00fcjde! Kocakafa Nate ile tan\u0131\u015fmaya haz\u0131rlan\u0131n.<\/p>\n","protected":false},"excerpt":{"rendered":"<p>Nate b\u00fcy\u00fck i\u015fler i\u00e7in yarat\u0131ld\u0131\u011f\u0131n\u0131 biliyor. Ger\u00e7ekten b\u00fcy\u00fck i\u015fler&#8230; Ama siz m\u00fcthi\u015f biri olsan\u0131z da hayat istedi\u011finiz gibi gitmeyebilir. Nate\u2019in ba\u015f\u0131 beladan kurtulmaz ama bu onu<span class=\"excerpt-hellip\"> [\u2026]<\/span><\/p>\n","protected":false},"featured_media":0,"template":"","meta":{"_monsterinsights_skip_tracking":false,"_monsterinsights_sitenote_active":false,"_monsterinsights_sitenote_note":"","_monsterinsights_sitenote_category":0},"product_brand":[],"product_cat":[12689,12274],"product_tag":[],"class_list":{"0":"post-767699","1":"product","2":"type-product","3":"status-publish","5":"product_cat-cizgi-roman-cocuk-ve-genclik-kitaplari","6":"product_cat-cocuk-ve-genclik-kitaplari","7":"pa_cilt-ciltsiz","8":"pa_tur-kitap","9":"pa_yayinevi-altin-kitaplar-cocuk-kitaplari","10":"pa_yazar-lincoln-peirce","12":"first","13":"instock","14":"sale","15":"shipping-taxable","16":"purchasable","17":"product-type-simple"},"_links":{"self":[{"href":"https:\/\/roveyayinevi.com.tr\/index.php\/wp-json\/wp\/v2\/product\/767699","targetHints":{"allow":["GET"]}}],"collection":[{"href":"https:\/\/roveyayinevi.com.tr\/index.php\/wp-json\/wp\/v2\/product"}],"about":[{"href":"https:\/\/roveyayinevi.com.tr\/index.php\/wp-json\/wp\/v2\/types\/product"}],"wp:attachment":[{"href":"https:\/\/roveyayinevi.com.tr\/index.php\/wp-json\/wp\/v2\/media?parent=767699"}],"wp:term":[{"taxonomy":"product_brand","embeddable":true,"href":"https:\/\/roveyayinevi.com.tr\/index.php\/wp-json\/wp\/v2\/product_brand?post=767699"},{"taxonomy":"product_cat","embeddable":true,"href":"https:\/\/roveyayinevi.com.tr\/index.php\/wp-json\/wp\/v2\/product_cat?post=767699"},{"taxonomy":"product_tag","embeddable":true,"href":"https:\/\/roveyayinevi.com.tr\/index.php\/wp-json\/wp\/v2\/product_tag?post=767699"}],"curies":[{"name":"wp","href":"https:\/\/api.w.org\/{rel}","templated":true}]}}